{"id":1372,"date":"2017-10-26T18:11:57","date_gmt":"2017-10-26T16:11:57","guid":{"rendered":"http:\/\/klubmamgdynia.pl\/index.php\/produkt\/happy-nappers-spiworek-fioletowy-jednorozec-fiona\/"},"modified":"2026-05-17T22:29:38","modified_gmt":"2026-05-17T20:29:38","slug":"happy-nappers-spiworek-fioletowy-jednorozec-fiona","status":"publish","type":"product","link":"http:\/\/klubmamgdynia.pl\/index.php\/produkt\/happy-nappers-spiworek-fioletowy-jednorozec-fiona\/","title":{"rendered":"Happy Nappers \u015apiworek Fioletowy Jednoro\u017cec Fiona"},"content":{"rendered":"<p>\u015apiworek od marki Happy Nappers, wykonany z wysokiej jako\u015bci, przyjemnego pluszu. Urocza, pluszowa poduszka z motywem jednoro\u017cca, kt\u00f3r\u0105 mo\u017cna przekszta\u0142ci\u0107 w fantastyczny \u015bpiw\u00f3r z zamkiem.<\/p>\n<h2>Happy Nappers \u015apiworek Fioletowy Jednoro\u017cec Fiona TM Toys<\/h2>\n<p>gabriela, zagadki dla dzieci 10-12 lat, imie nadia, ubieranki do druku, zagadka o wio\u015bnie<\/p>\n<p>yyyyy<\/p>\n<p>&nbsp;<\/p>\n","protected":false},"excerpt":{"rendered":"<p>\u015apiworek od marki Happy Nappers, wykonany z wysokiej jako\u015bci, przyjemnego pluszu. Urocza, pluszowa poduszka z motywem jednoro\u017cca, kt\u00f3r\u0105 mo\u017cna przekszta\u0142ci\u0107 w fantastyczny \u015bpiw\u00f3r z zamkiem. Happy Nappers \u015apiworek Fioletowy Jednoro\u017cec Fiona TM Toys gabriela, zagadki dla dzieci 10-12 lat, imie nadia, ubieranki do druku, zagadka o wio\u015bnie yyyyy &nbsp;<\/p>\n","protected":false},"featured_media":1373,"comment_status":"closed","ping_status":"open","template":"","meta":[],"product_cat":[395,145],"product_tag":[740,582,625],"class_list":["post-1372","product","type-product","status-publish","has-post-thumbnail","hentry","product_cat-spiworki","product_cat-tm-toys","product_tag-fajne-prezenty-dla-nastolatkow","product_tag-nauka-pisania-literek-do-wydruku-pdf","product_tag-trojmiasto-atrakcje-dla-dzieci"],"_links":{"self":[{"href":"http:\/\/klubmamgdynia.pl\/index.php\/wp-json\/wp\/v2\/product\/1372","targetHints":{"allow":["GET"]}}],"collection":[{"href":"http:\/\/klubmamgdynia.pl\/index.php\/wp-json\/wp\/v2\/product"}],"about":[{"href":"http:\/\/klubmamgdynia.pl\/index.php\/wp-json\/wp\/v2\/types\/product"}],"replies":[{"embeddable":true,"href":"http:\/\/klubmamgdynia.pl\/index.php\/wp-json\/wp\/v2\/comments?post=1372"}],"wp:featuredmedia":[{"embeddable":true,"href":"http:\/\/klubmamgdynia.pl\/index.php\/wp-json\/wp\/v2\/media\/1373"}],"wp:attachment":[{"href":"http:\/\/klubmamgdynia.pl\/index.php\/wp-json\/wp\/v2\/media?parent=1372"}],"wp:term":[{"taxonomy":"product_cat","embeddable":true,"href":"http:\/\/klubmamgdynia.pl\/index.php\/wp-json\/wp\/v2\/product_cat?post=1372"},{"taxonomy":"product_tag","embeddable":true,"href":"http:\/\/klubmamgdynia.pl\/index.php\/wp-json\/wp\/v2\/product_tag?post=1372"}],"curies":[{"name":"wp","href":"https:\/\/api.w.org\/{rel}","templated":true}]}}