{"id":1376,"date":"2025-06-16T06:41:42","date_gmt":"2025-06-16T04:41:42","guid":{"rendered":"http:\/\/klubmamgdynia.pl\/?post_type=product&#038;p=1376"},"modified":"2026-04-06T11:34:34","modified_gmt":"2026-04-06T09:34:34","slug":"dungeons-dragons-dark-alliance-edycja-steelbook-gra-xbox-series-x","status":"publish","type":"product","link":"http:\/\/klubmamgdynia.pl\/index.php\/produkt\/dungeons-dragons-dark-alliance-edycja-steelbook-gra-xbox-series-x\/","title":{"rendered":"Dungeons &amp; Dragons Dark Alliance Edycja Steelbook (Gra Xbox Series X)"},"content":{"rendered":"<p>Pokonaj legendarne potwory w Dungeons &amp; Dragons: Dark Alliance!                            <\/p>\n<p>Gra Dungeons &amp; Dragons: Dark Alliance na PlayStation 5Po\u0142\u0105cz si\u0142y z grup\u0105 do czterech znajomych i walcz z kultowymi potworami z Dungeons &amp; Dragons w nowej grze akcji RPG Dungeons &amp; Dragons: Dark Alliance.Dark Alliance o\u017cywia \u015bwiat Dungeons &amp; Dragons w niesamowitej grze akcji RPG, wype\u0142nionej dynamiczn\u0105 wsp\u00f3\u0142prac\u0105 i walkami w czasie rzeczywistym. Mro\u017ane olbrzymy i m\u015bciwe smoki panosz\u0105 si\u0119 bez kontroli po Dolinie Lodowego Wichru, a armie z\u0142a z ka\u017cdym dniem staj\u0105 si\u0119 coraz silniejsze. Teraz czterech bohater\u00f3w musi odpiera\u0107 ataki potwor\u00f3w i broni\u0107 \u015bwiata przed mrokiem. Wybierz bohatera i do\u0142\u0105cz do maksymalnie czworga znajomych, aby walczy\u0107 z legendarnymi potworami.                            <\/p>\n<p>Walcz, zdobywaj sprz\u0119t i odblokuj nowe umiej\u0119tno\u015bciEksploruj mro\u017any \u015bwiat Doliny Lodowego Wichru, pokonuj\u0105c pot\u0119\u017cnych boss\u00f3w, zdobywaj\u0105c wspania\u0142y sprz\u0119t i odblokowuj\u0105c nowe umiej\u0119tno\u015bci, kt\u00f3re pomog\u0105 w podejmowaniu jeszcze wi\u0119kszych wyzwa\u0144. Uzbr\u00f3j dru\u017cyn\u0119. Walcz jak diabli.                            <\/p>\n<p>Kluczowe cechyPokonaj niepokonane potwory &#8211; Dark Alliance stawia graczy przeciwko niekt\u00f3rym z najbardziej legendarnych potwor\u00f3w ze \u015bwiata Dungeons &amp; Dragons. Mro\u017ane Olbrzymy, Obserwatorzy, Bia\u0142e Smoki &#8211; zbierz si\u0142\u0119, by pokona\u0107 ich wbrew wszelkim przeciwno\u015bciom.Walcz u boku znajomych &#8211; do\u0142\u0105cz do maksymalnie czworga znajomych i walczcie razem w dynamicznym trybie wsp\u00f3\u0142pracy z ekscytuj\u0105cymi walkami w czasie rzeczywistym. Sta\u0144 naprzeciwko niepowstrzymanym potworom, zbyt pot\u0119\u017cnym, by da\u0142o si\u0119 je pokona\u0107 w pojedynk\u0119 i daj im posmakowa\u0107 niszczycielskich atak\u00f3w.Wybierz swojego bohatera &#8211; Graj jako jedno z czworga r\u00f3\u017cnych bohater\u00f3w, ka\u017cde z w\u0142asnym, unikalnym stylem gry i dostosowywanymi umiej\u0119tno\u015bciami. Wykonuj misje i pokonuj boss\u00f3w, odblokowuj\u0105c nowe umiej\u0119tno\u015bci i zdobywaj\u0105c pot\u0119\u017cny sprz\u0119t, kt\u00f3ry pozwoli graczom podj\u0105\u0107 jeszcze wi\u0119ksze wyzwania.Przemierzaj mro\u017an\u0105 krain\u0119 &#8211; Dark Alliance o\u017cywia \u015bwiat Dungeons &amp; Dragons, jak nigdy dot\u0105d. Eksploruj mro\u017any i niebezpieczny \u015bwiat Doliny Lodowego Wichru, broni\u0105c swojej ojczyzny przed armiami odra\u017caj\u0105cych potwor\u00f3w.U\u0142atwione zebranie dru\u017cyny &#8211; Kupuj\u0105cy Dark Alliance na PlayStation 4 dostan\u0105 kod umo\u017cliwiaj\u0105cy aktualizacj\u0119 do wersji na PlayStation 5 i vice versa.                            <\/p>\n<p>_<\/p>\n<h2>Dungeons &amp; Dragons Dark Alliance Edycja Steelbook (Gra Xbox Series X) Wizards of the Coast<\/h2>\n<p>atrakcje dla dzieci mazowieckie, bajki dla noworodka, planety do druku dla dzieci, quizy flagi, prezent dla 7 latki, zagadki wielkanocne do druku, kotki dwa tekst, dobre \u017carty na prima aprilis, mitologia test wiedzy, ekskluzywny prezent na roczek, gry ruchowe dla dzieci, prezent roczek, test z lektury pies kt\u00f3ry je\u017adzi\u0142 kolej\u0105, darmowe kolorowanki do druku, prezenty dla nastolatki, quiz dzieci z bullerbyn, cytaty korczak<\/p>\n<p>yyyyy<\/p>\n<p>&nbsp;<\/p>\n","protected":false},"excerpt":{"rendered":"<p>Pokonaj legendarne potwory w Dungeons &amp; Dragons: Dark Alliance! Gra Dungeons &amp; Dragons: Dark Alliance na PlayStation 5Po\u0142\u0105cz si\u0142y z grup\u0105 do czterech znajomych i walcz z kultowymi potworami z Dungeons &amp; Dragons w nowej grze akcji RPG Dungeons &amp; Dragons: Dark Alliance.Dark Alliance o\u017cywia \u015bwiat Dungeons &amp; Dragons w niesamowitej grze akcji RPG, wype\u0142nionej [&hellip;]<\/p>\n","protected":false},"featured_media":1377,"comment_status":"closed","ping_status":"open","template":"","meta":[],"product_cat":[377,397],"product_tag":[603,777,680],"class_list":["post-1376","product","type-product","status-publish","has-post-thumbnail","hentry","product_cat-gry-xbox-series-x","product_cat-wizards-of-the-coast","product_tag-bajki-do-czytania","product_tag-co-na-roczek","product_tag-cytaty-z-malego-ksiecia"],"_links":{"self":[{"href":"http:\/\/klubmamgdynia.pl\/index.php\/wp-json\/wp\/v2\/product\/1376","targetHints":{"allow":["GET"]}}],"collection":[{"href":"http:\/\/klubmamgdynia.pl\/index.php\/wp-json\/wp\/v2\/product"}],"about":[{"href":"http:\/\/klubmamgdynia.pl\/index.php\/wp-json\/wp\/v2\/types\/product"}],"replies":[{"embeddable":true,"href":"http:\/\/klubmamgdynia.pl\/index.php\/wp-json\/wp\/v2\/comments?post=1376"}],"wp:featuredmedia":[{"embeddable":true,"href":"http:\/\/klubmamgdynia.pl\/index.php\/wp-json\/wp\/v2\/media\/1377"}],"wp:attachment":[{"href":"http:\/\/klubmamgdynia.pl\/index.php\/wp-json\/wp\/v2\/media?parent=1376"}],"wp:term":[{"taxonomy":"product_cat","embeddable":true,"href":"http:\/\/klubmamgdynia.pl\/index.php\/wp-json\/wp\/v2\/product_cat?post=1376"},{"taxonomy":"product_tag","embeddable":true,"href":"http:\/\/klubmamgdynia.pl\/index.php\/wp-json\/wp\/v2\/product_tag?post=1376"}],"curies":[{"name":"wp","href":"https:\/\/api.w.org\/{rel}","templated":true}]}}