{"id":1378,"date":"2021-06-07T04:11:28","date_gmt":"2021-06-07T02:11:28","guid":{"rendered":"http:\/\/klubmamgdynia.pl\/index.php\/produkt\/fifa-07-gra-nds\/"},"modified":"2026-05-17T22:32:04","modified_gmt":"2026-05-17T20:32:04","slug":"fifa-07-gra-nds","status":"publish","type":"product","link":"http:\/\/klubmamgdynia.pl\/index.php\/produkt\/fifa-07-gra-nds\/","title":{"rendered":"FIFA 07 (Gra NDS)"},"content":{"rendered":"<p>Mistrzostwa \u015awiata FIFA 2006 zako\u0144czone a my rozpoczynamy sezon FIFA 07! Wystarczy pierwszy gwizdek.. Wszystko za spraw\u0105 jedynej w swoim rodzaju atmosfery pi\u0142karskiego sezonu. W FIFA 07, kolejne mecze rozgrywane w domu wywo\u0142uj\u0105 coraz wi\u0119ksze wra\u017cenia. Teraz mo\u017cesz odmieni\u0107 losy ulubionego klubu, mo\u017ce i Polska tym razem wygra? Za spraw\u0105 trybu online, Twoja ulubiona dru\u017cyna zmierzy si\u0119 z rywalami kierowanymi przez inny graczy. Rozgrywaj spotkania zgodnie z prawdziwym terminarzem i graj wtedy, gdy gra Tw\u00f3j klub!Nowy system AI sprawia, \u017ce Twoja dru\u017cyna podejmuje realistyczne decyzje, walczy zawzi\u0119cie i podaje w profesjonalny spos\u00f3b. W FIFA 07 ca\u0142kowicie zmieniono silnik gry. Je\u015bli chcesz wygra\u0107, musisz stosowa\u0107 prawdziwie pi\u0142karsk\u0105 taktyk\u0119. W ulepszonym trybie mened\u017cera zaktualizowano cechy zawodnik\u00f3w i ich zarobki. W tym sezonie wszystko zale\u017cy od Ciebie! Gra od lat 3.1-4 graczy Multi-card Play.<\/p>\n<h2>FIFA 07 (Gra NDS) EA Sports<\/h2>\n<p>jasmin imi\u0119, zagadki zimowe, test z lektury pies kt\u00f3ry je\u017adzi\u0142 kolej\u0105, rysunki dla pocz\u0105tkuj\u0105cych<\/p>\n<p>yyyyy<\/p>\n<p>&nbsp;<\/p>\n","protected":false},"excerpt":{"rendered":"<p>Mistrzostwa \u015awiata FIFA 2006 zako\u0144czone a my rozpoczynamy sezon FIFA 07! Wystarczy pierwszy gwizdek.. Wszystko za spraw\u0105 jedynej w swoim rodzaju atmosfery pi\u0142karskiego sezonu. W FIFA 07, kolejne mecze rozgrywane w domu wywo\u0142uj\u0105 coraz wi\u0119ksze wra\u017cenia. Teraz mo\u017cesz odmieni\u0107 losy ulubionego klubu, mo\u017ce i Polska tym razem wygra? Za spraw\u0105 trybu online, Twoja ulubiona dru\u017cyna [&hellip;]<\/p>\n","protected":false},"featured_media":1379,"comment_status":"closed","ping_status":"open","template":"","meta":[],"product_cat":[342,398],"product_tag":[611,836,722,851,630,629,737],"class_list":["post-1378","product","type-product","status-publish","has-post-thumbnail","hentry","product_cat-ea-sports","product_cat-gry-nintendo-ds","product_tag-bajki-do-czytania-psi-patrol","product_tag-co-kupic-dziecku-na-roczek","product_tag-cytaty-o-przyjazni","product_tag-jak-narysowac-kota","product_tag-podchwytliwe-zagadki-z-odpowiedziami","product_tag-smieszne-zagadki-z-odpowiedziami","product_tag-test-z-lektury-felix-net-i-nika-oraz-gang-niewidzialnych-ludzi"],"_links":{"self":[{"href":"http:\/\/klubmamgdynia.pl\/index.php\/wp-json\/wp\/v2\/product\/1378","targetHints":{"allow":["GET"]}}],"collection":[{"href":"http:\/\/klubmamgdynia.pl\/index.php\/wp-json\/wp\/v2\/product"}],"about":[{"href":"http:\/\/klubmamgdynia.pl\/index.php\/wp-json\/wp\/v2\/types\/product"}],"replies":[{"embeddable":true,"href":"http:\/\/klubmamgdynia.pl\/index.php\/wp-json\/wp\/v2\/comments?post=1378"}],"wp:featuredmedia":[{"embeddable":true,"href":"http:\/\/klubmamgdynia.pl\/index.php\/wp-json\/wp\/v2\/media\/1379"}],"wp:attachment":[{"href":"http:\/\/klubmamgdynia.pl\/index.php\/wp-json\/wp\/v2\/media?parent=1378"}],"wp:term":[{"taxonomy":"product_cat","embeddable":true,"href":"http:\/\/klubmamgdynia.pl\/index.php\/wp-json\/wp\/v2\/product_cat?post=1378"},{"taxonomy":"product_tag","embeddable":true,"href":"http:\/\/klubmamgdynia.pl\/index.php\/wp-json\/wp\/v2\/product_tag?post=1378"}],"curies":[{"name":"wp","href":"https:\/\/api.w.org\/{rel}","templated":true}]}}