{"id":1380,"date":"2012-07-15T20:18:00","date_gmt":"2012-07-15T18:18:00","guid":{"rendered":"http:\/\/klubmamgdynia.pl\/index.php\/produkt\/tm-toys-lalka-cupcake-suprise-babeczka-z-niespodzianka\/"},"modified":"2026-04-04T04:09:19","modified_gmt":"2026-04-04T02:09:19","slug":"tm-toys-lalka-cupcake-suprise-babeczka-z-niespodzianka","status":"publish","type":"product","link":"http:\/\/klubmamgdynia.pl\/index.php\/produkt\/tm-toys-lalka-cupcake-suprise-babeczka-z-niespodzianka\/","title":{"rendered":"Tm Toys Lalka Cupcake Suprise Babeczka Z Niespodziank\u0105"},"content":{"rendered":"<p>TM Toys Babeczka z Niespodziank\u0105 Seria 4W magiczny spos\u00f3b zamie\u0144 deser w urocz\u0105 laleczk\u0119 &#8211; ksi\u0119\u017cniczk\u0119 spowit\u0105 s\u0142odkim zapachem. Pyszotka! Za pomoc\u0105 do\u0142\u0105czonej szczoteczki do w\u0142os\u00f3w mo\u017cesz czesa\u0107 i stylizowa\u0107 swoj\u0105 laleczk\u0119. Kolekcjonuj pachn\u0105ce desery i zamieniaj je w pi\u0119kne ksi\u0119\u017cniczki. Przekonaj si\u0119, jak \u0142atwo zmienisz kolorowy deser w pi\u0119kn\u0105 laleczk\u0119\u2026 i laleczk\u0119 w deser! Zobacz, jaka laleczka kryje si\u0119 w Twojej babeczce!W asortymencie kilkana\u015bcie niepowtarzalnych laleczek, o sze\u015bciu s\u0142odkich zapachach. Lalki z tego asortymentu sprzedawane s\u0105 w miar\u0119 ich dost\u0119pno\u015bci.Zapachy, jakie mo\u017cna odkry\u0107:truskawkawaniliawinogronaczekoladacytrynakarmelWysoko\u015b\u0107 laleczki: ok 15 cmWymiary opakowania: 9,7 x 9,7 x 9,7 cmZabawka oryginalnie zapakowana. Idealna na prezent!Wiek: 3l+<\/p>\n<h2>Tm Toys Lalka Cupcake Suprise Babeczka Z Niespodziank\u0105 TM Toys<\/h2>\n<p>bajka krecik, halloween warszawa 2021 dzieci, miko\u0142ajek test z lektury, plac zabaw pozna\u0144<\/p>\n<p>yyyyy<\/p>\n<p>&nbsp;<\/p>\n","protected":false},"excerpt":{"rendered":"<p>TM Toys Babeczka z Niespodziank\u0105 Seria 4W magiczny spos\u00f3b zamie\u0144 deser w urocz\u0105 laleczk\u0119 &#8211; ksi\u0119\u017cniczk\u0119 spowit\u0105 s\u0142odkim zapachem. Pyszotka! Za pomoc\u0105 do\u0142\u0105czonej szczoteczki do w\u0142os\u00f3w mo\u017cesz czesa\u0107 i stylizowa\u0107 swoj\u0105 laleczk\u0119. Kolekcjonuj pachn\u0105ce desery i zamieniaj je w pi\u0119kne ksi\u0119\u017cniczki. Przekonaj si\u0119, jak \u0142atwo zmienisz kolorowy deser w pi\u0119kn\u0105 laleczk\u0119\u2026 i laleczk\u0119 w deser! [&hellip;]<\/p>\n","protected":false},"featured_media":1381,"comment_status":"closed","ping_status":"open","template":"","meta":[],"product_cat":[65,145],"product_tag":[766,723,814,873],"class_list":["post-1380","product","type-product","status-publish","has-post-thumbnail","hentry","product_cat-lalki","product_cat-tm-toys","product_tag-kira","product_tag-krotkie-bajki-do-czytania-na-dobranoc","product_tag-prezenty-dla-nastolatek","product_tag-zagadki-z-odpowiedziami-dla-dzieci"],"_links":{"self":[{"href":"http:\/\/klubmamgdynia.pl\/index.php\/wp-json\/wp\/v2\/product\/1380","targetHints":{"allow":["GET"]}}],"collection":[{"href":"http:\/\/klubmamgdynia.pl\/index.php\/wp-json\/wp\/v2\/product"}],"about":[{"href":"http:\/\/klubmamgdynia.pl\/index.php\/wp-json\/wp\/v2\/types\/product"}],"replies":[{"embeddable":true,"href":"http:\/\/klubmamgdynia.pl\/index.php\/wp-json\/wp\/v2\/comments?post=1380"}],"wp:featuredmedia":[{"embeddable":true,"href":"http:\/\/klubmamgdynia.pl\/index.php\/wp-json\/wp\/v2\/media\/1381"}],"wp:attachment":[{"href":"http:\/\/klubmamgdynia.pl\/index.php\/wp-json\/wp\/v2\/media?parent=1380"}],"wp:term":[{"taxonomy":"product_cat","embeddable":true,"href":"http:\/\/klubmamgdynia.pl\/index.php\/wp-json\/wp\/v2\/product_cat?post=1380"},{"taxonomy":"product_tag","embeddable":true,"href":"http:\/\/klubmamgdynia.pl\/index.php\/wp-json\/wp\/v2\/product_tag?post=1380"}],"curies":[{"name":"wp","href":"https:\/\/api.w.org\/{rel}","templated":true}]}}