{"id":1382,"date":"2024-10-21T18:40:33","date_gmt":"2024-10-21T16:40:33","guid":{"rendered":"http:\/\/klubmamgdynia.pl\/?post_type=product&#038;p=1382"},"modified":"2026-04-29T19:52:12","modified_gmt":"2026-04-29T17:52:12","slug":"nhl-22-gra-ps5","status":"publish","type":"product","link":"http:\/\/klubmamgdynia.pl\/index.php\/produkt\/nhl-22-gra-ps5\/","title":{"rendered":"NHL 22 (Gra PS5)"},"content":{"rendered":"<p>wykorzystuj\u0105ca silnik frostbite\u2122 gra ea sports\u2122 nhl\u2122 22 na playstation\u00ae5 i xbox series x|s dosta\u0142a to, co najlepsze. po raz pierwszy w historii mo\u017cesz zagra\u0107 w ea sports nhl na jednym z najpot\u0119\u017cniejszych silnik\u00f3w gry \u2013 ka\u017cdy cios, zw\u00f3d i strza\u0142 b\u0119d\u0105 jeszcze bardziej realistyczne.<\/p>\n<h2>NHL 22 (Gra PS5) ELECTRONIC ARTS<\/h2>\n<p>bajka o dinozaurach do czytania, kiedy dzieci chodz\u0105 na halloween, natalia, film o \u015bwi\u0119tach dla dzieci, doros\u0142ych kolorowanki dziewczyny, test wiedzy z lektury przygody tomka sawyera z odpowiedziami, prezent na pierwsze urodziny, zabawka dla rocznej dziewczynki, zagatki, tabliczka mno\u017cenia zadania do druku, kuchcikowo przepisy dla dzieci, najlepsze \u017carty na prima aprilis, zagadki logiczne na inteligencj\u0119, nadia imie<\/p>\n<p>yyyyy<\/p>\n<p>&nbsp;<\/p>\n","protected":false},"excerpt":{"rendered":"<p>wykorzystuj\u0105ca silnik frostbite\u2122 gra ea sports\u2122 nhl\u2122 22 na playstation\u00ae5 i xbox series x|s dosta\u0142a to, co najlepsze. po raz pierwszy w historii mo\u017cesz zagra\u0107 w ea sports nhl na jednym z najpot\u0119\u017cniejszych silnik\u00f3w gry \u2013 ka\u017cdy cios, zw\u00f3d i strza\u0142 b\u0119d\u0105 jeszcze bardziej realistyczne. NHL 22 (Gra PS5) ELECTRONIC ARTS bajka o dinozaurach do [&hellip;]<\/p>\n","protected":false},"featured_media":1383,"comment_status":"closed","ping_status":"open","template":"","meta":[],"product_cat":[399,217],"product_tag":[848,727,851,607],"class_list":["post-1382","product","type-product","status-publish","has-post-thumbnail","hentry","product_cat-electronic-arts","product_cat-gry-playstation-5","product_tag-cytat-o-rodzinie","product_tag-godlo-polski-do-druku","product_tag-jak-narysowac-kota","product_tag-zarty-na-prima-aprilis-dla-rodzicow"],"_links":{"self":[{"href":"http:\/\/klubmamgdynia.pl\/index.php\/wp-json\/wp\/v2\/product\/1382","targetHints":{"allow":["GET"]}}],"collection":[{"href":"http:\/\/klubmamgdynia.pl\/index.php\/wp-json\/wp\/v2\/product"}],"about":[{"href":"http:\/\/klubmamgdynia.pl\/index.php\/wp-json\/wp\/v2\/types\/product"}],"replies":[{"embeddable":true,"href":"http:\/\/klubmamgdynia.pl\/index.php\/wp-json\/wp\/v2\/comments?post=1382"}],"wp:featuredmedia":[{"embeddable":true,"href":"http:\/\/klubmamgdynia.pl\/index.php\/wp-json\/wp\/v2\/media\/1383"}],"wp:attachment":[{"href":"http:\/\/klubmamgdynia.pl\/index.php\/wp-json\/wp\/v2\/media?parent=1382"}],"wp:term":[{"taxonomy":"product_cat","embeddable":true,"href":"http:\/\/klubmamgdynia.pl\/index.php\/wp-json\/wp\/v2\/product_cat?post=1382"},{"taxonomy":"product_tag","embeddable":true,"href":"http:\/\/klubmamgdynia.pl\/index.php\/wp-json\/wp\/v2\/product_tag?post=1382"}],"curies":[{"name":"wp","href":"https:\/\/api.w.org\/{rel}","templated":true}]}}