{"id":1384,"date":"2015-11-22T14:05:17","date_gmt":"2015-11-22T13:05:17","guid":{"rendered":"http:\/\/klubmamgdynia.pl\/index.php\/produkt\/toy-story-3-gra-pc\/"},"modified":"2026-04-30T17:36:45","modified_gmt":"2026-04-30T15:36:45","slug":"toy-story-3-gra-pc","status":"publish","type":"product","link":"http:\/\/klubmamgdynia.pl\/index.php\/produkt\/toy-story-3-gra-pc\/","title":{"rendered":"Toy Story 3 (Gra PC)"},"content":{"rendered":"<p>Zabawki powracaj\u0105 do miasta w doskona\u0142ej ods\u0142onie filmowej gry akcji! Wszyscy fani filmu b\u0119d\u0105 mogli prze\u017cy\u0107 niezapomnian\u0105 przygod\u0119 wcielaj\u0105c si\u0119 w Buzza lub Chudego, i uratowa\u0107 \u015bwiat zabawek w serii pe\u0142nych zabawnych perypetii przyg\u00f3d.Toy Story 3 to gra akcji przeznaczona dla wszystkich mi\u0142o\u015bnik\u00f3w gatunku, wyprodukowana na podstawie g\u0142o\u015bnego filmu animowanego pod tym samym tytu\u0142em.W g\u0142\u00f3wnym trybie rozgrywki Toy Story 3 prze\u017cyjemy wsp\u00f3lnie ze znanymi bohaterami filmowe przygody, uzupe\u0142nione przez tw\u00f3rc\u00f3w o kilka dodatkowych misji. Wcielamy si\u0119 tu w Buzza i Chudego, podejmuj\u0105cych pr\u00f3b\u0119 zaradzenia trudnej sytuacji, jaka spotka\u0142a zabawki po tym jak Andy &#8211; ich prawowity w\u0142a\u015bciciel &#8211; wyjecha\u0142 z miasta.Toy Story 3 umo\u017cliwia tak\u017ce wzi\u0119cie udzia\u0142u w trybie rozgrywki o nazwie Toy Box. Gracz zwiedza obszerny \u015bwiat gry i wykonuje r\u00f3\u017cnego rodzaju zadania zlecane przez zamieszkuj\u0105ce go zabawki. Opcja Toy Box pozwala kreowa\u0107 w\u0142asne historie i sytuacje &#8211; dzieki czemu uatrakcyjnia i znacznie wyd\u0142u\u017ca rozgrywk\u0119.Niesamowita grafika, animowane scenki wplecione w gr\u0119 doskonale nawi\u0105zuj\u0105ce do akcji z filmuDwa tryby pude\u0142ka z zabawkami pozwalaj\u0105ce na kreowanie w\u0142asnych historiiTryb opowie\u015bciObszerny \u015bwiat gry<\/p>\n<h2>Toy Story 3 (Gra PC) CD Projekt<\/h2>\n<p>liwia znaczenie imienia, bajki do czytania na dobranoc, izabela imie, tekst kolysanek, imie leon, sonia imi\u0119, znaki drogowe test, prezent dla 7 latki, zagadki matematyczne dla przedszkolak\u00f3w, zabawki na roczek dla dziewczynki, zabawki na roczek dla dziewczynki, zagadki o zwierz\u0119tach domowych, w zieleni \u0142\u0105ka majowa tekst, malgorzata znaczenie imienia, kolorowanka lol surprise, kryspinow, kartka walentynkow\u0105 przedszkole, wiersze o wakacjach, trudne zagadki z odpowiedziami, prezent dla 13 latki na \u015bwi\u0119ta<\/p>\n<p>yyyyy<\/p>\n<p>&nbsp;<\/p>\n","protected":false},"excerpt":{"rendered":"<p>Zabawki powracaj\u0105 do miasta w doskona\u0142ej ods\u0142onie filmowej gry akcji! Wszyscy fani filmu b\u0119d\u0105 mogli prze\u017cy\u0107 niezapomnian\u0105 przygod\u0119 wcielaj\u0105c si\u0119 w Buzza lub Chudego, i uratowa\u0107 \u015bwiat zabawek w serii pe\u0142nych zabawnych perypetii przyg\u00f3d.Toy Story 3 to gra akcji przeznaczona dla wszystkich mi\u0142o\u015bnik\u00f3w gatunku, wyprodukowana na podstawie g\u0142o\u015bnego filmu animowanego pod tym samym tytu\u0142em.W g\u0142\u00f3wnym [&hellip;]<\/p>\n","protected":false},"featured_media":1385,"comment_status":"closed","ping_status":"open","template":"","meta":[],"product_cat":[202,222],"product_tag":[650,816,743,661],"class_list":["post-1384","product","type-product","status-publish","has-post-thumbnail","hentry","product_cat-cd-projekt","product_cat-gry-pc","product_tag-choinka-z-bibuly","product_tag-place-zabaw-warszawa","product_tag-quiz-dla-dzieci","product_tag-swinka-peppa-kolorowanka"],"_links":{"self":[{"href":"http:\/\/klubmamgdynia.pl\/index.php\/wp-json\/wp\/v2\/product\/1384","targetHints":{"allow":["GET"]}}],"collection":[{"href":"http:\/\/klubmamgdynia.pl\/index.php\/wp-json\/wp\/v2\/product"}],"about":[{"href":"http:\/\/klubmamgdynia.pl\/index.php\/wp-json\/wp\/v2\/types\/product"}],"replies":[{"embeddable":true,"href":"http:\/\/klubmamgdynia.pl\/index.php\/wp-json\/wp\/v2\/comments?post=1384"}],"wp:featuredmedia":[{"embeddable":true,"href":"http:\/\/klubmamgdynia.pl\/index.php\/wp-json\/wp\/v2\/media\/1385"}],"wp:attachment":[{"href":"http:\/\/klubmamgdynia.pl\/index.php\/wp-json\/wp\/v2\/media?parent=1384"}],"wp:term":[{"taxonomy":"product_cat","embeddable":true,"href":"http:\/\/klubmamgdynia.pl\/index.php\/wp-json\/wp\/v2\/product_cat?post=1384"},{"taxonomy":"product_tag","embeddable":true,"href":"http:\/\/klubmamgdynia.pl\/index.php\/wp-json\/wp\/v2\/product_tag?post=1384"}],"curies":[{"name":"wp","href":"https:\/\/api.w.org\/{rel}","templated":true}]}}