{"id":1386,"date":"2014-01-25T03:34:42","date_gmt":"2014-01-25T02:34:42","guid":{"rendered":"http:\/\/klubmamgdynia.pl\/index.php\/produkt\/chicco-interaktywna-zabawka-electronic-keys-pvc\/"},"modified":"2026-04-07T10:34:37","modified_gmt":"2026-04-07T08:34:37","slug":"chicco-interaktywna-zabawka-electronic-keys-pvc","status":"publish","type":"product","link":"http:\/\/klubmamgdynia.pl\/index.php\/produkt\/chicco-interaktywna-zabawka-electronic-keys-pvc\/","title":{"rendered":"Chicco Interaktywna Zabawka Electronic Keys Pvc"},"content":{"rendered":"<p>Dzieci zas\u0142uguj\u0105 na to co najlepsze, dlatego przedstawiamy Ci Interaktywna zabawka Chicco Electronic Keys PVC, idealny dla tych, kt\u00f3rzy szukaj\u0105 produkt\u00f3w wysokiej jako\u015bci dla dzieci! Zdob\u0105d\u017a Chicco w najlepszych cenach!Materia\u0142: PVCFunkcje: \u015awiat\u0142oD\u017awi\u0119kLiczba baterii: 3Wymagany monta\u017c: TakZasilana bateriami: TakZalecany Wiek: + 6 miesi\u0119cyBaterie w zestawie: Tak&#8230;<\/p>\n<h2>Chicco Interaktywna Zabawka Electronic Keys Pvc Chicco<\/h2>\n<p>milena, malgorzata znaczenie imienia, najpi\u0119kniejsze cytaty dziecko cytaty, co kupi\u0107 dziecku na roczek, t\u0119cza kolorowanka, cytaty o przyja\u017ani, kolorowanki antystresowe do druku, proste zagadki, nasza zima z\u0142a tekst, psi patrol kolorowanka do druku, \u017carty na prima aprilis dla ch\u0142opaka, kolorowanki do druku konie, gdzie nad wod\u0119 ko\u0142o warszawy, alfabet kolorowanka, zagadki logiczne i odpowiedzi, zabawy ruchowe dla dzieci w przedszkolu, bajki z misiami, parasol szablon do wydruku, a \u015bpij kochanie<\/p>\n<p>yyyyy<\/p>\n<p>&nbsp;<\/p>\n","protected":false},"excerpt":{"rendered":"<p>Dzieci zas\u0142uguj\u0105 na to co najlepsze, dlatego przedstawiamy Ci Interaktywna zabawka Chicco Electronic Keys PVC, idealny dla tych, kt\u00f3rzy szukaj\u0105 produkt\u00f3w wysokiej jako\u015bci dla dzieci! Zdob\u0105d\u017a Chicco w najlepszych cenach!Materia\u0142: PVCFunkcje: \u015awiat\u0142oD\u017awi\u0119kLiczba baterii: 3Wymagany monta\u017c: TakZasilana bateriami: TakZalecany Wiek: + 6 miesi\u0119cyBaterie w zestawie: Tak&#8230; Chicco Interaktywna Zabawka Electronic Keys Pvc Chicco milena, malgorzata znaczenie [&hellip;]<\/p>\n","protected":false},"featured_media":1387,"comment_status":"closed","ping_status":"open","template":"","meta":[],"product_cat":[312,61],"product_tag":[690,646,592],"class_list":["post-1386","product","type-product","status-publish","has-post-thumbnail","hentry","product_cat-chicco","product_cat-zabawki-edukacyjne-dla-niemowlat","product_tag-pieski-male-dwa-tekst","product_tag-prezent-na-pierwsze-urodziny","product_tag-zagadki-dla-dzieci"],"_links":{"self":[{"href":"http:\/\/klubmamgdynia.pl\/index.php\/wp-json\/wp\/v2\/product\/1386","targetHints":{"allow":["GET"]}}],"collection":[{"href":"http:\/\/klubmamgdynia.pl\/index.php\/wp-json\/wp\/v2\/product"}],"about":[{"href":"http:\/\/klubmamgdynia.pl\/index.php\/wp-json\/wp\/v2\/types\/product"}],"replies":[{"embeddable":true,"href":"http:\/\/klubmamgdynia.pl\/index.php\/wp-json\/wp\/v2\/comments?post=1386"}],"wp:featuredmedia":[{"embeddable":true,"href":"http:\/\/klubmamgdynia.pl\/index.php\/wp-json\/wp\/v2\/media\/1387"}],"wp:attachment":[{"href":"http:\/\/klubmamgdynia.pl\/index.php\/wp-json\/wp\/v2\/media?parent=1386"}],"wp:term":[{"taxonomy":"product_cat","embeddable":true,"href":"http:\/\/klubmamgdynia.pl\/index.php\/wp-json\/wp\/v2\/product_cat?post=1386"},{"taxonomy":"product_tag","embeddable":true,"href":"http:\/\/klubmamgdynia.pl\/index.php\/wp-json\/wp\/v2\/product_tag?post=1386"}],"curies":[{"name":"wp","href":"https:\/\/api.w.org\/{rel}","templated":true}]}}