{"id":1388,"date":"2017-01-06T02:18:51","date_gmt":"2017-01-06T01:18:51","guid":{"rendered":"http:\/\/klubmamgdynia.pl\/index.php\/produkt\/gra-planszowa-colt-express-pferde-und-postkutsche-spiel-zubehor\/"},"modified":"2026-04-06T10:16:49","modified_gmt":"2026-04-06T08:16:49","slug":"gra-planszowa-colt-express-pferde-und-postkutsche-spiel-zubehor","status":"publish","type":"product","link":"http:\/\/klubmamgdynia.pl\/index.php\/produkt\/gra-planszowa-colt-express-pferde-und-postkutsche-spiel-zubehor\/","title":{"rendered":"Gra planszowa Colt Express &#8211; Pferde und Postkutsche (Spiel-Zubeh\u00f6r)"},"content":{"rendered":"<p>Warnhinweis:\u00a7ACHTUNG! Nicht geeignet f\u00fcr Kinder unter 3 Jahren. Enth\u00e4lt verschluckbare Kleinteile.\u00a7\u00a7.<\/p>\n<h2>Gra planszowa Colt Express &#8211; Pferde und Postkutsche (Spiel-Zubeh\u00f6r) <\/h2>\n<p>poczytaj mi wiersz, urodziny dziecka pomys\u0142y, filmy wigilijne dla dzieci, karty pracy dla dzieci z ukrainy pdf, prezenty na roczek, oryginalny prezent na roczek, kolorowanki wakacyjne, opis na dzie\u0144 mamy, zagadka dla dzieci, test z lektury ania z zielonego wzg\u00f3rza klasa 6 z odpowiedziami, co kupi\u0107 dziewczynce na roczek, quiz o psie kt\u00f3ry je\u017adzi\u0142 kolej\u0105, znaki drogowe test, pomys\u0142 na prezent dla nastolatk\u00f3w, policja kolorowanka, zabawy z pi\u0142k\u0105 dla dzieci<\/p>\n<p>yyyyy<\/p>\n<p>&nbsp;<\/p>\n","protected":false},"excerpt":{"rendered":"<p>Warnhinweis:\u00a7ACHTUNG! Nicht geeignet f\u00fcr Kinder unter 3 Jahren. Enth\u00e4lt verschluckbare Kleinteile.\u00a7\u00a7. Gra planszowa Colt Express &#8211; Pferde und Postkutsche (Spiel-Zubeh\u00f6r) poczytaj mi wiersz, urodziny dziecka pomys\u0142y, filmy wigilijne dla dzieci, karty pracy dla dzieci z ukrainy pdf, prezenty na roczek, oryginalny prezent na roczek, kolorowanki wakacyjne, opis na dzie\u0144 mamy, zagadka dla dzieci, test z [&hellip;]<\/p>\n","protected":false},"featured_media":1389,"comment_status":"closed","ping_status":"open","template":"","meta":[],"product_cat":[235],"product_tag":[864,618,826,599,794,607],"class_list":["post-1388","product","type-product","status-publish","has-post-thumbnail","hentry","product_cat-gry-planszowe","product_tag-basen-warszawa","product_tag-lato-lato-lato-czeka-tekst","product_tag-prezent-dla-15-latka","product_tag-prezent-dla-nastolatkow-2021","product_tag-test-opowiesci-z-narnii-lew-czarownica-i-stara-szafa-do-druku","product_tag-zarty-na-prima-aprilis-dla-rodzicow"],"_links":{"self":[{"href":"http:\/\/klubmamgdynia.pl\/index.php\/wp-json\/wp\/v2\/product\/1388","targetHints":{"allow":["GET"]}}],"collection":[{"href":"http:\/\/klubmamgdynia.pl\/index.php\/wp-json\/wp\/v2\/product"}],"about":[{"href":"http:\/\/klubmamgdynia.pl\/index.php\/wp-json\/wp\/v2\/types\/product"}],"replies":[{"embeddable":true,"href":"http:\/\/klubmamgdynia.pl\/index.php\/wp-json\/wp\/v2\/comments?post=1388"}],"wp:featuredmedia":[{"embeddable":true,"href":"http:\/\/klubmamgdynia.pl\/index.php\/wp-json\/wp\/v2\/media\/1389"}],"wp:attachment":[{"href":"http:\/\/klubmamgdynia.pl\/index.php\/wp-json\/wp\/v2\/media?parent=1388"}],"wp:term":[{"taxonomy":"product_cat","embeddable":true,"href":"http:\/\/klubmamgdynia.pl\/index.php\/wp-json\/wp\/v2\/product_cat?post=1388"},{"taxonomy":"product_tag","embeddable":true,"href":"http:\/\/klubmamgdynia.pl\/index.php\/wp-json\/wp\/v2\/product_tag?post=1388"}],"curies":[{"name":"wp","href":"https:\/\/api.w.org\/{rel}","templated":true}]}}