{"id":139,"date":"2019-02-05T11:14:52","date_gmt":"2019-02-05T10:14:52","guid":{"rendered":"http:\/\/klubmamgdynia.pl\/index.php\/produkt\/dromader-atelier-glamour-pisak-do-pazn-dro03000\/"},"modified":"2026-04-07T04:52:43","modified_gmt":"2026-04-07T02:52:43","slug":"dromader-atelier-glamour-pisak-do-pazn-dro03000","status":"publish","type":"product","link":"http:\/\/klubmamgdynia.pl\/index.php\/produkt\/dromader-atelier-glamour-pisak-do-pazn-dro03000\/","title":{"rendered":"Dromader Atelier Glamour Pisak Do Pazn. (Dro03000)"},"content":{"rendered":"<p>Zestaw do paznokci Atelier Glamour. W zestawie znajduje si\u0119 188 element\u00f3w do stylizacji paznokci.w zestawie:4 pisaki\/lakier\/brokat 8ml46 wzornik\u00f3w135 d\u017cet\u00f3wWiek 8+Pude\u0142ko: 23 x 23 x 5 cm<\/p>\n<h2>Dromader Atelier Glamour Pisak Do Pazn. (Dro03000) Dromader<\/h2>\n<p>zagadki dla 5 latka, aron, cytaty motywacyjne dla dzieci, zagadki dla dzieci 9-10 lat z odpowiedziami, pomys\u0142 na prezent dla nastolatki, okolice wroc\u0142awia, motto dla nauczyciela, prezenty na 1 roczek, kolorowanka pikachu, zabawy dla 6 latk\u00f3w, co dla rocznego dziecka, dziewczynka z parku pytania i odpowiedzi, miko\u0142ajki dla dzieci warszawa 2021, kolorowanki kotka<\/p>\n<p><a href=\"https:\/\/kuchenne.pl\/\">sklep akcesoria kuchenne<\/a><\/p>\n<p>&nbsp;<\/p>\n","protected":false},"excerpt":{"rendered":"<p>Zestaw do paznokci Atelier Glamour. W zestawie znajduje si\u0119 188 element\u00f3w do stylizacji paznokci.w zestawie:4 pisaki\/lakier\/brokat 8ml46 wzornik\u00f3w135 d\u017cet\u00f3wWiek 8+Pude\u0142ko: 23 x 23 x 5 cm Dromader Atelier Glamour Pisak Do Pazn. (Dro03000) Dromader zagadki dla 5 latka, aron, cytaty motywacyjne dla dzieci, zagadki dla dzieci 9-10 lat z odpowiedziami, pomys\u0142 na prezent dla nastolatki, [&hellip;]<\/p>\n","protected":false},"featured_media":140,"comment_status":"closed","ping_status":"open","template":"","meta":[],"product_cat":[60,39],"product_tag":[706,689,872,597],"class_list":["post-139","product","type-product","status-publish","has-post-thumbnail","hentry","product_cat-dromader","product_cat-zabawki-interaktywne","product_tag-imie-kuba","product_tag-linda","product_tag-zagadki-dla-dzieci-6-lat","product_tag-zagadki-o-zimie"],"_links":{"self":[{"href":"http:\/\/klubmamgdynia.pl\/index.php\/wp-json\/wp\/v2\/product\/139","targetHints":{"allow":["GET"]}}],"collection":[{"href":"http:\/\/klubmamgdynia.pl\/index.php\/wp-json\/wp\/v2\/product"}],"about":[{"href":"http:\/\/klubmamgdynia.pl\/index.php\/wp-json\/wp\/v2\/types\/product"}],"replies":[{"embeddable":true,"href":"http:\/\/klubmamgdynia.pl\/index.php\/wp-json\/wp\/v2\/comments?post=139"}],"wp:featuredmedia":[{"embeddable":true,"href":"http:\/\/klubmamgdynia.pl\/index.php\/wp-json\/wp\/v2\/media\/140"}],"wp:attachment":[{"href":"http:\/\/klubmamgdynia.pl\/index.php\/wp-json\/wp\/v2\/media?parent=139"}],"wp:term":[{"taxonomy":"product_cat","embeddable":true,"href":"http:\/\/klubmamgdynia.pl\/index.php\/wp-json\/wp\/v2\/product_cat?post=139"},{"taxonomy":"product_tag","embeddable":true,"href":"http:\/\/klubmamgdynia.pl\/index.php\/wp-json\/wp\/v2\/product_tag?post=139"}],"curies":[{"name":"wp","href":"https:\/\/api.w.org\/{rel}","templated":true}]}}