{"id":1390,"date":"2013-07-20T16:17:30","date_gmt":"2013-07-20T14:17:30","guid":{"rendered":"http:\/\/klubmamgdynia.pl\/index.php\/produkt\/niedzwiedzie-vs-bobasy\/"},"modified":"2026-04-06T05:03:53","modified_gmt":"2026-04-06T03:03:53","slug":"niedzwiedzie-vs-bobasy","status":"publish","type":"product","link":"http:\/\/klubmamgdynia.pl\/index.php\/produkt\/niedzwiedzie-vs-bobasy\/","title":{"rendered":"Nied\u017awiedzie Vs Bobasy"},"content":{"rendered":"<p>Nied\u017awiedzie vs Bobasy<br \/>\nTw\u00f3rz niezwyk\u0142e nied\u017awiedzie i inne potwory. Musz\u0105 by\u0107 na tyle silne, by po\u017cre\u0107 wredne bobasy, gdy te zaatakuj\u0105. Wygrywa ten, kto zje najwi\u0119cej bobas\u00f3w!Autor:<br \/>\nMatthew Inman, Elan LeeIlustrator:<br \/>\nMatthew InmanWydawca:<br \/>\nRebel<br \/>\nZawarto\u015b\u0107 pude\u0142ka:<br \/>\n107 kartinstrukcja                            <\/p>\n<p>            Jak to dzia\u0142a?<\/p>\n<p>W swojej turze ka\u017cdy z graczy wykonuje dwie akcje: zagrywa karty lub dobiera je z jednego z trzech dost\u0119pnych stos\u00f3w.Zagrywanie kart z r\u0119ki ma na celu budowanie jak najsilniejszych potwor\u00f3w. Ka\u017cdy potw\u00f3r sk\u0142ada si\u0119 z maksymalnie 5 cz\u0119\u015bci cia\u0142a, z kt\u00f3rych ka\u017cda ma okre\u015blon\u0105 warto\u015b\u0107 wyra\u017con\u0105 w punktach si\u0142y. Naszym celem jest stworzenie jak najsilniejszej armii.<br \/>\nUczestnicy mog\u0105 r\u00f3wnie\u017c dobiera\u0107 karty na r\u0119k\u0119. Je\u015bli podczas dobierania wejd\u0105 w posiadanie bobasa, odk\u0142adaj\u0105 go w odpowiednie miejsce, wzmacniaj\u0105c tym samym armi\u0119 dzieciak\u00f3w.Zar\u00f3wno armie bobas\u00f3w, jak i potwor\u00f3w, mog\u0105 nale\u017ce\u0107 do jednego z trzech typ\u00f3w. Ma to znaczenie w momencie walki \u2013 rywalizowa\u0107 mog\u0105 wy\u0142\u0105cznie armie tego samego typu.                            <\/p>\n<p>Aby rozpocz\u0105\u0107 bitw\u0119, gracz musi sprowokowa\u0107 wybran\u0105 armi\u0119 dzieci. W tym celu pomija swoj\u0105 akcj\u0119 i m\u00f3wi g\u0142o\u015bno \u201cProwokuj\u0119\u201d. Nast\u0119pnie zliczana jest si\u0142a wybranej armii dzieci oraz si\u0142a armii potwor\u00f3w danego koloru u ka\u017cdego z graczy. Gracz z najsilniejsz\u0105 armi\u0105 potwor\u00f3w, kt\u00f3ra mo\u017ce pokona\u0107 bobasy, wygrywa bitw\u0119 i zbiera karty bobas\u00f3w. Je\u015bli \u017caden z graczy nie jest w stanie pokona\u0107 armii bobas\u00f3w, bobasy wygrywaj\u0105. UWAGA! Wszystkie potwory i bobasy walcz\u0105 tylko raz! Po walce s\u0105 odrzucane, niezale\u017cnie od wyniku.<br \/>\nGra ko\u0144czy si\u0119 w momencie, gry wyczerpi\u0105 si\u0119 karty. Wygrywa uczestnik z najwy\u017csz\u0105 sum\u0105 si\u0142y pokonanych bobas\u00f3w.                            <\/p>\n<p>            Dlaczego pokochasz t\u0119 gr\u0119?<\/p>\n<p>Je\u015bli Eksploduj\u0105ce Kotki Ci\u0119 zachwyci\u0142y, zdecydowanie musisz si\u0119gn\u0105\u0107 po Nied\u017awiedzie vs bobasy! To ten sam humor i luz pod p\u0142aszczykiem zupe\u0142nie innego tematu.Ta gra, cho\u0107 wygl\u0105da na ca\u0142kiem prost\u0105, wymaga sporo planowania i strategicznego my\u015blenia! Kluczem do zwyci\u0119stwa jest odpowiednie przygotowanie, dostosowanie do warunk\u00f3w i umiej\u0119tno\u015b\u0107 zaskoczenia przeciwnika.A wspominali\u015bmy ju\u017c o tym, \u017ce gra ma futrzaste pude\u0142ko?<\/p>\n<h2>Nied\u017awiedzie Vs Bobasy Rebel<\/h2>\n<p>menu urodzinowe dla dzieci w wieku 8 10 lat, kolorowanka my little pony, test z narnii, ka\u0142u\u017cy\u015bci, kajko i kokosz szko\u0142a latania test z odpowiedziami, zagadka logiczna dla dzieci, zagadki dla 4 latka do druku, wiersz na wielkanocnym stole, test znaki drogowe<\/p>\n<p>yyyyy<\/p>\n<p>&nbsp;<\/p>\n","protected":false},"excerpt":{"rendered":"<p>Nied\u017awiedzie vs Bobasy Tw\u00f3rz niezwyk\u0142e nied\u017awiedzie i inne potwory. Musz\u0105 by\u0107 na tyle silne, by po\u017cre\u0107 wredne bobasy, gdy te zaatakuj\u0105. Wygrywa ten, kto zje najwi\u0119cej bobas\u00f3w!Autor: Matthew Inman, Elan LeeIlustrator: Matthew InmanWydawca: Rebel Zawarto\u015b\u0107 pude\u0142ka: 107 kartinstrukcja Jak to dzia\u0142a? W swojej turze ka\u017cdy z graczy wykonuje dwie akcje: zagrywa karty lub dobiera je [&hellip;]<\/p>\n","protected":false},"featured_media":1391,"comment_status":"closed","ping_status":"open","template":"","meta":[],"product_cat":[220,219],"product_tag":[593,821,749,858,759,597],"class_list":["post-1390","product","type-product","status-publish","has-post-thumbnail","hentry","product_cat-gry-karciane","product_cat-rebel","product_tag-jak-narysowac-konia","product_tag-marianna","product_tag-najlepsze-zarty-na-prima-aprilis","product_tag-podchwytliwe-zagadki","product_tag-pomysly-na-prezent-dla-nastolatkow","product_tag-zagadki-o-zimie"],"_links":{"self":[{"href":"http:\/\/klubmamgdynia.pl\/index.php\/wp-json\/wp\/v2\/product\/1390","targetHints":{"allow":["GET"]}}],"collection":[{"href":"http:\/\/klubmamgdynia.pl\/index.php\/wp-json\/wp\/v2\/product"}],"about":[{"href":"http:\/\/klubmamgdynia.pl\/index.php\/wp-json\/wp\/v2\/types\/product"}],"replies":[{"embeddable":true,"href":"http:\/\/klubmamgdynia.pl\/index.php\/wp-json\/wp\/v2\/comments?post=1390"}],"wp:featuredmedia":[{"embeddable":true,"href":"http:\/\/klubmamgdynia.pl\/index.php\/wp-json\/wp\/v2\/media\/1391"}],"wp:attachment":[{"href":"http:\/\/klubmamgdynia.pl\/index.php\/wp-json\/wp\/v2\/media?parent=1390"}],"wp:term":[{"taxonomy":"product_cat","embeddable":true,"href":"http:\/\/klubmamgdynia.pl\/index.php\/wp-json\/wp\/v2\/product_cat?post=1390"},{"taxonomy":"product_tag","embeddable":true,"href":"http:\/\/klubmamgdynia.pl\/index.php\/wp-json\/wp\/v2\/product_tag?post=1390"}],"curies":[{"name":"wp","href":"https:\/\/api.w.org\/{rel}","templated":true}]}}