{"id":1392,"date":"2017-08-21T02:41:47","date_gmt":"2017-08-21T00:41:47","guid":{"rendered":"http:\/\/klubmamgdynia.pl\/index.php\/produkt\/big-klocki-masza-i-niedzwiedz-ogrod-maszy-31el-57091\/"},"modified":"2026-04-30T02:09:22","modified_gmt":"2026-04-30T00:09:22","slug":"big-klocki-masza-i-niedzwiedz-ogrod-maszy-31el-57091","status":"publish","type":"product","link":"http:\/\/klubmamgdynia.pl\/index.php\/produkt\/big-klocki-masza-i-niedzwiedz-ogrod-maszy-31el-57091\/","title":{"rendered":"Big Klocki Masza I Nied\u017awied\u017a Ogr\u00f3d Maszy 31el. (57091)"},"content":{"rendered":"<p>Klocki Masza i Nied\u017awied\u017a PlayBIG Bloxx Ogr\u00f3d Maszy 800057091<\/p>\n<p>Masza, g\u0142\u00f3wna bohaterka popularnej rosyjskiej bajki, uwielbia dba\u0107 o sw\u00f3j ogr\u00f3dek. Zestaw zawiera 31 element\u00f3w, w tym: figurka ogr\u00f3dek marchewki truskawki p\u0142otek z\u0142oty pojemnik Cechy produktu: Kod produktu: 800057091 Kategoria wiekowa: od 1,5 roku                            <\/p>\n<p>Klocki z serii PlayBIG Bloxx na licencji \u201eMasza i Nied\u017awied\u017a\u201d to prawdziwa gratka dla najm\u0142odszych fan\u00f3w rosyjskiej bajki. Co znajdziemy w tym rewelacyjnym zestawie? Przepi\u0119kny ogr\u00f3dek, w kt\u00f3rym rosn\u0105 ogromne marchewki i r\u00f3wnie niesamowite czerwone, dojrza\u0142e truskawki. Nad porz\u0105dkiem w ogr\u00f3dku czuwa g\u0142\u00f3wna bohaterka \u2013 Masza \u2013 kt\u00f3ra, jak wida\u0107, ma r\u0119k\u0119 do uprawy warzyw i owoc\u00f3w. Wszystkie 31 element\u00f3w zestawu zapakowane zosta\u0142o w praktyczne zielone, plastikowe pude\u0142ko, kt\u00f3re po zabawie pos\u0142u\u017cy jako magazynek na klocki. Jako\u015b\u0107 gwarantowana przez renomowan\u0105 firm\u0119 Simba!<\/p>\n<h2>Big Klocki Masza I Nied\u017awied\u017a Ogr\u00f3d Maszy 31el. (57091) Big<\/h2>\n<p>zabawy na bal karnawa\u0142owy w przedszkolu, zagadki dla dzieci 7 lat o zwierz\u0119tach, kwiaty polne nazwy, malowanki do wydruku, anio\u0142ki do druku, zagadki logiczne matematyczne dla dzieci<\/p>\n<p>yyyyy<\/p>\n<p>&nbsp;<\/p>\n","protected":false},"excerpt":{"rendered":"<p>Klocki Masza i Nied\u017awied\u017a PlayBIG Bloxx Ogr\u00f3d Maszy 800057091 Masza, g\u0142\u00f3wna bohaterka popularnej rosyjskiej bajki, uwielbia dba\u0107 o sw\u00f3j ogr\u00f3dek. Zestaw zawiera 31 element\u00f3w, w tym: figurka ogr\u00f3dek marchewki truskawki p\u0142otek z\u0142oty pojemnik Cechy produktu: Kod produktu: 800057091 Kategoria wiekowa: od 1,5 roku Klocki z serii PlayBIG Bloxx na licencji \u201eMasza i Nied\u017awied\u017a\u201d to prawdziwa [&hellip;]<\/p>\n","protected":false},"featured_media":1393,"comment_status":"closed","ping_status":"open","template":"","meta":[],"product_cat":[400,113],"product_tag":[777,652,632,805],"class_list":["post-1392","product","type-product","status-publish","has-post-thumbnail","hentry","product_cat-big","product_cat-klocki","product_tag-co-na-roczek","product_tag-otto","product_tag-warszawa-atrakcje-dla-mlodziezy","product_tag-znaczenie-imienia-alan"],"_links":{"self":[{"href":"http:\/\/klubmamgdynia.pl\/index.php\/wp-json\/wp\/v2\/product\/1392","targetHints":{"allow":["GET"]}}],"collection":[{"href":"http:\/\/klubmamgdynia.pl\/index.php\/wp-json\/wp\/v2\/product"}],"about":[{"href":"http:\/\/klubmamgdynia.pl\/index.php\/wp-json\/wp\/v2\/types\/product"}],"replies":[{"embeddable":true,"href":"http:\/\/klubmamgdynia.pl\/index.php\/wp-json\/wp\/v2\/comments?post=1392"}],"wp:featuredmedia":[{"embeddable":true,"href":"http:\/\/klubmamgdynia.pl\/index.php\/wp-json\/wp\/v2\/media\/1393"}],"wp:attachment":[{"href":"http:\/\/klubmamgdynia.pl\/index.php\/wp-json\/wp\/v2\/media?parent=1392"}],"wp:term":[{"taxonomy":"product_cat","embeddable":true,"href":"http:\/\/klubmamgdynia.pl\/index.php\/wp-json\/wp\/v2\/product_cat?post=1392"},{"taxonomy":"product_tag","embeddable":true,"href":"http:\/\/klubmamgdynia.pl\/index.php\/wp-json\/wp\/v2\/product_tag?post=1392"}],"curies":[{"name":"wp","href":"https:\/\/api.w.org\/{rel}","templated":true}]}}