{"id":1394,"date":"2014-07-13T06:22:32","date_gmt":"2014-07-13T04:22:32","guid":{"rendered":"http:\/\/klubmamgdynia.pl\/index.php\/produkt\/gra-planszowa-seemann-kandinsky-memo-wersja-niemiecka\/"},"modified":"2026-05-17T22:24:08","modified_gmt":"2026-05-17T20:24:08","slug":"gra-planszowa-seemann-kandinsky-memo-wersja-niemiecka","status":"publish","type":"product","link":"http:\/\/klubmamgdynia.pl\/index.php\/produkt\/gra-planszowa-seemann-kandinsky-memo-wersja-niemiecka\/","title":{"rendered":"Gra planszowa Seemann Kandinsky. Memo (wersja niemiecka)"},"content":{"rendered":"<p>Kandinsky war einer der bedeutendsten Expressionisten und &#8222;Erfinder&#8221; der abstrakten Malerei &#8211; ihn pr\u00e4gten die Volkskunst und die Moderne. 1911 gr\u00fcndete er in M\u00fcnchen den ber\u00fchmten &#8222;Blauen Reiter&#8221; und ab 1922 unterrichtete er am legend\u00e4ren Bauhaus. Zu seinem Kreis z\u00e4hlten Gabriele M\u00fcnter, Franz Marc, Alexej von Jawlensky und Paul Klee. Die Monografie zeigt ber\u00fchmte Werke, erz\u00e4hlt von Kandinskys bahnbrechenden Ideen und seiner Leidenschaft f\u00fcr Musik und Frauen.<\/p>\n<h2>Gra planszowa Seemann Kandinsky. Memo (wersja niemiecka) <\/h2>\n<p>pieski ma\u0142e dwa tekst, psi patrol kolorowanki, kolorowanki pikachu, prezent dla 1 latka, ma\u0142y ksi\u0105\u017c\u0119 cytaty o mi\u0142o\u015bci, gabriela imie, zagadki dla 9 latk\u00f3w, sta\u0142a pod \u015bniegiem, gabriela imie, warszawa dzieci, roczek prezenty<\/p>\n<p>yyyyy<\/p>\n<p>&nbsp;<\/p>\n","protected":false},"excerpt":{"rendered":"<p>Kandinsky war einer der bedeutendsten Expressionisten und &#8222;Erfinder&#8221; der abstrakten Malerei &#8211; ihn pr\u00e4gten die Volkskunst und die Moderne. 1911 gr\u00fcndete er in M\u00fcnchen den ber\u00fchmten &#8222;Blauen Reiter&#8221; und ab 1922 unterrichtete er am legend\u00e4ren Bauhaus. Zu seinem Kreis z\u00e4hlten Gabriele M\u00fcnter, Franz Marc, Alexej von Jawlensky und Paul Klee. Die Monografie zeigt ber\u00fchmte Werke, [&hellip;]<\/p>\n","protected":false},"featured_media":1395,"comment_status":"closed","ping_status":"open","template":"","meta":[],"product_cat":[235],"product_tag":[834,819,619,642,631,793],"class_list":["post-1394","product","type-product","status-publish","has-post-thumbnail","hentry","product_cat-gry-planszowe","product_tag-bajka-do-czytania-na-dobranoc","product_tag-co-kupic-nastolatce-na-swieta","product_tag-iwo-imie","product_tag-mia-imie","product_tag-prezent-na-roczek","product_tag-zagadki-smieszne-podchwytliwe"],"_links":{"self":[{"href":"http:\/\/klubmamgdynia.pl\/index.php\/wp-json\/wp\/v2\/product\/1394","targetHints":{"allow":["GET"]}}],"collection":[{"href":"http:\/\/klubmamgdynia.pl\/index.php\/wp-json\/wp\/v2\/product"}],"about":[{"href":"http:\/\/klubmamgdynia.pl\/index.php\/wp-json\/wp\/v2\/types\/product"}],"replies":[{"embeddable":true,"href":"http:\/\/klubmamgdynia.pl\/index.php\/wp-json\/wp\/v2\/comments?post=1394"}],"wp:featuredmedia":[{"embeddable":true,"href":"http:\/\/klubmamgdynia.pl\/index.php\/wp-json\/wp\/v2\/media\/1395"}],"wp:attachment":[{"href":"http:\/\/klubmamgdynia.pl\/index.php\/wp-json\/wp\/v2\/media?parent=1394"}],"wp:term":[{"taxonomy":"product_cat","embeddable":true,"href":"http:\/\/klubmamgdynia.pl\/index.php\/wp-json\/wp\/v2\/product_cat?post=1394"},{"taxonomy":"product_tag","embeddable":true,"href":"http:\/\/klubmamgdynia.pl\/index.php\/wp-json\/wp\/v2\/product_tag?post=1394"}],"curies":[{"name":"wp","href":"https:\/\/api.w.org\/{rel}","templated":true}]}}