{"id":1396,"date":"2024-03-01T04:49:45","date_gmt":"2024-03-01T03:49:45","guid":{"rendered":"http:\/\/klubmamgdynia.pl\/?post_type=product&#038;p=1396"},"modified":"2026-04-05T21:52:51","modified_gmt":"2026-04-05T19:52:51","slug":"final-fantasy-ix-gra-ns","status":"publish","type":"product","link":"http:\/\/klubmamgdynia.pl\/index.php\/produkt\/final-fantasy-ix-gra-ns\/","title":{"rendered":"Final Fantasy IX (Gra NS)"},"content":{"rendered":"<p>Final Fantasy IX Niesamowicie popularna gra Final Fantasy IX pojawia si\u0119 na systemie Nintendo Switch z dodatkowymi opcjami: premiami takimi jak przyspieszenie czy tryb bez star\u0107, autozapisem i wysok\u0105 rozdzielczo\u015bci\u0105! Grupa teatralna Tantalus Theatre Troupe przybywa do Kingdom of Alexandria, aby wyst\u0105pi\u0107 na urodzinach Princess Garnet. Okazuje si\u0119 jednak, \u017ce aktorzy s\u0105 z\u0142odziejami, kt\u00f3rzy planuj\u0105 porwa\u0107 ksi\u0119\u017cniczk\u0119! W mi\u0119dzyczasie m\u0142ody mag imieniem Vivi przybywa do kr\u00f3lestwa, aby obejrze\u0107 wyst\u0119p. Orientuje si\u0119 jednak, \u017ce ma podrobiony bilet&#8230; W \u015bwiecie fantasy, rodem z ksi\u0105\u017cki z obrazkami, z\u0142odziej Zidane, Princess Garnet i Vivi zostaj\u0105 wpl\u0105tani w pe\u0142n\u0105 emocji, niesamowit\u0105 kryszta\u0142ow\u0105 przygod\u0119!<\/p>\n<h2>Final Fantasy IX (Gra NS) Square Enix<\/h2>\n<p>trudne zagadki na inteligencje, imi\u0119 iwo, kuchcikowo przepisy dla dzieci, ozdoby \u015bwi\u0105teczne z rolek po papierze toaletowym<\/p>\n<p>yyyyy<\/p>\n<p>&nbsp;<\/p>\n","protected":false},"excerpt":{"rendered":"<p>Final Fantasy IX Niesamowicie popularna gra Final Fantasy IX pojawia si\u0119 na systemie Nintendo Switch z dodatkowymi opcjami: premiami takimi jak przyspieszenie czy tryb bez star\u0107, autozapisem i wysok\u0105 rozdzielczo\u015bci\u0105! Grupa teatralna Tantalus Theatre Troupe przybywa do Kingdom of Alexandria, aby wyst\u0105pi\u0107 na urodzinach Princess Garnet. Okazuje si\u0119 jednak, \u017ce aktorzy s\u0105 z\u0142odziejami, kt\u00f3rzy planuj\u0105 [&hellip;]<\/p>\n","protected":false},"featured_media":1397,"comment_status":"closed","ping_status":"open","template":"","meta":[],"product_cat":[348,355],"product_tag":[730,644,608,779],"class_list":["post-1396","product","type-product","status-publish","has-post-thumbnail","hentry","product_cat-gry-nintendo-switch","product_cat-square-enix","product_tag-karyna","product_tag-mia","product_tag-zagadki-i-odpowiedzi","product_tag-zarty-na-prima-aprilis-w-domu"],"_links":{"self":[{"href":"http:\/\/klubmamgdynia.pl\/index.php\/wp-json\/wp\/v2\/product\/1396","targetHints":{"allow":["GET"]}}],"collection":[{"href":"http:\/\/klubmamgdynia.pl\/index.php\/wp-json\/wp\/v2\/product"}],"about":[{"href":"http:\/\/klubmamgdynia.pl\/index.php\/wp-json\/wp\/v2\/types\/product"}],"replies":[{"embeddable":true,"href":"http:\/\/klubmamgdynia.pl\/index.php\/wp-json\/wp\/v2\/comments?post=1396"}],"wp:featuredmedia":[{"embeddable":true,"href":"http:\/\/klubmamgdynia.pl\/index.php\/wp-json\/wp\/v2\/media\/1397"}],"wp:attachment":[{"href":"http:\/\/klubmamgdynia.pl\/index.php\/wp-json\/wp\/v2\/media?parent=1396"}],"wp:term":[{"taxonomy":"product_cat","embeddable":true,"href":"http:\/\/klubmamgdynia.pl\/index.php\/wp-json\/wp\/v2\/product_cat?post=1396"},{"taxonomy":"product_tag","embeddable":true,"href":"http:\/\/klubmamgdynia.pl\/index.php\/wp-json\/wp\/v2\/product_tag?post=1396"}],"curies":[{"name":"wp","href":"https:\/\/api.w.org\/{rel}","templated":true}]}}