{"id":1398,"date":"2013-08-20T20:43:08","date_gmt":"2013-08-20T18:43:08","guid":{"rendered":"http:\/\/klubmamgdynia.pl\/index.php\/produkt\/teenage-mutant-ninja-turtles-the-cowabunga-collection-gra-ps5\/"},"modified":"2026-05-17T22:06:37","modified_gmt":"2026-05-17T20:06:37","slug":"teenage-mutant-ninja-turtles-the-cowabunga-collection-gra-ps5","status":"publish","type":"product","link":"http:\/\/klubmamgdynia.pl\/index.php\/produkt\/teenage-mutant-ninja-turtles-the-cowabunga-collection-gra-ps5\/","title":{"rendered":"Teenage Mutant Ninja Turtles The Cowabunga Collection (Gra PS5)"},"content":{"rendered":"<p>Teenage Mutant Ninja Turtles: The Cowabunga Collection to trzyna\u015bcie klasycznych gier z serii TMNT firmy KONAMI w jednym niesamowitym pakiecie. To wyj\u0105tkowa okazja, aby zagra\u0107 w te kultowe tytu\u0142y na nowoczesnych konsolach.Nowo\u015bci:Mo\u017cliwo\u015b\u0107 gry online* oraz kanapowe granieZapisywanie w dowolnym momencie i przewijanieJedena\u015bcie japo\u0144skich wersji regionalnych**Mapowanie przycisk\u00f3wUnikatowe arty i materia\u0142y historyczne TMNTGry s\u0105 oparte na postaciach i motywach z kresk\u00f3wki dla dzieci z lat 80. i serii komiks\u00f3w &#8222;The Teenage Mutant Ninja Turtles&#8221;. Akcja gry cz\u0119sto rozgrywa si\u0119 w fikcyjnym Nowym Jorku, w kana\u0142ach i futurystycznych bazach wroga, a nawet w czasie! Teenage Mutant Ninja Turtles: The Cowabunga Collection zawiera:Teenage Mutant Ninja Turtles (Arcade)Teenage Mutant Ninja Turtles: Turtles in Time (Arcade) Teenage Mutant Ninja Turtles (NES)Teenage Mutant Ninja Turtles II: The Arcade Game (NES)Teenage Mutant Ninja Turtles III: The Manhattan Project (NES)Teenage Mutant Ninja Turtles: Tournament Fighters (NES)Teenage Mutant Ninja Turtles IV: Turtles in Time (Super Nintendo)Teenage Mutant Ninja Turtles: Tournament Fighters (Super Nintendo)Teenage Mutant Ninja Turtles: The Hyperstone Heist (Sega Genesis)Teenage Mutant Ninja Turtles: Tournament Fighters (Sega Genesis)Teenage Mutant Ninja Turtles: Fall of The Foot Clan (Game Boy)Teenage Mutant Ninja Turtles II: Back From The Sewers (Game Boy)Teenage Mutant Ninja Turtles III: Radical Rescue (Game Boy)Liczba graczy: 1-4*Tytu\u0142y z funkcj\u0105 online &#8211; TMNT (Arcade), TMNT: Turtles in Time (Arcade), TMNT: The Hyperstone Heist, TMNT: Tournament Fighters (Super Nintendo)** Brak japo\u0144skich wersji gier TMNT: Turtles in Time (Arcade) i TMNT: Tournament Fighters (NES)<\/p>\n<h2>Teenage Mutant Ninja Turtles The Cowabunga Collection (Gra PS5) Digital Eclipse<\/h2>\n<p>choinko pi\u0119kna jak las tekst, my jeste\u015bmy krasnoludki tekst, koty rysunki, bajeczki na dobranoc, kr\u00f3tkie zagadki logiczne, gad\u017cety dla nastolatk\u00f3w 2021, z\u0142ote my\u015bli cytaty o szkole i nauce, kolorowanki wakacje, zagadki dla dzieci 10-12 lat, misie z bajek, dinozaur bajka, kolorowanki konie, krok jak narysowa\u0107 konia, kajko i kokosz test z lektury, alfabet kolorowanki, krak\u00f3w atrakcje dla dzieci, z\u0142ote my\u015bli o przyja\u017ani<\/p>\n<p>yyyyy<\/p>\n<p>&nbsp;<\/p>\n","protected":false},"excerpt":{"rendered":"<p>Teenage Mutant Ninja Turtles: The Cowabunga Collection to trzyna\u015bcie klasycznych gier z serii TMNT firmy KONAMI w jednym niesamowitym pakiecie. To wyj\u0105tkowa okazja, aby zagra\u0107 w te kultowe tytu\u0142y na nowoczesnych konsolach.Nowo\u015bci:Mo\u017cliwo\u015b\u0107 gry online* oraz kanapowe granieZapisywanie w dowolnym momencie i przewijanieJedena\u015bcie japo\u0144skich wersji regionalnych**Mapowanie przycisk\u00f3wUnikatowe arty i materia\u0142y historyczne TMNTGry s\u0105 oparte na postaciach [&hellip;]<\/p>\n","protected":false},"featured_media":1399,"comment_status":"closed","ping_status":"open","template":"","meta":[],"product_cat":[401,217],"product_tag":[790,673,612,621,778,849],"class_list":["post-1398","product","type-product","status-publish","has-post-thumbnail","hentry","product_cat-digital-eclipse","product_cat-gry-playstation-5","product_tag-gry-planszowe-dla-nastolatkow","product_tag-juz-blisko-koleda-tekst","product_tag-kolorowanki-do-druku","product_tag-prezenty-roczek","product_tag-zabawki-na-roczek-dla-chlopca","product_tag-zagadki-matematyczne-dla-dzieci"],"_links":{"self":[{"href":"http:\/\/klubmamgdynia.pl\/index.php\/wp-json\/wp\/v2\/product\/1398","targetHints":{"allow":["GET"]}}],"collection":[{"href":"http:\/\/klubmamgdynia.pl\/index.php\/wp-json\/wp\/v2\/product"}],"about":[{"href":"http:\/\/klubmamgdynia.pl\/index.php\/wp-json\/wp\/v2\/types\/product"}],"replies":[{"embeddable":true,"href":"http:\/\/klubmamgdynia.pl\/index.php\/wp-json\/wp\/v2\/comments?post=1398"}],"wp:featuredmedia":[{"embeddable":true,"href":"http:\/\/klubmamgdynia.pl\/index.php\/wp-json\/wp\/v2\/media\/1399"}],"wp:attachment":[{"href":"http:\/\/klubmamgdynia.pl\/index.php\/wp-json\/wp\/v2\/media?parent=1398"}],"wp:term":[{"taxonomy":"product_cat","embeddable":true,"href":"http:\/\/klubmamgdynia.pl\/index.php\/wp-json\/wp\/v2\/product_cat?post=1398"},{"taxonomy":"product_tag","embeddable":true,"href":"http:\/\/klubmamgdynia.pl\/index.php\/wp-json\/wp\/v2\/product_tag?post=1398"}],"curies":[{"name":"wp","href":"https:\/\/api.w.org\/{rel}","templated":true}]}}