{"id":14,"date":"2023-11-17T07:36:13","date_gmt":"2023-11-17T06:36:13","guid":{"rendered":"http:\/\/klubmamgdynia.pl\/?post_type=product&#038;p=14"},"modified":"2026-04-03T23:18:42","modified_gmt":"2026-04-03T21:18:42","slug":"charlie-banana-pielucha-wielorazowa-2-wklady-chlonne-soccer-one-size-hybrid-aio","status":"publish","type":"product","link":"http:\/\/klubmamgdynia.pl\/index.php\/produkt\/charlie-banana-pielucha-wielorazowa-2-wklady-chlonne-soccer-one-size-hybrid-aio\/","title":{"rendered":"Charlie Banana Pielucha Wielorazowa + 2 Wk\u0142ady Ch\u0142onne Soccer One Size Hybrid Aio"},"content":{"rendered":"<p>Wielorazowa pielucha All-In-One: \u25cf \u0141atwa w u\u017cyciu \u25cf Ekologiczna \u25cf Ekonomiczna \u25cf Wielokrotnego u\u017cytku \u25cf Jeden rozmiar dla wszystkich \u25cf \u0141atwy system regulacji rozmiaru \u25cf Doskona\u0142a ch\u0142onno\u015b\u0107 \u25cf Os\u0142ona nogawek chroni\u0105ca przed przeciekaniem \u25cf Elastyczny szeroki ty\u0142 \u25cf Przednia klapka<\/p>\n<h2>Charlie Banana Pielucha Wielorazowa + 2 Wk\u0142ady Ch\u0142onne Soccer One Size Hybrid Aio Charlie Banana<\/h2>\n<p>prezent na roczek dziewczynka, kr\u00f3tkie bajki dla dzieci do czytania, mitologia test wiedzy, impreza halloween 2021 dla dzieci, prezenty urodzinowe dla nastolatk\u00f3w, zagadki dla sze\u015bciolatk\u00f3w<\/p>\n<p>yyyyy<\/p>\n<p>&nbsp;<\/p>\n","protected":false},"excerpt":{"rendered":"<p>Wielorazowa pielucha All-In-One: \u25cf \u0141atwa w u\u017cyciu \u25cf Ekologiczna \u25cf Ekonomiczna \u25cf Wielokrotnego u\u017cytku \u25cf Jeden rozmiar dla wszystkich \u25cf \u0141atwy system regulacji rozmiaru \u25cf Doskona\u0142a ch\u0142onno\u015b\u0107 \u25cf Os\u0142ona nogawek chroni\u0105ca przed przeciekaniem \u25cf Elastyczny szeroki ty\u0142 \u25cf Przednia klapka Charlie Banana Pielucha Wielorazowa + 2 Wk\u0142ady Ch\u0142onne Soccer One Size Hybrid Aio Charlie Banana [&hellip;]<\/p>\n","protected":false},"featured_media":15,"comment_status":"closed","ping_status":"open","template":"","meta":[],"product_cat":[16,17],"product_tag":[719,613,760,713,793],"class_list":["post-14","product","type-product","status-publish","has-post-thumbnail","hentry","product_cat-charlie-banana","product_cat-pieluchy","product_tag-dziecko-cytaty-zlote-mysli","product_tag-na-wyspach-bergamutach","product_tag-zagadka-matematyczna","product_tag-zagadki-logiczne-z-odpowiedziami","product_tag-zagadki-smieszne-podchwytliwe"],"_links":{"self":[{"href":"http:\/\/klubmamgdynia.pl\/index.php\/wp-json\/wp\/v2\/product\/14","targetHints":{"allow":["GET"]}}],"collection":[{"href":"http:\/\/klubmamgdynia.pl\/index.php\/wp-json\/wp\/v2\/product"}],"about":[{"href":"http:\/\/klubmamgdynia.pl\/index.php\/wp-json\/wp\/v2\/types\/product"}],"replies":[{"embeddable":true,"href":"http:\/\/klubmamgdynia.pl\/index.php\/wp-json\/wp\/v2\/comments?post=14"}],"wp:featuredmedia":[{"embeddable":true,"href":"http:\/\/klubmamgdynia.pl\/index.php\/wp-json\/wp\/v2\/media\/15"}],"wp:attachment":[{"href":"http:\/\/klubmamgdynia.pl\/index.php\/wp-json\/wp\/v2\/media?parent=14"}],"wp:term":[{"taxonomy":"product_cat","embeddable":true,"href":"http:\/\/klubmamgdynia.pl\/index.php\/wp-json\/wp\/v2\/product_cat?post=14"},{"taxonomy":"product_tag","embeddable":true,"href":"http:\/\/klubmamgdynia.pl\/index.php\/wp-json\/wp\/v2\/product_tag?post=14"}],"curies":[{"name":"wp","href":"https:\/\/api.w.org\/{rel}","templated":true}]}}