{"id":1402,"date":"2019-02-15T20:57:59","date_gmt":"2019-02-15T19:57:59","guid":{"rendered":"http:\/\/klubmamgdynia.pl\/index.php\/produkt\/gra-planszowa-asmodee-pandemic-legacy-season-2-gelb-wersja-niemiecka\/"},"modified":"2026-04-25T01:26:19","modified_gmt":"2026-04-24T23:26:19","slug":"gra-planszowa-asmodee-pandemic-legacy-season-2-gelb-wersja-niemiecka","status":"publish","type":"product","link":"http:\/\/klubmamgdynia.pl\/index.php\/produkt\/gra-planszowa-asmodee-pandemic-legacy-season-2-gelb-wersja-niemiecka\/","title":{"rendered":"Gra planszowa Asmodee Pandemic Legacy Season 2 Gelb (wersja niemiecka)"},"content":{"rendered":"<h2>Gra planszowa Asmodee Pandemic Legacy Season 2 Gelb (wersja niemiecka) Asmodee<\/h2>\n<p>m\u0105dre bajki dla dzieci do czytania, psi patrol kolorowanka, zagadki dla dzieci 10 12 lat z odpowiedziami, prezent dla ch\u0142opca 7 lat, gloria imie, niech \u017cyj\u0105 wakacje, w uk\u0142adzie s\u0142onecznym tekst, uk\u0142ad s\u0142oneczny dla dzieci do druku, babcia z dziadkiem to jest to tekst<\/p>\n<p>yyyyy<\/p>\n<p>&nbsp;<\/p>\n","protected":false},"excerpt":{"rendered":"<p>Gra planszowa Asmodee Pandemic Legacy Season 2 Gelb (wersja niemiecka) Asmodee m\u0105dre bajki dla dzieci do czytania, psi patrol kolorowanka, zagadki dla dzieci 10 12 lat z odpowiedziami, prezent dla ch\u0142opca 7 lat, gloria imie, niech \u017cyj\u0105 wakacje, w uk\u0142adzie s\u0142onecznym tekst, uk\u0142ad s\u0142oneczny dla dzieci do druku, babcia z dziadkiem to jest to tekst [&hellip;]<\/p>\n","protected":false},"featured_media":1403,"comment_status":"closed","ping_status":"open","template":"","meta":[],"product_cat":[402,235],"product_tag":[839,813,774,783],"class_list":["post-1402","product","type-product","status-publish","has-post-thumbnail","hentry","product_cat-asmodee","product_cat-gry-planszowe","product_tag-bajki-na-dobranoc-do-czytania","product_tag-krotkie-zagadki-matematyczne-z-odpowiedziami","product_tag-prezent-na-roczek-nie-zabawka","product_tag-prezenty-na-roczek-dla-chlopca"],"_links":{"self":[{"href":"http:\/\/klubmamgdynia.pl\/index.php\/wp-json\/wp\/v2\/product\/1402","targetHints":{"allow":["GET"]}}],"collection":[{"href":"http:\/\/klubmamgdynia.pl\/index.php\/wp-json\/wp\/v2\/product"}],"about":[{"href":"http:\/\/klubmamgdynia.pl\/index.php\/wp-json\/wp\/v2\/types\/product"}],"replies":[{"embeddable":true,"href":"http:\/\/klubmamgdynia.pl\/index.php\/wp-json\/wp\/v2\/comments?post=1402"}],"wp:featuredmedia":[{"embeddable":true,"href":"http:\/\/klubmamgdynia.pl\/index.php\/wp-json\/wp\/v2\/media\/1403"}],"wp:attachment":[{"href":"http:\/\/klubmamgdynia.pl\/index.php\/wp-json\/wp\/v2\/media?parent=1402"}],"wp:term":[{"taxonomy":"product_cat","embeddable":true,"href":"http:\/\/klubmamgdynia.pl\/index.php\/wp-json\/wp\/v2\/product_cat?post=1402"},{"taxonomy":"product_tag","embeddable":true,"href":"http:\/\/klubmamgdynia.pl\/index.php\/wp-json\/wp\/v2\/product_tag?post=1402"}],"curies":[{"name":"wp","href":"https:\/\/api.w.org\/{rel}","templated":true}]}}