{"id":1404,"date":"2012-10-31T12:01:04","date_gmt":"2012-10-31T11:01:04","guid":{"rendered":"http:\/\/klubmamgdynia.pl\/index.php\/produkt\/formula-1-2012-gra-xbox-360\/"},"modified":"2026-04-28T15:53:48","modified_gmt":"2026-04-28T13:53:48","slug":"formula-1-2012-gra-xbox-360","status":"publish","type":"product","link":"http:\/\/klubmamgdynia.pl\/index.php\/produkt\/formula-1-2012-gra-xbox-360\/","title":{"rendered":"Formula 1 2012 (Gra Xbox 360)"},"content":{"rendered":"<p>Trzecie wydanie oficjalnej gry mistrzostw \u015bwiata Formu\u0142y 1<\/p>\n<p>Podobnie jak w przypadku dw\u00f3ch poprzednich ods\u0142on ca\u0142o\u015b\u0107 wyprodukowa\u0142a brytyjska firma Codemasters. Autorzy drobiazgowo odtworzyli sezon 2012 i wprowadzili mas\u0119 poprawek do mechaniki jazdy. F1 2012 to kolejna gra brytyjskiej firmy Codemasters stworzona na licencji Formu\u0142y 1. Za jej wyprodukowanie odpowiada ten sam zesp\u00f3\u0142, kt\u00f3ry da\u0142 \u015bwiatu F1 2010 i F1 2012.                            <\/p>\n<p>            Autorzy drobiazgowo zrekonstruowali ka\u017cdy element sezonu 2012 Formu\u0142y 1<\/p>\n<p>Dzi\u0119ki temu otrzymali\u015bmy wirtualne wersje wszystkich zespo\u0142\u00f3w, tras, pojazd\u00f3w i kierowc\u00f3w. Wy\u015bcigi mo\u017cemy rozgrywa\u0107 w tradycyjnym trybie Grand Prix, lub te\u017c pobawi\u0107 si\u0119 w szybkich wyzwaniach w ramach Time Attack oraz Proving Grounds, w kt\u00f3rym w okre\u015blonych przez tw\u00f3rc\u00f3w warunkach atmosferycznych staramy si\u0119 osi\u0105gn\u0105\u0107 jak najlepszy czas pojedynczego okr\u0105\u017cenia. W por\u00f3wnaniu z poprzedni\u0105 ods\u0142on\u0105 zwi\u0119kszono jako\u015b\u0107 silnika fizycznego, dzi\u0119ki czemu jazda jest jeszcze bardziej realistyczna. Nie zapomniano r\u00f3wnie\u017c o poprawieniu grafiki.<\/p>\n<h2>Formula 1 2012 (Gra Xbox 360) CD Projekt<\/h2>\n<p>melania imi\u0119, jak rozmawia\u0107 z dzie\u0107mi o wojnie, ma\u0142y ksi\u0105\u017c\u0119 &#8211; test z odpowiedziami, super zings kolorowanki, kolorowanka pokemon, serce kolorowanka, wroc\u0142aw dla dzieci, mi\u0142osz imi\u0119, wzory zaprosze\u0144 zaproszenie na urodziny do druku pdf, tabliczka mno\u017cenia zadania do druku<\/p>\n<p>yyyyy<\/p>\n<p>&nbsp;<\/p>\n","protected":false},"excerpt":{"rendered":"<p>Trzecie wydanie oficjalnej gry mistrzostw \u015bwiata Formu\u0142y 1 Podobnie jak w przypadku dw\u00f3ch poprzednich ods\u0142on ca\u0142o\u015b\u0107 wyprodukowa\u0142a brytyjska firma Codemasters. Autorzy drobiazgowo odtworzyli sezon 2012 i wprowadzili mas\u0119 poprawek do mechaniki jazdy. F1 2012 to kolejna gra brytyjskiej firmy Codemasters stworzona na licencji Formu\u0142y 1. Za jej wyprodukowanie odpowiada ten sam zesp\u00f3\u0142, kt\u00f3ry da\u0142 \u015bwiatu [&hellip;]<\/p>\n","protected":false},"featured_media":1405,"comment_status":"closed","ping_status":"open","template":"","meta":[],"product_cat":[202,403],"product_tag":[834,667,726],"class_list":["post-1404","product","type-product","status-publish","has-post-thumbnail","hentry","product_cat-cd-projekt","product_cat-gry-xbox-360","product_tag-bajka-do-czytania-na-dobranoc","product_tag-kolorowanka-lol","product_tag-quiz-zemsta"],"_links":{"self":[{"href":"http:\/\/klubmamgdynia.pl\/index.php\/wp-json\/wp\/v2\/product\/1404","targetHints":{"allow":["GET"]}}],"collection":[{"href":"http:\/\/klubmamgdynia.pl\/index.php\/wp-json\/wp\/v2\/product"}],"about":[{"href":"http:\/\/klubmamgdynia.pl\/index.php\/wp-json\/wp\/v2\/types\/product"}],"replies":[{"embeddable":true,"href":"http:\/\/klubmamgdynia.pl\/index.php\/wp-json\/wp\/v2\/comments?post=1404"}],"wp:featuredmedia":[{"embeddable":true,"href":"http:\/\/klubmamgdynia.pl\/index.php\/wp-json\/wp\/v2\/media\/1405"}],"wp:attachment":[{"href":"http:\/\/klubmamgdynia.pl\/index.php\/wp-json\/wp\/v2\/media?parent=1404"}],"wp:term":[{"taxonomy":"product_cat","embeddable":true,"href":"http:\/\/klubmamgdynia.pl\/index.php\/wp-json\/wp\/v2\/product_cat?post=1404"},{"taxonomy":"product_tag","embeddable":true,"href":"http:\/\/klubmamgdynia.pl\/index.php\/wp-json\/wp\/v2\/product_tag?post=1404"}],"curies":[{"name":"wp","href":"https:\/\/api.w.org\/{rel}","templated":true}]}}