{"id":1406,"date":"2015-02-08T03:12:20","date_gmt":"2015-02-08T02:12:20","guid":{"rendered":"http:\/\/klubmamgdynia.pl\/index.php\/produkt\/the-escapists-2-wicked-ward-digital\/"},"modified":"2026-04-27T00:56:45","modified_gmt":"2026-04-26T22:56:45","slug":"the-escapists-2-wicked-ward-digital","status":"publish","type":"product","link":"http:\/\/klubmamgdynia.pl\/index.php\/produkt\/the-escapists-2-wicked-ward-digital\/","title":{"rendered":"The Escapists 2 Wicked Ward (Digital)"},"content":{"rendered":"<p>Things have taken a strange turn in the locked off wings of an abandoned hospital. A mad scientist and his hoard of undead guard their territory within the gothic halls. Outside an ominous sky of thunder, rain and lightning blankets the surrounding woods. Once again, you\u2019ll have to craft, fight and scheme your way to freedom from this eerie supernatural slammer.- A brand-new horror themed map to escape from- New Halloween themed customisations- New outfits- New items and craftable recipes<\/p>\n<h2>The Escapists 2 Wicked Ward (Digital) Team17<\/h2>\n<p>prima aprilis pomys\u0142y, ale kino program, ozdoby na choinke przedszkole, s\u0142oneczko, jak narysowa\u0107 oko, pytania do lektury asiunia, eneduerabe, estera, quiz z bajek, znaki drogowe quizy, wierszyk o choince, zagadki dla przedszkolak\u00f3w, zagadki o wielkanocy, maski karnawa\u0142owe dla dzieci szablony, emanuel, mia<\/p>\n<p>yyyyy<\/p>\n<p>&nbsp;<\/p>\n","protected":false},"excerpt":{"rendered":"<p>Things have taken a strange turn in the locked off wings of an abandoned hospital. A mad scientist and his hoard of undead guard their territory within the gothic halls. Outside an ominous sky of thunder, rain and lightning blankets the surrounding woods. Once again, you\u2019ll have to craft, fight and scheme your way to [&hellip;]<\/p>\n","protected":false},"featured_media":1407,"comment_status":"closed","ping_status":"open","template":"","meta":[],"product_cat":[352,404],"product_tag":[859,758,813,739],"class_list":["post-1406","product","type-product","status-publish","has-post-thumbnail","hentry","product_cat-gry-do-pobrania-na-pc","product_cat-team17","product_tag-dobranoc-pchly-na-noc","product_tag-julian","product_tag-krotkie-zagadki-matematyczne-z-odpowiedziami","product_tag-prima-aprilis-w-szkole"],"_links":{"self":[{"href":"http:\/\/klubmamgdynia.pl\/index.php\/wp-json\/wp\/v2\/product\/1406","targetHints":{"allow":["GET"]}}],"collection":[{"href":"http:\/\/klubmamgdynia.pl\/index.php\/wp-json\/wp\/v2\/product"}],"about":[{"href":"http:\/\/klubmamgdynia.pl\/index.php\/wp-json\/wp\/v2\/types\/product"}],"replies":[{"embeddable":true,"href":"http:\/\/klubmamgdynia.pl\/index.php\/wp-json\/wp\/v2\/comments?post=1406"}],"wp:featuredmedia":[{"embeddable":true,"href":"http:\/\/klubmamgdynia.pl\/index.php\/wp-json\/wp\/v2\/media\/1407"}],"wp:attachment":[{"href":"http:\/\/klubmamgdynia.pl\/index.php\/wp-json\/wp\/v2\/media?parent=1406"}],"wp:term":[{"taxonomy":"product_cat","embeddable":true,"href":"http:\/\/klubmamgdynia.pl\/index.php\/wp-json\/wp\/v2\/product_cat?post=1406"},{"taxonomy":"product_tag","embeddable":true,"href":"http:\/\/klubmamgdynia.pl\/index.php\/wp-json\/wp\/v2\/product_tag?post=1406"}],"curies":[{"name":"wp","href":"https:\/\/api.w.org\/{rel}","templated":true}]}}