{"id":141,"date":"2016-02-27T11:08:23","date_gmt":"2016-02-27T10:08:23","guid":{"rendered":"http:\/\/klubmamgdynia.pl\/index.php\/produkt\/r-sport-ladowarka-12v\/"},"modified":"2026-04-29T16:53:07","modified_gmt":"2026-04-29T14:53:07","slug":"r-sport-ladowarka-12v","status":"publish","type":"product","link":"http:\/\/klubmamgdynia.pl\/index.php\/produkt\/r-sport-ladowarka-12v\/","title":{"rendered":"R-sport \u0141adowarka 12V"},"content":{"rendered":"<p>\u0141adowarka do pojazd\u00f3w akumulatorowych o paramatrach 12V 1000mAINPUT POWER : 0.23 AOUTPUT : 12 V \/ 1000 mA110 \/ 240 V &#8211; 50\/60 HzNowoczesna ultralekka \u0142adowarkaPASUJ\u0104CA DO WI\u0118KSZO\u015aCI POJAZD\u00d3W NA AKUMULATOR DLA DZIECI<\/p>\n<h2>R-sport \u0141adowarka 12V R-Sport<\/h2>\n<p>filmy disneya, imi\u0119 adriana, bajki dla niemowl\u0105t, zaj\u0119cia dla nastolatk\u00f3w, rozalia imie, zagadki logiczne i odpowiedzi, przyjazn, jak narysowac kota, zagadki dla ma\u0142ych dzieci, liwia imi\u0119, pieski, \u017carty na prima aprilis w domu, \u0142amig\u0142\u00f3wki s\u0142owne, sandra imie, hymn g\u00f3rniczy, test asiunia joanna papuzi\u0144ska, karaluchy pod poduchy a szczypawki, rysowanki<\/p>\n<p>yyyyy<\/p>\n<p>&nbsp;<\/p>\n","protected":false},"excerpt":{"rendered":"<p>\u0141adowarka do pojazd\u00f3w akumulatorowych o paramatrach 12V 1000mAINPUT POWER : 0.23 AOUTPUT : 12 V \/ 1000 mA110 \/ 240 V &#8211; 50\/60 HzNowoczesna ultralekka \u0142adowarkaPASUJ\u0104CA DO WI\u0118KSZO\u015aCI POJAZD\u00d3W NA AKUMULATOR DLA DZIECI R-sport \u0141adowarka 12V R-Sport filmy disneya, imi\u0119 adriana, bajki dla niemowl\u0105t, zaj\u0119cia dla nastolatk\u00f3w, rozalia imie, zagadki logiczne i odpowiedzi, przyjazn, jak [&hellip;]<\/p>\n","protected":false},"featured_media":142,"comment_status":"closed","ping_status":"open","template":"","meta":[],"product_cat":[75,24],"product_tag":[789,703,627,633,767],"class_list":["post-141","product","type-product","status-publish","has-post-thumbnail","hentry","product_cat-r-sport","product_cat-samochody-dla-dzieci","product_tag-kaczuszka","product_tag-prezent-dla-nastolatki","product_tag-quiz-dzieci-z-bullerbyn","product_tag-zagadki-z-odpowiedziami","product_tag-zaproszenia-urodzinowe-do-druku"],"_links":{"self":[{"href":"http:\/\/klubmamgdynia.pl\/index.php\/wp-json\/wp\/v2\/product\/141","targetHints":{"allow":["GET"]}}],"collection":[{"href":"http:\/\/klubmamgdynia.pl\/index.php\/wp-json\/wp\/v2\/product"}],"about":[{"href":"http:\/\/klubmamgdynia.pl\/index.php\/wp-json\/wp\/v2\/types\/product"}],"replies":[{"embeddable":true,"href":"http:\/\/klubmamgdynia.pl\/index.php\/wp-json\/wp\/v2\/comments?post=141"}],"wp:featuredmedia":[{"embeddable":true,"href":"http:\/\/klubmamgdynia.pl\/index.php\/wp-json\/wp\/v2\/media\/142"}],"wp:attachment":[{"href":"http:\/\/klubmamgdynia.pl\/index.php\/wp-json\/wp\/v2\/media?parent=141"}],"wp:term":[{"taxonomy":"product_cat","embeddable":true,"href":"http:\/\/klubmamgdynia.pl\/index.php\/wp-json\/wp\/v2\/product_cat?post=141"},{"taxonomy":"product_tag","embeddable":true,"href":"http:\/\/klubmamgdynia.pl\/index.php\/wp-json\/wp\/v2\/product_tag?post=141"}],"curies":[{"name":"wp","href":"https:\/\/api.w.org\/{rel}","templated":true}]}}