{"id":1410,"date":"2022-08-03T22:08:03","date_gmt":"2022-08-03T20:08:03","guid":{"rendered":"http:\/\/klubmamgdynia.pl\/index.php\/produkt\/little-tikes-duzy-stol-piknikowy-niebieski-4668\/"},"modified":"2026-04-03T14:43:16","modified_gmt":"2026-04-03T12:43:16","slug":"little-tikes-duzy-stol-piknikowy-niebieski-4668","status":"publish","type":"product","link":"http:\/\/klubmamgdynia.pl\/index.php\/produkt\/little-tikes-duzy-stol-piknikowy-niebieski-4668\/","title":{"rendered":"Little Tikes Du\u017cy St\u00f3\u0142 Piknikowy Niebieski 4668"},"content":{"rendered":"<p>Little tikes Ogromny st\u00f3\u0142 piknikowy Stolik niebieski<\/p>\n<p>Little Tikes du\u017cy st\u00f3\u0142 piknikowy dla dzieci. Stolik w barwach niebiesko czerwonych jest idealny do zabawy zar\u00f3wno w domu jak i w ogrodzie. St\u00f3\u0142 zosta\u0142 wyposa\u017cony w wygodne siedziska oraz zaokr\u0105glone i g\u0142adkie kraw\u0119dzie dla zapewnienia bezpiecze\u0144stwa. Odpowiedni do wykonywania wszelkich zada\u0144, np. lepienia, malowania, wycinania czy jedzenia. Stolik zaprojektowany dla 6 dzieci. Max. waga jednego dziecka: 36 kg.<\/p>\n<p>Produkty firmy Little Tikes s\u0105 znane i lubiane na wszystkich kontynentach, w wielu domach w\u015br\u00f3d niezliczonej rzeszy u\u015bmiechni\u0119tych dzieci oraz zadowolonych rodzic\u00f3w. Maj\u0105c na uwadze bezpiecze\u0144stwo dzieci, firma Little Tikes wytwarza produkty, kt\u00f3re gwarantuj\u0105 wszystkie niezb\u0119dne normy bezpiecze\u0144stwa. Maj\u0105c na wzgl\u0119dzie wytrzyma\u0142o\u015b\u0107 produkt\u00f3w, zabawki projektowane i produkowane s\u0105 w najbardziej w\u0142a\u015bciwej technologii jak\u0105 jest &#8222;rotomolding&#8221;, gwarantuj\u0105c wspania\u0142\u0105 zabaw\u0119 przez d\u0142ugie lata. Ostrze\u017cenie. Wy\u0142\u0105cznie do u\u017cytku domowego.<\/p>\n<h2>Little Tikes Du\u017cy St\u00f3\u0142 Piknikowy Niebieski 4668 Little Tikes<\/h2>\n<p>zagadki dla dzieci 7 lat, szopka do druku, imiona dla ch\u0142opc\u00f3w, ninjago kolorowanka, przysz\u0142a zima bia\u0142a, zaproszenie na urodziny do druku, \u017carty na prima aprilis dla dzieci, policja kolorowanka, motylek, marianna, krok jak narysowa\u0107 konia, opowie\u015b\u0107 wigilijna test z odpowiedziami, lidia imie, \u015bwinka peppa do czytania, mia i ja kolorowanka, atrakcje wroc\u0142aw i okolice<\/p>\n<p>yyyyy<\/p>\n<p>&nbsp;<\/p>\n","protected":false},"excerpt":{"rendered":"<p>Little tikes Ogromny st\u00f3\u0142 piknikowy Stolik niebieski Little Tikes du\u017cy st\u00f3\u0142 piknikowy dla dzieci. Stolik w barwach niebiesko czerwonych jest idealny do zabawy zar\u00f3wno w domu jak i w ogrodzie. St\u00f3\u0142 zosta\u0142 wyposa\u017cony w wygodne siedziska oraz zaokr\u0105glone i g\u0142adkie kraw\u0119dzie dla zapewnienia bezpiecze\u0144stwa. Odpowiedni do wykonywania wszelkich zada\u0144, np. lepienia, malowania, wycinania czy jedzenia. [&hellip;]<\/p>\n","protected":false},"featured_media":1411,"comment_status":"closed","ping_status":"open","template":"","meta":[],"product_cat":[317,80],"product_tag":[802,711,709],"class_list":["post-1410","product","type-product","status-publish","has-post-thumbnail","hentry","product_cat-little-tikes","product_cat-pozostale-zabawki-ogrodowe","product_tag-co-kupic-dziewczynce-na-roczek","product_tag-prezenty-dla-nastolatkow","product_tag-zagadki-dla-dzieci-6-7-lat"],"_links":{"self":[{"href":"http:\/\/klubmamgdynia.pl\/index.php\/wp-json\/wp\/v2\/product\/1410","targetHints":{"allow":["GET"]}}],"collection":[{"href":"http:\/\/klubmamgdynia.pl\/index.php\/wp-json\/wp\/v2\/product"}],"about":[{"href":"http:\/\/klubmamgdynia.pl\/index.php\/wp-json\/wp\/v2\/types\/product"}],"replies":[{"embeddable":true,"href":"http:\/\/klubmamgdynia.pl\/index.php\/wp-json\/wp\/v2\/comments?post=1410"}],"wp:featuredmedia":[{"embeddable":true,"href":"http:\/\/klubmamgdynia.pl\/index.php\/wp-json\/wp\/v2\/media\/1411"}],"wp:attachment":[{"href":"http:\/\/klubmamgdynia.pl\/index.php\/wp-json\/wp\/v2\/media?parent=1410"}],"wp:term":[{"taxonomy":"product_cat","embeddable":true,"href":"http:\/\/klubmamgdynia.pl\/index.php\/wp-json\/wp\/v2\/product_cat?post=1410"},{"taxonomy":"product_tag","embeddable":true,"href":"http:\/\/klubmamgdynia.pl\/index.php\/wp-json\/wp\/v2\/product_tag?post=1410"}],"curies":[{"name":"wp","href":"https:\/\/api.w.org\/{rel}","templated":true}]}}