{"id":1412,"date":"2012-07-24T23:05:25","date_gmt":"2012-07-24T21:05:25","guid":{"rendered":"http:\/\/klubmamgdynia.pl\/index.php\/produkt\/hasbro-marvel-spider-man-b1461\/"},"modified":"2026-05-17T23:04:34","modified_gmt":"2026-05-17T21:04:34","slug":"hasbro-marvel-spider-man-b1461","status":"publish","type":"product","link":"http:\/\/klubmamgdynia.pl\/index.php\/produkt\/hasbro-marvel-spider-man-b1461\/","title":{"rendered":"Hasbro Marvel Spider-Man B1461"},"content":{"rendered":"<p>HASBRO SPIDERMAN FIGURKA 30CM B1461 B0564                            <\/p>\n<p>Produkt kt\u00f3ra jest oficjaln\u0105 zabawk\u0105 filmu SPIDERMAN posiada ukryty przycisk, po naci\u015bni\u0119ciu kt\u00f3rego zostanie us\u0142yszymy jeden z dwudziestu d\u017awi\u0119k\u00f3w lub wypowiedzi bohatera. Idealna zabawka dla m\u0142odego bohatera. Dzi\u0119ki niej Tw\u00f3j syn b\u0119dzie m\u00f3g\u0142 si\u0119 wcieli\u0107 w posta\u0107 niezwyci\u0119\u017conego SPIDERMANa.\u00a0Figurka jest stabilna.\u00a0Wykonana z bardzo dobrej jako\u015bci materia\u0142u, posiada ruchome nogi oraz r\u0119ce.\u00a0                            <\/p>\n<p>Specyfikacja:Wiek: 4+\u00a0Kod producenta: B1461 \/ B0564\u00a0Wysoko\u015b\u0107 figurki: Oko\u0142o 30 cm\u00a0D\u017awi\u0119ki: Tak, wersja angielska\u00a0Posta\u0107: Spiderman<\/p>\n<h2>Hasbro Marvel Spider-Man B1461 Hasbro<\/h2>\n<p>gwiazdka do druku, imie leon, zrobi\u0107 laurk\u0119 laurka dla babci, przysz\u0142a zima bia\u0142a, maski karnawa\u0142owe dla dzieci szablony, darmowe quizy, kr\u00f3tkie bajki do czytania na dobranoc, wierszyki o marzannie, zagadki na logike, quiz zemsta, opowie\u015bci z narni test, romantyczna bajka na dobranoc, opis rodzina, zagadki o zwierz\u0119tach le\u015bnych dla dzieci<\/p>\n<p>yyyyy<\/p>\n<p>&nbsp;<\/p>\n","protected":false},"excerpt":{"rendered":"<p>HASBRO SPIDERMAN FIGURKA 30CM B1461 B0564 Produkt kt\u00f3ra jest oficjaln\u0105 zabawk\u0105 filmu SPIDERMAN posiada ukryty przycisk, po naci\u015bni\u0119ciu kt\u00f3rego zostanie us\u0142yszymy jeden z dwudziestu d\u017awi\u0119k\u00f3w lub wypowiedzi bohatera. Idealna zabawka dla m\u0142odego bohatera. Dzi\u0119ki niej Tw\u00f3j syn b\u0119dzie m\u00f3g\u0142 si\u0119 wcieli\u0107 w posta\u0107 niezwyci\u0119\u017conego SPIDERMANa.\u00a0Figurka jest stabilna.\u00a0Wykonana z bardzo dobrej jako\u015bci materia\u0142u, posiada ruchome nogi [&hellip;]<\/p>\n","protected":false},"featured_media":1413,"comment_status":"closed","ping_status":"open","template":"","meta":[],"product_cat":[95,129],"product_tag":[729,745,733],"class_list":["post-1412","product","type-product","status-publish","has-post-thumbnail","hentry","product_cat-figurki-makiety-i-zestawy","product_cat-hasbro","product_tag-madre-bajki-dla-dzieci-do-czytania","product_tag-prezent-dla-15-latki","product_tag-zarty-na-prima-aprilis"],"_links":{"self":[{"href":"http:\/\/klubmamgdynia.pl\/index.php\/wp-json\/wp\/v2\/product\/1412","targetHints":{"allow":["GET"]}}],"collection":[{"href":"http:\/\/klubmamgdynia.pl\/index.php\/wp-json\/wp\/v2\/product"}],"about":[{"href":"http:\/\/klubmamgdynia.pl\/index.php\/wp-json\/wp\/v2\/types\/product"}],"replies":[{"embeddable":true,"href":"http:\/\/klubmamgdynia.pl\/index.php\/wp-json\/wp\/v2\/comments?post=1412"}],"wp:featuredmedia":[{"embeddable":true,"href":"http:\/\/klubmamgdynia.pl\/index.php\/wp-json\/wp\/v2\/media\/1413"}],"wp:attachment":[{"href":"http:\/\/klubmamgdynia.pl\/index.php\/wp-json\/wp\/v2\/media?parent=1412"}],"wp:term":[{"taxonomy":"product_cat","embeddable":true,"href":"http:\/\/klubmamgdynia.pl\/index.php\/wp-json\/wp\/v2\/product_cat?post=1412"},{"taxonomy":"product_tag","embeddable":true,"href":"http:\/\/klubmamgdynia.pl\/index.php\/wp-json\/wp\/v2\/product_tag?post=1412"}],"curies":[{"name":"wp","href":"https:\/\/api.w.org\/{rel}","templated":true}]}}