{"id":1414,"date":"2023-06-21T22:15:09","date_gmt":"2023-06-21T20:15:09","guid":{"rendered":"http:\/\/klubmamgdynia.pl\/?post_type=product&#038;p=1414"},"modified":"2026-05-17T20:58:01","modified_gmt":"2026-05-17T18:58:01","slug":"gra-planszowa-pegasus-spiele-gmbh-kingdomino-origins-wersja-niemiecka","status":"publish","type":"product","link":"http:\/\/klubmamgdynia.pl\/index.php\/produkt\/gra-planszowa-pegasus-spiele-gmbh-kingdomino-origins-wersja-niemiecka\/","title":{"rendered":"Gra planszowa Pegasus Spiele Gmbh Kingdomino Origins (wersja niemiecka)"},"content":{"rendered":"<p>Als Oberh\u00e4upter eines steinzeitlichen Stammes bauen die Spielenden in Kingdomino Origins ihr Stammesgebiet aus, um zum angesehensten Oberhaupt zu werden. Dazu m\u00fcssen sie nicht nur jagen und Ressourcen sammeln, sondern auch die gl\u00fchend hei\u00dfe Lava von Vulkanen nutzen, um ihrem Stamm das lebenswichtige Feuer zu bringen.<\/p>\n<h2>Gra planszowa Pegasus Spiele Gmbh Kingdomino Origins (wersja niemiecka) <\/h2>\n<p>kolorowanki spongebob, jak narysowa\u0107 sanie miko\u0142aja, krecik bajka, maska spiderman, najrzadsze imiona w polsce, kolorowanka sky, przeczytaj mi wiersz, hejka tu lenka quizy, quiz o dinozaurach, plan lekcji do druku, wulkan z sody, kwiatek kwiaty do druku szablony, najtrudniejsze zagadki, kolorowanka peppa do druku, zabawy ruchowe dla dzieci w wieku szkolnym<\/p>\n<p>yyyyy<\/p>\n<p>&nbsp;<\/p>\n","protected":false},"excerpt":{"rendered":"<p>Als Oberh\u00e4upter eines steinzeitlichen Stammes bauen die Spielenden in Kingdomino Origins ihr Stammesgebiet aus, um zum angesehensten Oberhaupt zu werden. Dazu m\u00fcssen sie nicht nur jagen und Ressourcen sammeln, sondern auch die gl\u00fchend hei\u00dfe Lava von Vulkanen nutzen, um ihrem Stamm das lebenswichtige Feuer zu bringen. Gra planszowa Pegasus Spiele Gmbh Kingdomino Origins (wersja niemiecka) [&hellip;]<\/p>\n","protected":false},"featured_media":1415,"comment_status":"closed","ping_status":"open","template":"","meta":[],"product_cat":[235],"product_tag":[720,742,586],"class_list":["post-1414","product","type-product","status-publish","has-post-thumbnail","hentry","product_cat-gry-planszowe","product_tag-malowanki","product_tag-piosenki-dla-dzieci-tekst","product_tag-smieszne-zagadki"],"_links":{"self":[{"href":"http:\/\/klubmamgdynia.pl\/index.php\/wp-json\/wp\/v2\/product\/1414","targetHints":{"allow":["GET"]}}],"collection":[{"href":"http:\/\/klubmamgdynia.pl\/index.php\/wp-json\/wp\/v2\/product"}],"about":[{"href":"http:\/\/klubmamgdynia.pl\/index.php\/wp-json\/wp\/v2\/types\/product"}],"replies":[{"embeddable":true,"href":"http:\/\/klubmamgdynia.pl\/index.php\/wp-json\/wp\/v2\/comments?post=1414"}],"wp:featuredmedia":[{"embeddable":true,"href":"http:\/\/klubmamgdynia.pl\/index.php\/wp-json\/wp\/v2\/media\/1415"}],"wp:attachment":[{"href":"http:\/\/klubmamgdynia.pl\/index.php\/wp-json\/wp\/v2\/media?parent=1414"}],"wp:term":[{"taxonomy":"product_cat","embeddable":true,"href":"http:\/\/klubmamgdynia.pl\/index.php\/wp-json\/wp\/v2\/product_cat?post=1414"},{"taxonomy":"product_tag","embeddable":true,"href":"http:\/\/klubmamgdynia.pl\/index.php\/wp-json\/wp\/v2\/product_tag?post=1414"}],"curies":[{"name":"wp","href":"https:\/\/api.w.org\/{rel}","templated":true}]}}