{"id":1416,"date":"2024-08-09T10:14:15","date_gmt":"2024-08-09T08:14:15","guid":{"rendered":"http:\/\/klubmamgdynia.pl\/?post_type=product&#038;p=1416"},"modified":"2026-05-17T22:35:21","modified_gmt":"2026-05-17T20:35:21","slug":"gra-planszowa-carletto-deutschland-sleeping-queens-wersja-niemiecka","status":"publish","type":"product","link":"http:\/\/klubmamgdynia.pl\/index.php\/produkt\/gra-planszowa-carletto-deutschland-sleeping-queens-wersja-niemiecka\/","title":{"rendered":"Gra planszowa Carletto Deutschland Sleeping Queens (wersja niemiecka)"},"content":{"rendered":"<h2>Gra planszowa Carletto Deutschland Sleeping Queens (wersja niemiecka) <\/h2>\n<p>zagadki typu co to jest, pomys\u0142y na roczek, co na prezent dla nastolatk\u00f3w, co kupi\u0107 na roczek dla ch\u0142opca, co kupic na roczek, laurka dla mamy rysunek, kolorowanki harry potter, nauka zegara do druku, menu urodzinowe dla dzieci w wieku 8 10 lat, opowie\u015bci z narni test, klockownia wroc\u0142aw, zagadki wiosenne dla dzieci, \u0142amig\u0142\u00f3wki dla dzieci do wydruku, ninjago kolorowanka, oskar imi\u0119<\/p>\n<p>yyyyy<\/p>\n<p>&nbsp;<\/p>\n","protected":false},"excerpt":{"rendered":"<p>Gra planszowa Carletto Deutschland Sleeping Queens (wersja niemiecka) zagadki typu co to jest, pomys\u0142y na roczek, co na prezent dla nastolatk\u00f3w, co kupi\u0107 na roczek dla ch\u0142opca, co kupic na roczek, laurka dla mamy rysunek, kolorowanki harry potter, nauka zegara do druku, menu urodzinowe dla dzieci w wieku 8 10 lat, opowie\u015bci z narni test, [&hellip;]<\/p>\n","protected":false},"featured_media":1417,"comment_status":"closed","ping_status":"open","template":"","meta":[],"product_cat":[235],"product_tag":[657,821,799,581],"class_list":["post-1416","product","type-product","status-publish","has-post-thumbnail","hentry","product_cat-gry-planszowe","product_tag-lol-kolorowanka","product_tag-marianna","product_tag-zagadka-logiczna","product_tag-zagadki-dla-8-latka"],"_links":{"self":[{"href":"http:\/\/klubmamgdynia.pl\/index.php\/wp-json\/wp\/v2\/product\/1416","targetHints":{"allow":["GET"]}}],"collection":[{"href":"http:\/\/klubmamgdynia.pl\/index.php\/wp-json\/wp\/v2\/product"}],"about":[{"href":"http:\/\/klubmamgdynia.pl\/index.php\/wp-json\/wp\/v2\/types\/product"}],"replies":[{"embeddable":true,"href":"http:\/\/klubmamgdynia.pl\/index.php\/wp-json\/wp\/v2\/comments?post=1416"}],"wp:featuredmedia":[{"embeddable":true,"href":"http:\/\/klubmamgdynia.pl\/index.php\/wp-json\/wp\/v2\/media\/1417"}],"wp:attachment":[{"href":"http:\/\/klubmamgdynia.pl\/index.php\/wp-json\/wp\/v2\/media?parent=1416"}],"wp:term":[{"taxonomy":"product_cat","embeddable":true,"href":"http:\/\/klubmamgdynia.pl\/index.php\/wp-json\/wp\/v2\/product_cat?post=1416"},{"taxonomy":"product_tag","embeddable":true,"href":"http:\/\/klubmamgdynia.pl\/index.php\/wp-json\/wp\/v2\/product_tag?post=1416"}],"curies":[{"name":"wp","href":"https:\/\/api.w.org\/{rel}","templated":true}]}}