{"id":1420,"date":"2022-09-04T00:28:23","date_gmt":"2022-09-03T22:28:23","guid":{"rendered":"http:\/\/klubmamgdynia.pl\/index.php\/produkt\/lampki-led-kurtyna-ksiezyc-gwiazdy-25m-138led-multikolor-65199\/"},"modified":"2026-04-30T06:58:45","modified_gmt":"2026-04-30T04:58:45","slug":"lampki-led-kurtyna-ksiezyc-gwiazdy-25m-138led-multikolor-65199","status":"publish","type":"product","link":"http:\/\/klubmamgdynia.pl\/index.php\/produkt\/lampki-led-kurtyna-ksiezyc-gwiazdy-25m-138led-multikolor-65199\/","title":{"rendered":"Lampki Led Kurtyna Ksi\u0119\u017cyc Gwiazdy 2,5M 138Led Multikolor 65199"},"content":{"rendered":"<p>Lampki LED kurtyna ksi\u0119\u017cyc gwiazdy 2,5m 138LED multikolorZestaw lampek do u\u017cytku wewn\u0119trznego.kolor: multikolorilo\u015b\u0107 sekwencji: 8zasilanie: siecioweilo\u015b\u0107 du\u017cych gwiazdek: 3ilo\u015b\u0107 du\u017cych ksi\u0119\u017cyc\u00f3w: 3ilo\u015b\u0107 ma\u0142ych gwiazd: 6ilo\u015b\u0107 lampek: 138odleg\u0142o\u015b\u0107 mi\u0119dzy soplami: 22cmd\u0142ugo\u015b\u0107 kurtyny (bez kabla zasilaj\u0105cego): 2,5mkabel zasilaj\u0105cy: 3mwysoko\u015b\u0107 kurtyny w najd\u0142u\u017cszym miejscu: 95cmwysoko\u015b\u0107 kurtyny w najkr\u00f3tszym miejscu: 60cmwymiary opakowania: 20cm x 20cm x 13cm<\/p>\n<h2>Lampki Led Kurtyna Ksi\u0119\u017cyc Gwiazdy 2,5M 138Led Multikolor 65199 Kontext<\/h2>\n<p>malowanki dla dzieci do druku, cytat matka, imi\u0119 natan, kolorowe listki tekst, quiz felix net i nika oraz gang niewidzialnych ludzi, lol kolorowanka do druku<\/p>\n<p>yyyyy<\/p>\n<p>&nbsp;<\/p>\n","protected":false},"excerpt":{"rendered":"<p>Lampki LED kurtyna ksi\u0119\u017cyc gwiazdy 2,5m 138LED multikolorZestaw lampek do u\u017cytku wewn\u0119trznego.kolor: multikolorilo\u015b\u0107 sekwencji: 8zasilanie: siecioweilo\u015b\u0107 du\u017cych gwiazdek: 3ilo\u015b\u0107 du\u017cych ksi\u0119\u017cyc\u00f3w: 3ilo\u015b\u0107 ma\u0142ych gwiazd: 6ilo\u015b\u0107 lampek: 138odleg\u0142o\u015b\u0107 mi\u0119dzy soplami: 22cmd\u0142ugo\u015b\u0107 kurtyny (bez kabla zasilaj\u0105cego): 2,5mkabel zasilaj\u0105cy: 3mwysoko\u015b\u0107 kurtyny w najd\u0142u\u017cszym miejscu: 95cmwysoko\u015b\u0107 kurtyny w najkr\u00f3tszym miejscu: 60cmwymiary opakowania: 20cm x 20cm x 13cm Lampki Led [&hellip;]<\/p>\n","protected":false},"featured_media":1421,"comment_status":"closed","ping_status":"open","template":"","meta":[],"product_cat":[20,406],"product_tag":[706,673,856,708],"class_list":["post-1420","product","type-product","status-publish","has-post-thumbnail","hentry","product_cat-kontext","product_cat-lampki-i-ozdoby-swietlne","product_tag-imie-kuba","product_tag-juz-blisko-koleda-tekst","product_tag-prezent-dla-16-latki","product_tag-zabawy-ruchowe-dla-dzieci"],"_links":{"self":[{"href":"http:\/\/klubmamgdynia.pl\/index.php\/wp-json\/wp\/v2\/product\/1420","targetHints":{"allow":["GET"]}}],"collection":[{"href":"http:\/\/klubmamgdynia.pl\/index.php\/wp-json\/wp\/v2\/product"}],"about":[{"href":"http:\/\/klubmamgdynia.pl\/index.php\/wp-json\/wp\/v2\/types\/product"}],"replies":[{"embeddable":true,"href":"http:\/\/klubmamgdynia.pl\/index.php\/wp-json\/wp\/v2\/comments?post=1420"}],"wp:featuredmedia":[{"embeddable":true,"href":"http:\/\/klubmamgdynia.pl\/index.php\/wp-json\/wp\/v2\/media\/1421"}],"wp:attachment":[{"href":"http:\/\/klubmamgdynia.pl\/index.php\/wp-json\/wp\/v2\/media?parent=1420"}],"wp:term":[{"taxonomy":"product_cat","embeddable":true,"href":"http:\/\/klubmamgdynia.pl\/index.php\/wp-json\/wp\/v2\/product_cat?post=1420"},{"taxonomy":"product_tag","embeddable":true,"href":"http:\/\/klubmamgdynia.pl\/index.php\/wp-json\/wp\/v2\/product_tag?post=1420"}],"curies":[{"name":"wp","href":"https:\/\/api.w.org\/{rel}","templated":true}]}}