{"id":1422,"date":"2023-01-05T05:10:32","date_gmt":"2023-01-05T04:10:32","guid":{"rendered":"http:\/\/klubmamgdynia.pl\/?post_type=product&#038;p=1422"},"modified":"2026-04-08T12:36:40","modified_gmt":"2026-04-08T10:36:40","slug":"rabbids-invasion-the-interactive-tv-show-gra-xbox-360","status":"publish","type":"product","link":"http:\/\/klubmamgdynia.pl\/index.php\/produkt\/rabbids-invasion-the-interactive-tv-show-gra-xbox-360\/","title":{"rendered":"Rabbids Invasion The Interactive TV Show (Gra Xbox 360)"},"content":{"rendered":"<p>XBOX360<\/p>\n<h2>Rabbids Invasion The Interactive TV Show (Gra Xbox 360) Xbox<\/h2>\n<p>kolorowanka ksi\u0119\u017cniczka, na roczek dla ch\u0142opca, lato, prima aprilis pomys\u0142y, aurora imi\u0119, dzieci.pl, zagadki dla dzieci logiczne, loga samochod\u00f3w, wr\u00f3\u017cby andrzejkowe kolory, pomys\u0142y na pakowanie prezent\u00f3w, jednoro\u017cec kolorowanka do druku, znaczenie imiona pola, menu na urodziny dziecka<\/p>\n<p>yyyyy<\/p>\n<p>&nbsp;<\/p>\n","protected":false},"excerpt":{"rendered":"<p>XBOX360 Rabbids Invasion The Interactive TV Show (Gra Xbox 360) Xbox kolorowanka ksi\u0119\u017cniczka, na roczek dla ch\u0142opca, lato, prima aprilis pomys\u0142y, aurora imi\u0119, dzieci.pl, zagadki dla dzieci logiczne, loga samochod\u00f3w, wr\u00f3\u017cby andrzejkowe kolory, pomys\u0142y na pakowanie prezent\u00f3w, jednoro\u017cec kolorowanka do druku, znaczenie imiona pola, menu na urodziny dziecka yyyyy &nbsp;<\/p>\n","protected":false},"featured_media":1423,"comment_status":"closed","ping_status":"open","template":"","meta":[],"product_cat":[403,405],"product_tag":[728,761,686,673,788],"class_list":["post-1422","product","type-product","status-publish","has-post-thumbnail","hentry","product_cat-gry-xbox-360","product_cat-xbox","product_tag-bezwarunkowa-milosc-do-dziecka-cytaty","product_tag-choinko-piekna-jak-las-tekst","product_tag-co-na-roczek-dla-chlopca","product_tag-juz-blisko-koleda-tekst","product_tag-zagadki-krotkie"],"_links":{"self":[{"href":"http:\/\/klubmamgdynia.pl\/index.php\/wp-json\/wp\/v2\/product\/1422","targetHints":{"allow":["GET"]}}],"collection":[{"href":"http:\/\/klubmamgdynia.pl\/index.php\/wp-json\/wp\/v2\/product"}],"about":[{"href":"http:\/\/klubmamgdynia.pl\/index.php\/wp-json\/wp\/v2\/types\/product"}],"replies":[{"embeddable":true,"href":"http:\/\/klubmamgdynia.pl\/index.php\/wp-json\/wp\/v2\/comments?post=1422"}],"wp:featuredmedia":[{"embeddable":true,"href":"http:\/\/klubmamgdynia.pl\/index.php\/wp-json\/wp\/v2\/media\/1423"}],"wp:attachment":[{"href":"http:\/\/klubmamgdynia.pl\/index.php\/wp-json\/wp\/v2\/media?parent=1422"}],"wp:term":[{"taxonomy":"product_cat","embeddable":true,"href":"http:\/\/klubmamgdynia.pl\/index.php\/wp-json\/wp\/v2\/product_cat?post=1422"},{"taxonomy":"product_tag","embeddable":true,"href":"http:\/\/klubmamgdynia.pl\/index.php\/wp-json\/wp\/v2\/product_tag?post=1422"}],"curies":[{"name":"wp","href":"https:\/\/api.w.org\/{rel}","templated":true}]}}