{"id":143,"date":"2013-12-23T12:05:37","date_gmt":"2013-12-23T11:05:37","guid":{"rendered":"http:\/\/klubmamgdynia.pl\/index.php\/produkt\/loulouka-1-organicznemleko-kozie-poczatkowe-3x400g\/"},"modified":"2026-04-22T07:00:25","modified_gmt":"2026-04-22T05:00:25","slug":"loulouka-1-organicznemleko-kozie-poczatkowe-3x400g","status":"publish","type":"product","link":"http:\/\/klubmamgdynia.pl\/index.php\/produkt\/loulouka-1-organicznemleko-kozie-poczatkowe-3x400g\/","title":{"rendered":"Loulouka 1 Organicznemleko Kozie Pocz\u0105tkowe 3X400G"},"content":{"rendered":"<p>Loulouka 1 organiczne mleko kozie pocz\u0105tkowe, 400 gWskazania:Loulouka 1 organiczne mleko kozie pocz\u0105tkowe wskazane jest do podawania dzieciom, kt\u00f3re z r\u00f3\u017cnych przyczyn nie mog\u0105 by\u0107 karmione piersi\u0105. Rekomendowane niemowl\u0119tom z nietolerancj\u0105 na bia\u0142ka mleka krowiego.W\u0142a\u015bciwo\u015bci:Loulouka 1 organiczne mleko kozie pocz\u0105tkowe mo\u017ce by\u0107 podawane niemowl\u0119tom od pierwszych dni \u017cycia. Produkt zosta\u0142 wytworzony z mleka z produkcji ekologicznej i przewa\u017caj\u0105 w nim nienasycone kwasy t\u0142uszczowe. Mleko bogate jest r\u00f3wnie\u017c w witaminy i minera\u0142y. Kwas foliowy wspiera prawid\u0142owy rozw\u00f3j neurologiczny. Wap\u0144 przyczynia si\u0119 do prawid\u0142owego rozwoju ko\u015bci. Witamina A wzmacnia odporno\u015b\u0107.Witamina A wspomaga prawid\u0142owe przyswajanie wapnia. \u017belazo wspiera rozw\u00f3j neuropoznawczy.Sk\u0142adniki:Pe\u0142ne mleko kozie* (mleko), laktoza (mleko), oleje ro\u015blinne* (s\u0142onecznikowy, rzepakowy), dwuwinian L-choliny, wodorotlenek wapnia, mikroalgi (mleko), L-cysteina, chlorek sodu, w\u0119glan wapnia, chlorek magnezu, kwas askorbinowy , L-tryptofan, L-tyrozyna, cytrynian trisodowy, mleczan \u017celaza, inozytol, octan DL-alfa tokoferylu, siarczan cynku, L-winian L-karnityny, niacynamid, D-pantotenian wapnia, siarczan miedzi, octan retinylu, chlorowodorek tiaminy, chlorowodorek pirydoksyny, kwas foliowy, ryboflawina, siarczan manganu, jodek potasu, witamina K1, selenin sodu, cholekalcyferol, biotyna, cyjanokobalamina.Warto\u015bci od\u017cywcze w 100 ml gotowego posi\u0142ku: Energia (kj\/kcal) 284 kJ \/ 68 kcal T\u0142uszcze 3,5 g w tym: Nasycone kwasy t\u0142uszczowe 1,3 gJednonienasycone kwasy t\u0142uszczowe 1,7 g Wielonienasycone kwasy t\u0142uszczowe 0,6 g Kwas linolowy (LA) 500 mg Kwas alfa-linolenowy (ALA) 50 mgKwas dokozaheksaenowy (DHA) 14,7 mg W\u0119glowodany, w tym: 7,6 g cukier 7,6 g laktoza 7,6 gBia\u0142ka 1,4 g w tym bia\u0142ko serwatkowe 0,3 g w tym kazeina 1,1 g S\u00f3l 0,1 gWitaminy Witamina A 56 \u03bcg Witamina B1 (tiamina) 60 \u03bcg Witamina B2 (ryboflawina) 120 \u03bcg Witamina B3 (niacyna) 410 \u03bcgWitamina B5 (k. pantotenowy) 360 \u03bcg Witamina B6 (pirodoksyna) 42 \u03bcg Witamina B7 (biotyna) 2,1 \u03bcg Witamina B12 (cyjanokobalmina) 0,2 \u03bcg Witamina C 10,6 mgWitamina D 1,7 \u03bcgWitamina E 1,8 mgWitamina K 5,7 \u03bcgKwas foliowy 13 \u03bcgMinera\u0142yS\u00f3d 22,0 mg Potas 84,0 mgChlorek 83,0 mg Wap\u0144 65,0 mg Fosfor 41,0 mg Magnez 6,7 mg\u017belazo 0,7 mg Cynk 0,5 mgMied\u017a 49,0 \u03bcgJod 15,2 \u03bcg Selen 2,6 \u03bcgMangan 7,9 \u03bcg Fluorek 7,3 \u03bcgInne Cholina 23 mg L-karnityna 1,54 mgStosowanie:Przed przygotowaniem mleka dok\u0142adnie umyj r\u0119ce. Upewnij si\u0119, \u017ce butelka i smoczek s\u0105 czyste.Zagotuj \u015bwie\u017c\u0105 wod\u0119 i pozostaw j\u0105 do ostygni\u0119cia do oko\u0142o 37 stopni Celsjusza. Wlej odpowiedni\u0105 ilo\u015b\u0107 do butelki.Miark\u0119 do\u0142\u0105czon\u0105 do pude\u0142ka z mlekiem nape\u0142nij proszkiem. Dodaj odpowiedni\u0105 ilo\u015b\u0107 miarek mleka w proszku do butelki.Zamknij butelk\u0119 i wstrz\u0105\u015bnij ni\u0105 a\u017c do momentu, dop\u00f3ki proszek ca\u0142kowicie si\u0119 nie rozpu\u015bci. Przed podaniem dziecku sprawd\u017a temperatur\u0119 mleka na wewn\u0119trznej stronie nadgarstka.Karmienie piersi\u0105 to najlepszy spos\u00f3b od\u017cywiania niemowl\u0105t.Opakowanie:3 x 400 g<\/p>\n<h2>Loulouka 1 Organicznemleko Kozie Pocz\u0105tkowe 3X400G Loulouka<\/h2>\n<p>wiersz o g\u00f3rniku, kolorowanki \u015bwi\u0105teczne do druku pdf, kolorowanka lato, zagadki dla dzieci 14 lat, w\u0142ochy, cytaty o przyja\u017ani ma\u0142y ksi\u0105\u017c\u0119, bajki na dobranoc, izabela imie, uk\u0142ad s\u0142oneczny kolorowanka, wr\u00f3\u017cby andrzejkowe dla dzieci online, test szatan z si\u00f3dmej klasy, quizy o minecraft<\/p>\n<p>yyyyy<\/p>\n<p>&nbsp;<\/p>\n","protected":false},"excerpt":{"rendered":"<p>Loulouka 1 organiczne mleko kozie pocz\u0105tkowe, 400 gWskazania:Loulouka 1 organiczne mleko kozie pocz\u0105tkowe wskazane jest do podawania dzieciom, kt\u00f3re z r\u00f3\u017cnych przyczyn nie mog\u0105 by\u0107 karmione piersi\u0105. Rekomendowane niemowl\u0119tom z nietolerancj\u0105 na bia\u0142ka mleka krowiego.W\u0142a\u015bciwo\u015bci:Loulouka 1 organiczne mleko kozie pocz\u0105tkowe mo\u017ce by\u0107 podawane niemowl\u0119tom od pierwszych dni \u017cycia. Produkt zosta\u0142 wytworzony z mleka z produkcji [&hellip;]<\/p>\n","protected":false},"featured_media":144,"comment_status":"closed","ping_status":"open","template":"","meta":[],"product_cat":[76,77],"product_tag":[845,610,691,585,639,872],"class_list":["post-143","product","type-product","status-publish","has-post-thumbnail","hentry","product_cat-loulouka","product_cat-mleka-poczatkowe","product_tag-ach-spij-kochanie-tekst","product_tag-co-na-prezent-dla-nastolatkow","product_tag-gabriel","product_tag-kolorowanki-dla-chlopcow","product_tag-nela-imie","product_tag-zagadki-dla-dzieci-6-lat"],"_links":{"self":[{"href":"http:\/\/klubmamgdynia.pl\/index.php\/wp-json\/wp\/v2\/product\/143","targetHints":{"allow":["GET"]}}],"collection":[{"href":"http:\/\/klubmamgdynia.pl\/index.php\/wp-json\/wp\/v2\/product"}],"about":[{"href":"http:\/\/klubmamgdynia.pl\/index.php\/wp-json\/wp\/v2\/types\/product"}],"replies":[{"embeddable":true,"href":"http:\/\/klubmamgdynia.pl\/index.php\/wp-json\/wp\/v2\/comments?post=143"}],"wp:featuredmedia":[{"embeddable":true,"href":"http:\/\/klubmamgdynia.pl\/index.php\/wp-json\/wp\/v2\/media\/144"}],"wp:attachment":[{"href":"http:\/\/klubmamgdynia.pl\/index.php\/wp-json\/wp\/v2\/media?parent=143"}],"wp:term":[{"taxonomy":"product_cat","embeddable":true,"href":"http:\/\/klubmamgdynia.pl\/index.php\/wp-json\/wp\/v2\/product_cat?post=143"},{"taxonomy":"product_tag","embeddable":true,"href":"http:\/\/klubmamgdynia.pl\/index.php\/wp-json\/wp\/v2\/product_tag?post=143"}],"curies":[{"name":"wp","href":"https:\/\/api.w.org\/{rel}","templated":true}]}}