{"id":1432,"date":"2024-09-11T17:18:04","date_gmt":"2024-09-11T15:18:04","guid":{"rendered":"http:\/\/klubmamgdynia.pl\/?post_type=product&#038;p=1432"},"modified":"2026-04-05T21:15:57","modified_gmt":"2026-04-05T19:15:57","slug":"final-fantasy-13-2-gra-xbox-360","status":"publish","type":"product","link":"http:\/\/klubmamgdynia.pl\/index.php\/produkt\/final-fantasy-13-2-gra-xbox-360\/","title":{"rendered":"Final Fantasy 13-2 (Gra Xbox 360)"},"content":{"rendered":"<p>Final Fantasy XIII &#8211; 2 to bezpo\u015brednia kontynuacja Final Fantasy XIII &#8211; niezwykle popularnej gry jRPG autorstwa studia Square Enix. W przeciwie\u0144stwie do wi\u0119kszo\u015bci ods\u0142on tej serii, tym razem nie mamy do czynienia z odr\u0119bn\u0105 histori\u0105, jest to kontynuacja w\u0105tk\u00f3w rozpocz\u0119tych w poprzedniej cz\u0119\u015bci.<\/p>\n<h2>Final Fantasy 13-2 (Gra Xbox 360) Xbox<\/h2>\n<p>literki, podchwytliwe zagadki z odpowiedziami, darmowe kolorowanki do druku, wycinanki puzzle do druku, mi\u0142o\u015b\u0107 do dziecka cytaty, ferie zimowe 2022 warszawa, darmowe kolorowanki do druku, prezent dla 16 latka, bajka terapeutyczna o dokuczaniu, przyja\u017a\u0144, zagadki typu co to jest<\/p>\n<p>yyyyy<\/p>\n<p>&nbsp;<\/p>\n","protected":false},"excerpt":{"rendered":"<p>Final Fantasy XIII &#8211; 2 to bezpo\u015brednia kontynuacja Final Fantasy XIII &#8211; niezwykle popularnej gry jRPG autorstwa studia Square Enix. W przeciwie\u0144stwie do wi\u0119kszo\u015bci ods\u0142on tej serii, tym razem nie mamy do czynienia z odr\u0119bn\u0105 histori\u0105, jest to kontynuacja w\u0105tk\u00f3w rozpocz\u0119tych w poprzedniej cz\u0119\u015bci. Final Fantasy 13-2 (Gra Xbox 360) Xbox literki, podchwytliwe zagadki z [&hellip;]<\/p>\n","protected":false},"featured_media":1433,"comment_status":"closed","ping_status":"open","template":"","meta":[],"product_cat":[403,405],"product_tag":[768,646,587,616],"class_list":["post-1432","product","type-product","status-publish","has-post-thumbnail","hentry","product_cat-gry-xbox-360","product_cat-xbox","product_tag-krotkie-zagadki-logiczne","product_tag-prezent-na-pierwsze-urodziny","product_tag-skalne-miasto","product_tag-test-mikolajek-25-pytan"],"_links":{"self":[{"href":"http:\/\/klubmamgdynia.pl\/index.php\/wp-json\/wp\/v2\/product\/1432","targetHints":{"allow":["GET"]}}],"collection":[{"href":"http:\/\/klubmamgdynia.pl\/index.php\/wp-json\/wp\/v2\/product"}],"about":[{"href":"http:\/\/klubmamgdynia.pl\/index.php\/wp-json\/wp\/v2\/types\/product"}],"replies":[{"embeddable":true,"href":"http:\/\/klubmamgdynia.pl\/index.php\/wp-json\/wp\/v2\/comments?post=1432"}],"wp:featuredmedia":[{"embeddable":true,"href":"http:\/\/klubmamgdynia.pl\/index.php\/wp-json\/wp\/v2\/media\/1433"}],"wp:attachment":[{"href":"http:\/\/klubmamgdynia.pl\/index.php\/wp-json\/wp\/v2\/media?parent=1432"}],"wp:term":[{"taxonomy":"product_cat","embeddable":true,"href":"http:\/\/klubmamgdynia.pl\/index.php\/wp-json\/wp\/v2\/product_cat?post=1432"},{"taxonomy":"product_tag","embeddable":true,"href":"http:\/\/klubmamgdynia.pl\/index.php\/wp-json\/wp\/v2\/product_tag?post=1432"}],"curies":[{"name":"wp","href":"https:\/\/api.w.org\/{rel}","templated":true}]}}