{"id":1438,"date":"2015-12-05T20:15:41","date_gmt":"2015-12-05T19:15:41","guid":{"rendered":"http:\/\/klubmamgdynia.pl\/index.php\/produkt\/cartamundi-gra-szukaj-i-przeliteruj-into-wild\/"},"modified":"2026-04-23T14:45:58","modified_gmt":"2026-04-23T12:45:58","slug":"cartamundi-gra-szukaj-i-przeliteruj-into-wild","status":"publish","type":"product","link":"http:\/\/klubmamgdynia.pl\/index.php\/produkt\/cartamundi-gra-szukaj-i-przeliteruj-into-wild\/","title":{"rendered":"Cartamundi Gra Szukaj I Przeliteruj Into Wild"},"content":{"rendered":"<p>Ekscytuj\u0105ca gra w poszukiwanie i literowanie z dzikimi zwierz\u0119tami. \u0106wicz z dzieckiem alfabet, literowanie i sk\u0142adanie wyraz\u00f3w. Dwa stopnie trudno\u015bci z 3- i 4-literowymi wyrazami.Nr katalogowy: 130014264 Akcesoria w zestawie: Pozosta\u0142e parametry: &#8230;<\/p>\n<h2>Cartamundi Gra Szukaj I Przeliteruj Into Wild Cartamundi<\/h2>\n<p>zabawka na roczek, prima aprilis zarty, zagadki dla doros\u0142ych, \u0142atwe zagadki, nowe quizy do rozwi\u0105zania<\/p>\n<p>yyyyy<\/p>\n<p>&nbsp;<\/p>\n","protected":false},"excerpt":{"rendered":"<p>Ekscytuj\u0105ca gra w poszukiwanie i literowanie z dzikimi zwierz\u0119tami. \u0106wicz z dzieckiem alfabet, literowanie i sk\u0142adanie wyraz\u00f3w. Dwa stopnie trudno\u015bci z 3- i 4-literowymi wyrazami.Nr katalogowy: 130014264 Akcesoria w zestawie: Pozosta\u0142e parametry: &#8230; Cartamundi Gra Szukaj I Przeliteruj Into Wild Cartamundi zabawka na roczek, prima aprilis zarty, zagadki dla doros\u0142ych, \u0142atwe zagadki, nowe quizy do [&hellip;]<\/p>\n","protected":false},"featured_media":1439,"comment_status":"closed","ping_status":"open","template":"","meta":[],"product_cat":[224,130],"product_tag":[667,806,591,843,741],"class_list":["post-1438","product","type-product","status-publish","has-post-thumbnail","hentry","product_cat-cartamundi","product_cat-gry-dzieciece","product_tag-kolorowanka-lol","product_tag-prezent-dla-dziecka-na-roczek","product_tag-quiz-o-minecraft","product_tag-smieszne-zagadki-dla-dzieci","product_tag-wlochy"],"_links":{"self":[{"href":"http:\/\/klubmamgdynia.pl\/index.php\/wp-json\/wp\/v2\/product\/1438","targetHints":{"allow":["GET"]}}],"collection":[{"href":"http:\/\/klubmamgdynia.pl\/index.php\/wp-json\/wp\/v2\/product"}],"about":[{"href":"http:\/\/klubmamgdynia.pl\/index.php\/wp-json\/wp\/v2\/types\/product"}],"replies":[{"embeddable":true,"href":"http:\/\/klubmamgdynia.pl\/index.php\/wp-json\/wp\/v2\/comments?post=1438"}],"wp:featuredmedia":[{"embeddable":true,"href":"http:\/\/klubmamgdynia.pl\/index.php\/wp-json\/wp\/v2\/media\/1439"}],"wp:attachment":[{"href":"http:\/\/klubmamgdynia.pl\/index.php\/wp-json\/wp\/v2\/media?parent=1438"}],"wp:term":[{"taxonomy":"product_cat","embeddable":true,"href":"http:\/\/klubmamgdynia.pl\/index.php\/wp-json\/wp\/v2\/product_cat?post=1438"},{"taxonomy":"product_tag","embeddable":true,"href":"http:\/\/klubmamgdynia.pl\/index.php\/wp-json\/wp\/v2\/product_tag?post=1438"}],"curies":[{"name":"wp","href":"https:\/\/api.w.org\/{rel}","templated":true}]}}