{"id":1440,"date":"2022-02-20T12:13:04","date_gmt":"2022-02-20T11:13:04","guid":{"rendered":"http:\/\/klubmamgdynia.pl\/index.php\/produkt\/dk-kolorowe-gumki-hook-picture-game-5227\/"},"modified":"2026-05-17T22:21:26","modified_gmt":"2026-05-17T20:21:26","slug":"dk-kolorowe-gumki-hook-picture-game-5227","status":"publish","type":"product","link":"http:\/\/klubmamgdynia.pl\/index.php\/produkt\/dk-kolorowe-gumki-hook-picture-game-5227\/","title":{"rendered":"DK Kolorowe Gumki Hook Picture Game (5227)"},"content":{"rendered":"<p>Edukacyjna Gra Zr\u0119czno\u015bciowa Uk\u0142adanka Kolorowe GumkiJednym z najlepszych i najskuteczniejszych sposob\u00f3w na nauk\u0119 jest zabawa. Nasza gra uczy zar\u00f3wno spostrzegawczo\u015bci, zr\u0119czno\u015bci, logicznego my\u015blenia jak i koordynacji wzrokowo-ruchowej.Zabawka zapewni Twojemu maluchowi mn\u00f3stwo dobrej zabawy dodatkowo wspomagaj\u0105c rozw\u00f3j intelektualny. Ciekawe grafiki na kartach sprawi\u0105, \u017ce gra przypadnie do gustu ka\u017cdemu dziecku.Zasady gry:Zasady gry s\u0105 bardzo proste. Kart\u0119 z wybranym wzorem k\u0142adziemy na podk\u0142adce. Celem zabawy jest u\u0142o\u017cenie gumek na planszy w kolorach odpowiadaj\u0105cych podk\u0142adce.Gra zawiera \u0142\u0105cznie 10 kart z r\u00f3\u017cnymi obrazkami, dzi\u0119ki czemu zabawa nie znudzi si\u0119 szybko.Zestaw zawiera:Podstawk\u0119 &#8211; plansz\u0119,10 kart z obrazkami,24 d\u0142ugie gumki,24 \u015brednie gumki,24 ma\u0142e gumki,24 bardzo ma\u0142e gumki,Oryginalne opakowanie.Specyfikacja:Gumki w kolorze:\u017c\u00f3\u0142tym, zielonym, niebieskim oraz czerwonym.Wymiary planszy:20 x 20 x 2,5cmWymiary karty:17 x 17cmWymiary opakowania:21 x 21 x 5,7cmIlo\u015b\u0107 graczy:1 &#8211; 2Dla dzieci:powy\u017cej 3 roku \u017cycia<\/p>\n<h2>DK Kolorowe Gumki Hook Picture Game (5227) Dk<\/h2>\n<p>dzie\u0144 pluszowego misia 2021, julian, stare bajki, delfinarium polska, warszawa z dzieckiem, zagadki dla 9 latk\u00f3w, prezent dla rocznej dziewczynki, cytaty dla przyjaciela, ahmed<\/p>\n<p>yyyyy<\/p>\n<p>&nbsp;<\/p>\n","protected":false},"excerpt":{"rendered":"<p>Edukacyjna Gra Zr\u0119czno\u015bciowa Uk\u0142adanka Kolorowe GumkiJednym z najlepszych i najskuteczniejszych sposob\u00f3w na nauk\u0119 jest zabawa. Nasza gra uczy zar\u00f3wno spostrzegawczo\u015bci, zr\u0119czno\u015bci, logicznego my\u015blenia jak i koordynacji wzrokowo-ruchowej.Zabawka zapewni Twojemu maluchowi mn\u00f3stwo dobrej zabawy dodatkowo wspomagaj\u0105c rozw\u00f3j intelektualny. Ciekawe grafiki na kartach sprawi\u0105, \u017ce gra przypadnie do gustu ka\u017cdemu dziecku.Zasady gry:Zasady gry s\u0105 bardzo proste. Kart\u0119 [&hellip;]<\/p>\n","protected":false},"featured_media":1441,"comment_status":"closed","ping_status":"open","template":"","meta":[],"product_cat":[408,130],"product_tag":[728,650,710],"class_list":["post-1440","product","type-product","status-publish","has-post-thumbnail","hentry","product_cat-dk","product_cat-gry-dzieciece","product_tag-bezwarunkowa-milosc-do-dziecka-cytaty","product_tag-choinka-z-bibuly","product_tag-zagadki-dla-dzieci-10-12-lat"],"_links":{"self":[{"href":"http:\/\/klubmamgdynia.pl\/index.php\/wp-json\/wp\/v2\/product\/1440","targetHints":{"allow":["GET"]}}],"collection":[{"href":"http:\/\/klubmamgdynia.pl\/index.php\/wp-json\/wp\/v2\/product"}],"about":[{"href":"http:\/\/klubmamgdynia.pl\/index.php\/wp-json\/wp\/v2\/types\/product"}],"replies":[{"embeddable":true,"href":"http:\/\/klubmamgdynia.pl\/index.php\/wp-json\/wp\/v2\/comments?post=1440"}],"wp:featuredmedia":[{"embeddable":true,"href":"http:\/\/klubmamgdynia.pl\/index.php\/wp-json\/wp\/v2\/media\/1441"}],"wp:attachment":[{"href":"http:\/\/klubmamgdynia.pl\/index.php\/wp-json\/wp\/v2\/media?parent=1440"}],"wp:term":[{"taxonomy":"product_cat","embeddable":true,"href":"http:\/\/klubmamgdynia.pl\/index.php\/wp-json\/wp\/v2\/product_cat?post=1440"},{"taxonomy":"product_tag","embeddable":true,"href":"http:\/\/klubmamgdynia.pl\/index.php\/wp-json\/wp\/v2\/product_tag?post=1440"}],"curies":[{"name":"wp","href":"https:\/\/api.w.org\/{rel}","templated":true}]}}