{"id":1442,"date":"2023-01-04T03:50:00","date_gmt":"2023-01-04T02:50:00","guid":{"rendered":"http:\/\/klubmamgdynia.pl\/?post_type=product&#038;p=1442"},"modified":"2026-04-14T12:34:56","modified_gmt":"2026-04-14T10:34:56","slug":"madden-nfl-22-gra-ps5","status":"publish","type":"product","link":"http:\/\/klubmamgdynia.pl\/index.php\/produkt\/madden-nfl-22-gra-ps5\/","title":{"rendered":"Madden NFL 22 (Gra PS5)"},"content":{"rendered":"<p>Zam\u00f3w Madden NFL 22 w przedsprzeda\u017cy, a otrzymasz:Franchise: 20 Staff PointsFace Of The Franchise i The Yard: og\u00f3lna klasa zawodnika od poziomu 10. Kapsu\u0142a wyposa\u017cenia Toma Brady\u2019egoMadden Ultimate Team1 z 32 gwiazd NFL do wyboruW Madden NFL 22 dzie\u0144 meczowy naprawd\u0119 o\u017cywa.W trybie Franchise dodajemy zarz\u0105dzanie personelem, rozbudowany silnik scenariuszy i cotygodniow\u0105 strategi\u0119. Post\u0119py awatara i klasa zawodnika s\u0105 wsp\u00f3lne w Face of The Franchise i The Yard. Po raz pierwszy w Ultimate Team w po\u0142owie meczu mo\u017cesz zmieni\u0107 zdolno\u015bci Superstar X-Factor.FranchiseZarz\u0105dzanie personelem i drzewka talent\u00f3wRozbudowany silnik scenariuszyCotygodniowa strategiaUjednolicony system post\u0119p\u00f3wPost\u0119py awatara wsp\u00f3lne w Face of The Franchise i The YardNowe klasy zawodnik\u00f3wZdobywaj reputacj\u0119 przez rozgrywk\u0119, awansuj na kolejne poziomyUltimate TeamZmieniaj zdolno\u015bci Superstar X-Factor w po\u0142owie meczu\u0141atwe zarz\u0105dzanie zgraniem dru\u017cynyNAJWA\u017bNIEJSZE CECHYFRANCHISEWygraj Super Bowl i zbuduj dynasti\u0119 NFL jako zawodnik, trener lub w\u0142a\u015bciciel klubu.Ogromny zestaw funkcji w zaprojektowanym na nowo trybie Franchise daje kontrol\u0119 nad dos\u0142ownie wszystkim. (Tak, \u0142\u0105cznie z wygrywaniem Super Bowl). Mo\u017cesz zatrudnia\u0107 i zarz\u0105dza\u0107 sztabem szkoleniowym, a nast\u0119pnie rozdawa\u0107 punkty personelu (Staff Points), by rozwija\u0107 drzewka talent\u00f3w wyspecjalizowanych trener\u00f3w. Decyduj o przebiegu trening\u00f3w, kontruj mocne strony przeciwnika i zintegruj strategie z planami przeprowadzania akcji, tak by w dniu meczowym by\u0107 gotowym na wszystko. Aha, i zapomnij o poprzednim sezonie. Rozbudowany silnik scenariuszy zagwarantuje, \u017ce ten sezon Franchise \u2013 i ka\u017cdy nast\u0119pny \u2013 b\u0119dzie inny. Wszystko jasne? Dobrze. To ruszaj zwyci\u0119\u017ca\u0107.FACE OF THE FRANCHISEStw\u00f3rz awatar i rozegraj sw\u00f3j debiutancki sezon tak, jak chcesz, jako QB, WR, RB lub LB. Chcesz wi\u0119cej mo\u017cliwo\u015bci personalizacji? \u017baden problem. Nowy system klas i budowy zawodnik\u00f3w pozwoli zmieni\u0107 oceny, umiej\u0119tno\u015bci, atrybuty i rodzaj sylwetki. Zdobywaj reputacj\u0119 przez rozgrywk\u0119 i awansuj na kolejne poziomy w poszczeg\u00f3lnych klasach, a\u017c osi\u0105gniesz maksimum pod ka\u017cdym mo\u017cliwym wzgl\u0119dem. Zosta\u0144 pierwszym wyborem w drafcie i nadaj ton swojej karierze. Po przygotowaniu wszystkiego do rozpocz\u0119cia pierwszego sezonu, na ka\u017cdym kroku napotkasz spersonalizowane i nieoczekiwane wyzwania. I oczywi\u015bcie nie jeste\u015b w tym sam. Ci, kt\u00f3rzy s\u0105 najbli\u017cej Ciebie \u2013 agent, trener i koordynatorzy \u2013 b\u0119d\u0105 doradza\u0107 i cieszy\u0107 si\u0119 Twoim sukcesem razem z Tob\u0105. A dzi\u0119ki nowemu ujednoliconemu systemowi post\u0119p\u00f3w Tw\u00f3j awatar wraz ze wszystkimi post\u0119pami, nagrodami i sprz\u0119tem b\u0119dzie wsp\u00f3lny dla tryb\u00f3w Face of the Franchise oraz The Yard. Dzi\u0119ki temu mo\u017cesz zawsze wygl\u0105da\u0107 modnie i nieustannie wygrywa\u0107.THE YARDCiesz si\u0119 daj\u0105c\u0105 mn\u00f3stwo frajdy, spo\u0142eczno\u015bciow\u0105 rozgrywk\u0105 z wielkimi gwiazdami NFL w r\u00f3\u017cnych miejscach na ca\u0142ym \u015bwiecie z osza\u0142amiaj\u0105c\u0105 prezentacj\u0105, postaciami i zespo\u0142ami.W Madden NFL 22 tryb The Yard wygl\u0105da zupe\u0142nie inaczej. Zosta\u0144 najlepszym zawodnikiem \u015bwiata w zaprojektowanej na nowo kampanii, w kt\u00f3rej odwiedzisz niesamowite miejsca na ca\u0142ym \u015bwiecie. Zajrzyj do nowego, dynamicznego centrum wydarze\u0144 Live i zdobywaj nagrody w nowym trybie rankingowym. Zr\u00f3b to wszystko w wielkim stylu dzi\u0119ki modnemu sprz\u0119towi. Wszystkie post\u0119py s\u0105 w pe\u0142ni zintegrowane ze zaktualizowanym awatarem i ujednoliconym systemem post\u0119p\u00f3w.SUPERSTAR KO Zbuduj dru\u017cyn\u0119 i pokonaj rywali w najszybszym trybie wsp\u00f3\u0142pracy w Madden na zasadach eliminacji, z pi\u0119ciominutowymi meczami, wyj\u0105tkowym stadionem i komentarzem, dynamicznymi zasadami oraz ikonami futbolu ameryka\u0144skiego.W trybie Superstar KO w Madden NFL 22 po raz pierwszy zagoszcz\u0105 zespo\u0142y i sk\u0142ady NFL. Rozgrywaj szybkie mecze w trybie kooperacji z eliminacj\u0105 z dynamicznymi zasadami, wyj\u0105tkowymi stadionami oraz ikonami kultury futbolowej.MADDEN ULTIMATE TEAM Przygotuj si\u0119 na nowy sezon \u015bwie\u017cej i ciekawej zawarto\u015bci Ultimate Team oraz budowania zespo\u0142u w duchu rywalizacji z innymi graczami. Zdobywaj karty MUT w wyzwaniach Ultimate Team i podejmuj strategiczne decyzje, by pog\u0142\u0119bi\u0107 sw\u00f3j sk\u0142ad. Zbuduj sk\u0142ad z aktualnymi gwiazdami NFL, legendami z galerii s\u0142aw i nie tylko. Po raz pierwszy w historii Ultimate Team w przerwie meczu mo\u017cesz zmienia\u0107 zdolno\u015bci Superstar X-Factor i kontrowa\u0107 strategie przeciwnika.ExhibitionRywalizuj w pojedynkach online i offline z innymi graczami lub samotnie przeciwko SI. Mo\u017cesz dowolnie zmienia\u0107 ustawienia mecz\u00f3w, w tym d\u0142ugo\u015b\u0107 kwart, zasady, stadion czy stroje.<\/p>\n<h2>Madden NFL 22 (Gra PS5) Cenega<\/h2>\n<p>szkic jak narysowa\u0107 kota, zabawy ruchowe dla dzieci, jak zrobi\u0107 laurk\u0119 dla babci, prezent dla ch\u0142opca na roczek, psi patrol zadania do druku, bruno, dzieci z bullerbyn quiz<\/p>\n<p>yyyyy<\/p>\n<p>&nbsp;<\/p>\n","protected":false},"excerpt":{"rendered":"<p>Zam\u00f3w Madden NFL 22 w przedsprzeda\u017cy, a otrzymasz:Franchise: 20 Staff PointsFace Of The Franchise i The Yard: og\u00f3lna klasa zawodnika od poziomu 10. Kapsu\u0142a wyposa\u017cenia Toma Brady\u2019egoMadden Ultimate Team1 z 32 gwiazd NFL do wyboruW Madden NFL 22 dzie\u0144 meczowy naprawd\u0119 o\u017cywa.W trybie Franchise dodajemy zarz\u0105dzanie personelem, rozbudowany silnik scenariuszy i cotygodniow\u0105 strategi\u0119. Post\u0119py awatara [&hellip;]<\/p>\n","protected":false},"featured_media":1443,"comment_status":"closed","ping_status":"open","template":"","meta":[],"product_cat":[218,217],"product_tag":[808,689,757,672],"class_list":["post-1442","product","type-product","status-publish","has-post-thumbnail","hentry","product_cat-cenega","product_cat-gry-playstation-5","product_tag-imie-mia","product_tag-linda","product_tag-test-z-lektury-ania-z-zielonego-wzgorza-klasa-6-z-odpowiedziami","product_tag-trudne-zagadki-z-odpowiedziami"],"_links":{"self":[{"href":"http:\/\/klubmamgdynia.pl\/index.php\/wp-json\/wp\/v2\/product\/1442","targetHints":{"allow":["GET"]}}],"collection":[{"href":"http:\/\/klubmamgdynia.pl\/index.php\/wp-json\/wp\/v2\/product"}],"about":[{"href":"http:\/\/klubmamgdynia.pl\/index.php\/wp-json\/wp\/v2\/types\/product"}],"replies":[{"embeddable":true,"href":"http:\/\/klubmamgdynia.pl\/index.php\/wp-json\/wp\/v2\/comments?post=1442"}],"wp:featuredmedia":[{"embeddable":true,"href":"http:\/\/klubmamgdynia.pl\/index.php\/wp-json\/wp\/v2\/media\/1443"}],"wp:attachment":[{"href":"http:\/\/klubmamgdynia.pl\/index.php\/wp-json\/wp\/v2\/media?parent=1442"}],"wp:term":[{"taxonomy":"product_cat","embeddable":true,"href":"http:\/\/klubmamgdynia.pl\/index.php\/wp-json\/wp\/v2\/product_cat?post=1442"},{"taxonomy":"product_tag","embeddable":true,"href":"http:\/\/klubmamgdynia.pl\/index.php\/wp-json\/wp\/v2\/product_tag?post=1442"}],"curies":[{"name":"wp","href":"https:\/\/api.w.org\/{rel}","templated":true}]}}