{"id":1444,"date":"2017-12-08T13:14:18","date_gmt":"2017-12-08T12:14:18","guid":{"rendered":"http:\/\/klubmamgdynia.pl\/index.php\/produkt\/plan-toys-bule\/"},"modified":"2026-04-20T17:58:31","modified_gmt":"2026-04-20T15:58:31","slug":"plan-toys-bule","status":"publish","type":"product","link":"http:\/\/klubmamgdynia.pl\/index.php\/produkt\/plan-toys-bule\/","title":{"rendered":"Plan Toys Bule"},"content":{"rendered":"<p>Bule to gra niezwykle popularna we Francji. Cel rozgrywki jest jeden: trafienie du\u017cymi kulami mo\u017cliwe najbli\u017cej \u015bwinki, czyli kuli-celu. Je\u015bli nasze kule na koniec gry znajd\u0105 si\u0119 najbli\u017cej celu, otrzymujemy najwi\u0119cej punkt\u00f3w. Podczas rozgrywki mo\u017cliwe jest wybijanie bil przeciwnik\u00f3w. W gr\u0119 mo\u017cna gra\u0107 w domu lub na dworze. Wszystkie drewniane zabawki marki Plan Toys\u00ae s\u0105 wytworzone z naturalnie wysuszonego drewna kauczukowego (podczas suszenia nie s\u0105 u\u017cywane \u017cadne substancje che&#8230;<\/p>\n<h2>Plan Toys Bule Plan Toys<\/h2>\n<p>prezenty na roczek, plecak torba i walizka, kolorowe ciasto, prezent dla nastolatk\u00f3w, \u017carty na prima aprilis w domu, zagadki dla dzieci 4-5 lat online, kamila, zagadki o zwierz\u0119tach, pokemon kolorowanki, kolorowanka dla dziewczynki, nietypowe imiona damskie, ksi\u0105\u017cka dla dzieci online, co oznacza nazwa jordan, markowa, prosta zagadka, kolorowanka ninjago, marcel imie, alan imie<\/p>\n<p>yyyyy<\/p>\n<p>&nbsp;<\/p>\n","protected":false},"excerpt":{"rendered":"<p>Bule to gra niezwykle popularna we Francji. Cel rozgrywki jest jeden: trafienie du\u017cymi kulami mo\u017cliwe najbli\u017cej \u015bwinki, czyli kuli-celu. Je\u015bli nasze kule na koniec gry znajd\u0105 si\u0119 najbli\u017cej celu, otrzymujemy najwi\u0119cej punkt\u00f3w. Podczas rozgrywki mo\u017cliwe jest wybijanie bil przeciwnik\u00f3w. W gr\u0119 mo\u017cna gra\u0107 w domu lub na dworze. Wszystkie drewniane zabawki marki Plan Toys\u00ae s\u0105 [&hellip;]<\/p>\n","protected":false},"featured_media":1445,"comment_status":"closed","ping_status":"open","template":"","meta":[],"product_cat":[130,409],"product_tag":[863,754,732,717,824],"class_list":["post-1444","product","type-product","status-publish","has-post-thumbnail","hentry","product_cat-gry-dzieciece","product_cat-plan-toys","product_tag-bajki-dla-dziewczynek","product_tag-dyplomy-do-wydrukowania-a4","product_tag-prezent-dla-rocznego-chlopca","product_tag-prezent-roczek","product_tag-warszawa-atrakcje-dla-dzieci"],"_links":{"self":[{"href":"http:\/\/klubmamgdynia.pl\/index.php\/wp-json\/wp\/v2\/product\/1444","targetHints":{"allow":["GET"]}}],"collection":[{"href":"http:\/\/klubmamgdynia.pl\/index.php\/wp-json\/wp\/v2\/product"}],"about":[{"href":"http:\/\/klubmamgdynia.pl\/index.php\/wp-json\/wp\/v2\/types\/product"}],"replies":[{"embeddable":true,"href":"http:\/\/klubmamgdynia.pl\/index.php\/wp-json\/wp\/v2\/comments?post=1444"}],"wp:featuredmedia":[{"embeddable":true,"href":"http:\/\/klubmamgdynia.pl\/index.php\/wp-json\/wp\/v2\/media\/1445"}],"wp:attachment":[{"href":"http:\/\/klubmamgdynia.pl\/index.php\/wp-json\/wp\/v2\/media?parent=1444"}],"wp:term":[{"taxonomy":"product_cat","embeddable":true,"href":"http:\/\/klubmamgdynia.pl\/index.php\/wp-json\/wp\/v2\/product_cat?post=1444"},{"taxonomy":"product_tag","embeddable":true,"href":"http:\/\/klubmamgdynia.pl\/index.php\/wp-json\/wp\/v2\/product_tag?post=1444"}],"curies":[{"name":"wp","href":"https:\/\/api.w.org\/{rel}","templated":true}]}}