{"id":1448,"date":"2013-04-04T16:09:51","date_gmt":"2013-04-04T14:09:51","guid":{"rendered":"http:\/\/klubmamgdynia.pl\/index.php\/produkt\/dk-zabawka-solarna-samochod-auto-radiowoz-policja-zestaw-do-samodzielnego-zlozenia\/"},"modified":"2026-04-29T16:06:50","modified_gmt":"2026-04-29T14:06:50","slug":"dk-zabawka-solarna-samochod-auto-radiowoz-policja-zestaw-do-samodzielnego-zlozenia","status":"publish","type":"product","link":"http:\/\/klubmamgdynia.pl\/index.php\/produkt\/dk-zabawka-solarna-samochod-auto-radiowoz-policja-zestaw-do-samodzielnego-zlozenia\/","title":{"rendered":"Dk Zabawka Solarna Samoch\u00f3d Auto Radiow\u00f3z Policja Zestaw Do Samodzielnego Z\u0142o\u017cenia"},"content":{"rendered":"<p>Edukacyjna zabawka solarna &#8211; samoch\u00f3d policyjnyEdukacyjna zabawka do samodzielnego sk\u0142adania, zasilana \u015bwiat\u0142em s\u0142onecznym.Do skonstruowania zestawu nie potrzebujesz \u017cadnego kleju czy narz\u0119dzi. Poszczeg\u00f3lne elementy sk\u0142adamy na zatrzask. Solarny zestaw to znakomita zabawka dla wszystkich ciekawych \u015bwiata dzieci. Pozwala kreatywnie sp\u0119dza\u0107 czas, a ponadto uczy czerpania po\u017cytku z energii s\u0142onecznej.Kreatywna i m\u0105dra zabawaTen wyj\u0105tkowy zestaw rozbudza kreatywno\u015b\u0107 i uczy wykorzystania energii s\u0142onecznej do dzia\u0142ania r\u00f3\u017cnego typu urz\u0105dze\u0144, w tym przypadku do zasilania silniczka elektrycznego zabawki.Nauka przez zabaw\u0119 to naturalna forma poznawania \u015bwiata, kt\u00f3ra dla dzieci jest najbardziej przyjemna i \u0142atwo przyswajalna. Otw\u00f3rz przed dzieckiem szerokie horyzonty mo\u017cliwo\u015bci &#8211; rozbudzona w nim kreatywno\u015b\u0107 zaowocuje w przysz\u0142o\u015bci.O\u015bwie\u0107 mnie&#8230;&#8221;Serce&#8221; zabawki stanowi panel solarny, nap\u0119dzaj\u0105cy silniczek i wprawiaj\u0105cy auto w ruch.Do przedniej zabawy wystarcz\u0105 wi\u0119c promienie s\u0142oneczne i&#8230; niezliczone pomys\u0142y na odgrywanie przer\u00f3\u017cnych scenek.Jako\u015b\u0107 i bezpiecze\u0144stwoW trosce o najm\u0142odszych, zabawk\u0119 wykonano z wysokiej jako\u015bci, atestowanego tworzywa. Zabawka nie posiada \u017cadnych ostrych kraw\u0119dzi ani element\u00f3w, kt\u00f3rymi dziecko mog\u0142oby si\u0119 skaleczy\u0107.Pe\u0142ne bezpiecze\u0144stwo u\u017cytkowania potwierdza Europejski Certyfikat bezpiecze\u0144stwa CE.Zasada dzia\u0142aniaMontujemy zestaw zgodnie z instrukcj\u0105 obs\u0142ugi do\u0142\u0105czon\u0105 do opakowania. Do uruchomienia i poprawnego dzia\u0142ania zabawki, najpierw nale\u017cy podda\u0107 panel solarny dzia\u0142aniu promieni s\u0142onecznych. Zabawka najlepiej i najd\u0142u\u017cej dzia\u0142a podczas zabawy na zewn\u0105trz, przy \u0142adnej, s\u0142onecznej pogodzie, ale je\u015bli zabawa na podw\u00f3rku jest niemo\u017cliwa, wystarczy wcze\u015bniej po\u0142o\u017cy\u0107 panel w nas\u0142onecznionym, jasnym miejscu i pozwoli\u0107 mu si\u0119 na\u0142adowa\u0107.Uwaga! Zestaw nie b\u0119dzie dzia\u0142a\u0142 poprawnie przy \u015bwietle fluorescencyjnym, w pomieszczeniu ciemnym lub podczas pochmurnej pogody. W przypadku du\u017cego zachmurzenia lub zaciemnienia, element solarny mo\u017cna tak\u017ce na\u0142adowa\u0107 przy u\u017cyciu lampy halogenowej o silnym \u015bwietle.Na\u0142adowany panel solarny nap\u0119dza silniczek i wprawia zabawk\u0119 w ruch.<\/p>\n<h2>Dk Zabawka Solarna Samoch\u00f3d Auto Radiow\u00f3z Policja Zestaw Do Samodzielnego Z\u0142o\u017cenia Dk<\/h2>\n<p>prezent na roczek, alfons, zabawy na dzie\u0144 dziecka w szkole, m\u0105dra my\u015bl na dobranoc, wierszyki na smigus dyngus<\/p>\n<p>yyyyy<\/p>\n<p>&nbsp;<\/p>\n","protected":false},"excerpt":{"rendered":"<p>Edukacyjna zabawka solarna &#8211; samoch\u00f3d policyjnyEdukacyjna zabawka do samodzielnego sk\u0142adania, zasilana \u015bwiat\u0142em s\u0142onecznym.Do skonstruowania zestawu nie potrzebujesz \u017cadnego kleju czy narz\u0119dzi. Poszczeg\u00f3lne elementy sk\u0142adamy na zatrzask. Solarny zestaw to znakomita zabawka dla wszystkich ciekawych \u015bwiata dzieci. Pozwala kreatywnie sp\u0119dza\u0107 czas, a ponadto uczy czerpania po\u017cytku z energii s\u0142onecznej.Kreatywna i m\u0105dra zabawaTen wyj\u0105tkowy zestaw rozbudza kreatywno\u015b\u0107 [&hellip;]<\/p>\n","protected":false},"featured_media":1449,"comment_status":"closed","ping_status":"open","template":"","meta":[],"product_cat":[83,408],"product_tag":[754,828,649],"class_list":["post-1448","product","type-product","status-publish","has-post-thumbnail","hentry","product_cat-auta-i-inne-pojazdy-do-zabawy","product_cat-dk","product_tag-dyplomy-do-wydrukowania-a4","product_tag-filmy-wigilijne-dla-dzieci","product_tag-zagadki-dla-nastolatkow"],"_links":{"self":[{"href":"http:\/\/klubmamgdynia.pl\/index.php\/wp-json\/wp\/v2\/product\/1448","targetHints":{"allow":["GET"]}}],"collection":[{"href":"http:\/\/klubmamgdynia.pl\/index.php\/wp-json\/wp\/v2\/product"}],"about":[{"href":"http:\/\/klubmamgdynia.pl\/index.php\/wp-json\/wp\/v2\/types\/product"}],"replies":[{"embeddable":true,"href":"http:\/\/klubmamgdynia.pl\/index.php\/wp-json\/wp\/v2\/comments?post=1448"}],"wp:featuredmedia":[{"embeddable":true,"href":"http:\/\/klubmamgdynia.pl\/index.php\/wp-json\/wp\/v2\/media\/1449"}],"wp:attachment":[{"href":"http:\/\/klubmamgdynia.pl\/index.php\/wp-json\/wp\/v2\/media?parent=1448"}],"wp:term":[{"taxonomy":"product_cat","embeddable":true,"href":"http:\/\/klubmamgdynia.pl\/index.php\/wp-json\/wp\/v2\/product_cat?post=1448"},{"taxonomy":"product_tag","embeddable":true,"href":"http:\/\/klubmamgdynia.pl\/index.php\/wp-json\/wp\/v2\/product_tag?post=1448"}],"curies":[{"name":"wp","href":"https:\/\/api.w.org\/{rel}","templated":true}]}}