{"id":1450,"date":"2019-11-29T16:32:38","date_gmt":"2019-11-29T15:32:38","guid":{"rendered":"http:\/\/klubmamgdynia.pl\/index.php\/produkt\/super-mario-3d-land-gra-3ds\/"},"modified":"2026-04-29T09:47:49","modified_gmt":"2026-04-29T07:47:49","slug":"super-mario-3d-land-gra-3ds","status":"publish","type":"product","link":"http:\/\/klubmamgdynia.pl\/index.php\/produkt\/super-mario-3d-land-gra-3ds\/","title":{"rendered":"Super Mario 3D Land (Gra 3DS)"},"content":{"rendered":"<p>_                            <\/p>\n<p>SUPER MARIO 3D LANDJest wlochem, nosi niebieskie spodnie monterskie, czerwona czapke, pielegnuje swoj zarost i ma slabost do ksiezniczek- kto to jest ? Nie kto inny niz Mario, ktory ledwo zdazyl odpoczac po ostatniej przygodzie a juz mus\u00ed znowu ratowac ksiezniczke Peach i grzybkowe krolestwo. Tym razem na nowym Nintendo 3DS w pelnym trzecim wymiarze.Pierwszy naprawde trojwymiarowy Mario                            <\/p>\n<p>Ale ten trzeci wymiar jest naprawde wazny! Odleglosci wydaja sie glebsze, bieganie i skakanie wydaje sie jeszcze bardziej dynamiczne, przeszkody, wrogowie i poziomy jeszcze bardziej wyrafinowane a ty musisz byc bardziej precyzyjny. W grze Super Mario 3D Land dla Nintendo 3DS nasz ulubiony instalator Mario pokazuje sie ze swojej\u00a0 najlepszej strony.                            <\/p>\n<p>Gra pozostawia ogolne wrazenie zupelnie nowej i wyjatkowej- skacz na wrogow z wieksza precyzj\u0105, omijaj p\u0142omienie oraz inne przedmioty kt\u00f3re wygl\u0105daj\u0105 jakby mialy wypa\u015b\u0107 z ekranu, skalkuluj idealny czas i odleglo\u015b\u0107 na atak. Ju\u017c nigdy wiecej pr\u00f3bnych manewr\u00f3w do pr\u00f3\u017cni.                            <\/p>\n<p>Nowo\u015b\u0107i w serii imponuj\u0105ca grafika z nowoczesnymi efektami i zapieraj\u0105cy dech w piersiach tr\u00f3jwymiarowy obraz, z kt\u00f3rego wyp\u0142ywa niezliczona ilo\u015b\u0107 nowych element\u00f3w do grania, nie s\u0105 jedynymi nowo\u015bciami w Mario 3D Land. Mario mo\u017ce si\u0119 pochwali\u0107 ca\u0142kiem nowymi ubraniami, kt\u00f3re dodaj\u0105 mu specjalnych mo\u017cliwo\u015bci. Na przyk\u0142ad przebranie szopa- nie tylko dobrze w nim wygl\u0105da, z ogonem mo\u017ce uderzy\u0107 przeciwnika i uciec mu daleko.                            <\/p>\n<p>Co wiecej mo\u017ce z nim zeskakiwa\u0107 z naprawd\u0119 wielkich wysoko\u015bci lekko niczym pi\u00f3rko. Nowi s\u0105 r\u00f3wnie\u017c wrogowie- Gumbowie z ogonami albo Gumbowie k\u00f3rzy staj\u0105c na siebie tworz\u0105c ruchom\u0105 wie\u017c\u0119 czy te\u017c mi\u0119so\u017cerne ro\u015bliny, kt\u00f3re pluj\u0105 atramentem zamazuj\u0105cym tw\u00f3j ekran. O poszczeg\u00f3lnych poziomach i szefach nie wspominaj\u0105c.<\/p>\n<h2>Super Mario 3D Land (Gra 3DS) Nintendo<\/h2>\n<p>prezent dla rocznego dziecka, kolorowanki dla ch\u0142opc\u00f3w do druku, quiz o usa, ninjago kolorowanki, literki do pisania do druku, laurka kolorowanki na dzie\u0144 mamy, podchwytliwe zagadki dla dzieci, kolorowanka lego friends, maska batmana do druku, dzieci z bullerbyn quiz, zagadki o bajkach, pies kolorowanka, uk\u0142ad s\u0142oneczny kolorowanka, farma dyni poznan, park ujazdowski, cicha noc po angielsku tekst, miastodzieci, imiona z bajek, cytaty o dziecku i mamie, rodzina sentencja, test asiunia joanna papuzi\u0144ska<\/p>\n<p>yyyyy<\/p>\n<p>&nbsp;<\/p>\n","protected":false},"excerpt":{"rendered":"<p>_ SUPER MARIO 3D LANDJest wlochem, nosi niebieskie spodnie monterskie, czerwona czapke, pielegnuje swoj zarost i ma slabost do ksiezniczek- kto to jest ? Nie kto inny niz Mario, ktory ledwo zdazyl odpoczac po ostatniej przygodzie a juz mus\u00ed znowu ratowac ksiezniczke Peach i grzybkowe krolestwo. Tym razem na nowym Nintendo 3DS w pelnym trzecim [&hellip;]<\/p>\n","protected":false},"featured_media":1451,"comment_status":"closed","ping_status":"open","template":"","meta":[],"product_cat":[411,410],"product_tag":[742,739,597],"class_list":["post-1450","product","type-product","status-publish","has-post-thumbnail","hentry","product_cat-gry-nintendo-3ds","product_cat-nintendo","product_tag-piosenki-dla-dzieci-tekst","product_tag-prima-aprilis-w-szkole","product_tag-zagadki-o-zimie"],"_links":{"self":[{"href":"http:\/\/klubmamgdynia.pl\/index.php\/wp-json\/wp\/v2\/product\/1450","targetHints":{"allow":["GET"]}}],"collection":[{"href":"http:\/\/klubmamgdynia.pl\/index.php\/wp-json\/wp\/v2\/product"}],"about":[{"href":"http:\/\/klubmamgdynia.pl\/index.php\/wp-json\/wp\/v2\/types\/product"}],"replies":[{"embeddable":true,"href":"http:\/\/klubmamgdynia.pl\/index.php\/wp-json\/wp\/v2\/comments?post=1450"}],"wp:featuredmedia":[{"embeddable":true,"href":"http:\/\/klubmamgdynia.pl\/index.php\/wp-json\/wp\/v2\/media\/1451"}],"wp:attachment":[{"href":"http:\/\/klubmamgdynia.pl\/index.php\/wp-json\/wp\/v2\/media?parent=1450"}],"wp:term":[{"taxonomy":"product_cat","embeddable":true,"href":"http:\/\/klubmamgdynia.pl\/index.php\/wp-json\/wp\/v2\/product_cat?post=1450"},{"taxonomy":"product_tag","embeddable":true,"href":"http:\/\/klubmamgdynia.pl\/index.php\/wp-json\/wp\/v2\/product_tag?post=1450"}],"curies":[{"name":"wp","href":"https:\/\/api.w.org\/{rel}","templated":true}]}}