{"id":1454,"date":"2016-05-28T23:52:57","date_gmt":"2016-05-28T21:52:57","guid":{"rendered":"http:\/\/klubmamgdynia.pl\/index.php\/produkt\/gra-planszowa-wsiasc-do-pociagu-nowy-jork\/"},"modified":"2026-04-18T19:17:21","modified_gmt":"2026-04-18T17:17:21","slug":"gra-planszowa-wsiasc-do-pociagu-nowy-jork","status":"publish","type":"product","link":"http:\/\/klubmamgdynia.pl\/index.php\/produkt\/gra-planszowa-wsiasc-do-pociagu-nowy-jork\/","title":{"rendered":"Gra planszowa Wsi\u0105\u015b\u0107 Do Poci\u0105gu: Nowy Jork"},"content":{"rendered":"<p>\u00a0Wsi\u0105\u015b\u0107 do Poci\u0105gu: Nowy Jork\u00a0Sta\u0144 u podn\u00f3\u017ca Statuy Wolno\u015bci!\u00a0                            <\/p>\n<p>\u00a0Witamy w Nowym Jorku! We\u017a udzia\u0142 w niezwyk\u0142ej przygodzie i odkryj najwi\u0119ksze atrakcje legendarnego miasta: od Time Square, poprzez Empire State Building a\u017c do Central Parku. Wsi\u0105d\u017a do taks\u00f3wki i przemierzaj ulice wed\u0142ug w\u0142asnej trasy, odwiedzaj\u0105c jednocze\u015bnie najwa\u017cniejsze punkty turystyczne.\u00a0                            <\/p>\n<p>\u00a0Jak to dzia\u0142a?\u00a0Na pocz\u0105tku gry uczestnicy otrzymuj\u0105 po 2 karty bilet\u00f3w &#8211; wskazuj\u0105 one miejsca, kt\u00f3re b\u0119dziemy musieli po\u0142\u0105czy\u0107 nieprzerwan\u0105 tras\u0105 na mapie. W tym celu potrzebujemy dw\u00f3ch rzeczy: plastikowych taks\u00f3wek, kt\u00f3rymi zaznaczymy zaj\u0119ty odcinek (ka\u017cdy z nas dysponuje r\u00f3wno liczn\u0105 pul\u0105 samochod\u00f3w w swoim kolorze) oraz odpowiedniej ilo\u015bci kart transportu w kolorze i liczbie odpowiadaj\u0105cej wybranemu przez nas odcinkowi. Poszczeg\u00f3lne trasy realizujemy po kawa\u0142ku, co oznacza \u017ce w swojej turze mo\u017cemy po\u0142\u0105czy\u0107 ze sob\u0105 dwa s\u0105siaduj\u0105ce miejsca.\u00a0                            <\/p>\n<p>\u00a0W ramach akcji mo\u017cemy zrobi\u0107 jedn\u0105 z trzech rzeczy:dobra\u0107 maksymalnie dwie karty transportu,po\u0142\u0105czy\u0107 dwa s\u0105siaduj\u0105ce miejsca tras\u0105 taks\u00f3wki,dobra\u0107 kolejne karty bilet\u00f3w.Gra ko\u0144czy si\u0119 w momencie, gdy kt\u00f3remu\u015b z graczy pozostan\u0105 do wykorzystania dwie lub mniej plastikowych taks\u00f3wek. Od tego momentu ka\u017cdy z uczestnik\u00f3w mo\u017ce wykona\u0107 jeszcze jedn\u0105 tur\u0119. Nast\u0119pnie podliczamy punkty za posiadane karty bilet\u00f3w oraz odwiedzone atrakcje turystyczne. Ten, kto zebra\u0142 najwi\u0119cej punkt\u00f3w \u2013 wygrywa.\u00a0                            <\/p>\n<p>Dlaczego pokochasz t\u0119 gr\u0119?Wsi\u0105\u015b\u0107 do Poci\u0105gu: Nowy Jork zachowuje wszelkie najwa\u017cniejsze rozwi\u0105zania znanych ju\u017c wersji podstawowych, a jednocze\u015bnie, dzi\u0119ki ma\u0142ej mapie i kr\u00f3tszym odcinkom, skraca rozgrywk\u0119 do minimum.Dzi\u0119ki prostocie zasad i kr\u00f3tkiemu czasowi rozgrywki ta wersja gry jeszcze lepiej spe\u0142nia potrzeby pocz\u0105tkuj\u0105cych graczy. A kiedy ju\u017c z\u0142apiemy bakcyla Wsi\u0105\u015b\u0107 do Poci\u0105gu&#8230; c\u00f3\u017c, w\u00f3wczas mamy przed sob\u0105 jeszcze wiele przyg\u00f3d o r\u00f3\u017cnym stopniu zaawansowania!Mimo kilku uproszcze\u0144 Wsi\u0105\u015b\u0107 do Poci\u0105gu: Nowy Jork wci\u0105\u017c wymaga od nas m\u0105drego planowania przy jednoczesnym skr\u00f3conym czasie gry. To prawdziwa gratka dla fan\u00f3w serii i sprytny spos\u00f3b na wci\u0105gni\u0119cie do zabawy nowe osoby!\u00a0                            <\/p>\n<p>Zawarto\u015b\u0107 pude\u0142ka:plansza sieci transportowej Nowego Jorku60 plastikowych taks\u00f3wek (po 15 w ka\u017cdym kolorze)kilka zapasowych taks\u00f3wek w ka\u017cdym kolorze44 karty Lokomocji (8 kart wielokolorowych Taks\u00f3wek i po 6 kart w kolorze niebieskim, zielonym, czarnym, r\u00f3\u017cowym, czerwonym i pomara\u0144czowym)18 kart bilet\u00f3winstrukcjanotes do zapisywania punkt\u00f3wo\u0142\u00f3wekAutor:<br \/>\nAlan R. MoonIlustrator:<br \/>\nCyrille Daujean, Julien DelvalWydawca:<br \/>\nRebel<\/p>\n<h2>Gra planszowa Wsi\u0105\u015b\u0107 Do Poci\u0105gu: Nowy Jork Rebel<\/h2>\n<p>kolorowanka kotek, ka\u0142u\u017cy\u015bci, julian imie, \u015bmigus dyngus lany poniedzia\u0142ek zyczenia, gabriela, uk\u0142ad s\u0142oneczny do druku, malowane kamienie, zagadki wielkanocne przedszkole<\/p>\n<p>yyyyy<\/p>\n<p>&nbsp;<\/p>\n","protected":false},"excerpt":{"rendered":"<p>\u00a0Wsi\u0105\u015b\u0107 do Poci\u0105gu: Nowy Jork\u00a0Sta\u0144 u podn\u00f3\u017ca Statuy Wolno\u015bci!\u00a0 \u00a0Witamy w Nowym Jorku! We\u017a udzia\u0142 w niezwyk\u0142ej przygodzie i odkryj najwi\u0119ksze atrakcje legendarnego miasta: od Time Square, poprzez Empire State Building a\u017c do Central Parku. Wsi\u0105d\u017a do taks\u00f3wki i przemierzaj ulice wed\u0142ug w\u0142asnej trasy, odwiedzaj\u0105c jednocze\u015bnie najwa\u017cniejsze punkty turystyczne.\u00a0 \u00a0Jak to dzia\u0142a?\u00a0Na pocz\u0105tku gry uczestnicy [&hellip;]<\/p>\n","protected":false},"featured_media":1455,"comment_status":"closed","ping_status":"open","template":"","meta":[],"product_cat":[235,219],"product_tag":[792,579,767],"class_list":["post-1454","product","type-product","status-publish","has-post-thumbnail","hentry","product_cat-gry-planszowe","product_cat-rebel","product_tag-cytaty-o-mamie","product_tag-quiz-opowiesci-z-narnii-lew-czarownica-i-stara-szafa","product_tag-zaproszenia-urodzinowe-do-druku"],"_links":{"self":[{"href":"http:\/\/klubmamgdynia.pl\/index.php\/wp-json\/wp\/v2\/product\/1454","targetHints":{"allow":["GET"]}}],"collection":[{"href":"http:\/\/klubmamgdynia.pl\/index.php\/wp-json\/wp\/v2\/product"}],"about":[{"href":"http:\/\/klubmamgdynia.pl\/index.php\/wp-json\/wp\/v2\/types\/product"}],"replies":[{"embeddable":true,"href":"http:\/\/klubmamgdynia.pl\/index.php\/wp-json\/wp\/v2\/comments?post=1454"}],"wp:featuredmedia":[{"embeddable":true,"href":"http:\/\/klubmamgdynia.pl\/index.php\/wp-json\/wp\/v2\/media\/1455"}],"wp:attachment":[{"href":"http:\/\/klubmamgdynia.pl\/index.php\/wp-json\/wp\/v2\/media?parent=1454"}],"wp:term":[{"taxonomy":"product_cat","embeddable":true,"href":"http:\/\/klubmamgdynia.pl\/index.php\/wp-json\/wp\/v2\/product_cat?post=1454"},{"taxonomy":"product_tag","embeddable":true,"href":"http:\/\/klubmamgdynia.pl\/index.php\/wp-json\/wp\/v2\/product_tag?post=1454"}],"curies":[{"name":"wp","href":"https:\/\/api.w.org\/{rel}","templated":true}]}}