{"id":1456,"date":"2015-04-08T01:52:07","date_gmt":"2015-04-07T23:52:07","guid":{"rendered":"http:\/\/klubmamgdynia.pl\/index.php\/produkt\/egmont-ukladanka-gra-magnetyczna-fashion-moda\/"},"modified":"2026-04-22T17:28:48","modified_gmt":"2026-04-22T15:28:48","slug":"egmont-ukladanka-gra-magnetyczna-fashion-moda","status":"publish","type":"product","link":"http:\/\/klubmamgdynia.pl\/index.php\/produkt\/egmont-ukladanka-gra-magnetyczna-fashion-moda\/","title":{"rendered":"Egmont Uk\u0142adanka Gra Magnetyczna Fashion Moda"},"content":{"rendered":"<p>Komplet magnetyczny do zabawy w formie por\u0119cznej teczki z wygodnym uchwytem. Du\u017ca plansza z bajecznie kolorow\u0105 grafik\u0105 i magnetycznymi elementami. Ca\u0142o\u015b\u0107 spakowana w przeno\u015bnej teczce, dzi\u0119ki czemu dziecko mo\u017ce bawi\u0107 si\u0119 gdziekolwiek zechce. Uk\u0142adanka zapewni dziecku doskona\u0142\u0105 zabaw\u0119 w podr\u00f3\u017cy, u lekarza, w samochodzie. Zalet\u0105 w tej rozk\u0142adanej teczce s\u0105 zabezpieczone brzegi &#8211; ranty obrazk\u00f3w. Uk\u0142adanka sprawi dziecku wiele rado\u015bci. Pozwoli rozwija\u0107 wyobra\u017ani\u0119, kreatywno\u015b\u0107, a tak\u017ce zdolno\u015bci manualne. Maluch mo\u017ce uk\u0142adaj\u0105c opowiada\u0107 co si\u0119 dzieje na obrazku po dodaniu magnetycznych naklejek. B\u0119dzie dzi\u0119ki temu poszerza\u0107 s\u0142ownictwo, poznawa\u0107 wyrazy, budowa\u0107 zdania. 73 elementy magnetycznego, modowego sza\u0142u \ud83d\ude42 Zabawki Egmont Toys &#8211; dzieci\u0119cy \u015bwiat wyobra\u017ani \ud83d\ude42<\/p>\n<h2>Egmont Uk\u0142adanka Gra Magnetyczna Fashion Moda EGMONT<\/h2>\n<p>nadia imi\u0119, test znaki drogowe, z\u0142ote my\u015bli kr\u00f3tkie, dziecko cytaty z\u0142ote my\u015bli, jak narysowa\u0107 oko, sta\u0142a pod \u015bniegiem, atrakcje dla dzieci wroclaw, jesienne piosenki dla dzieci, pozytywne cytaty mama cytaty, uk\u0142ad s\u0142oneczny dla dzieci, zagadki \u0142amig\u0142\u00f3wki, pokemon do druku, mia\u0142a baba koguta tekst, ach \u015bpij kochanie tekst, ciekawe zagadki i odpowiedzi<\/p>\n<p>yyyyy<\/p>\n<p>&nbsp;<\/p>\n","protected":false},"excerpt":{"rendered":"<p>Komplet magnetyczny do zabawy w formie por\u0119cznej teczki z wygodnym uchwytem. Du\u017ca plansza z bajecznie kolorow\u0105 grafik\u0105 i magnetycznymi elementami. Ca\u0142o\u015b\u0107 spakowana w przeno\u015bnej teczce, dzi\u0119ki czemu dziecko mo\u017ce bawi\u0107 si\u0119 gdziekolwiek zechce. Uk\u0142adanka zapewni dziecku doskona\u0142\u0105 zabaw\u0119 w podr\u00f3\u017cy, u lekarza, w samochodzie. Zalet\u0105 w tej rozk\u0142adanej teczce s\u0105 zabezpieczone brzegi &#8211; ranty obrazk\u00f3w. [&hellip;]<\/p>\n","protected":false},"featured_media":1457,"comment_status":"closed","ping_status":"open","template":"","meta":[],"product_cat":[229,21],"product_tag":[585,867,787,810],"class_list":["post-1456","product","type-product","status-publish","has-post-thumbnail","hentry","product_cat-egmont","product_cat-zabawki-plastyczne","product_tag-kolorowanki-dla-chlopcow","product_tag-kolorowanki-dla-dziewczynek","product_tag-nauka-pisania-wyrazow-dla-dzieci-do-druku-pdf","product_tag-nauka-zegara-do-druku"],"_links":{"self":[{"href":"http:\/\/klubmamgdynia.pl\/index.php\/wp-json\/wp\/v2\/product\/1456","targetHints":{"allow":["GET"]}}],"collection":[{"href":"http:\/\/klubmamgdynia.pl\/index.php\/wp-json\/wp\/v2\/product"}],"about":[{"href":"http:\/\/klubmamgdynia.pl\/index.php\/wp-json\/wp\/v2\/types\/product"}],"replies":[{"embeddable":true,"href":"http:\/\/klubmamgdynia.pl\/index.php\/wp-json\/wp\/v2\/comments?post=1456"}],"wp:featuredmedia":[{"embeddable":true,"href":"http:\/\/klubmamgdynia.pl\/index.php\/wp-json\/wp\/v2\/media\/1457"}],"wp:attachment":[{"href":"http:\/\/klubmamgdynia.pl\/index.php\/wp-json\/wp\/v2\/media?parent=1456"}],"wp:term":[{"taxonomy":"product_cat","embeddable":true,"href":"http:\/\/klubmamgdynia.pl\/index.php\/wp-json\/wp\/v2\/product_cat?post=1456"},{"taxonomy":"product_tag","embeddable":true,"href":"http:\/\/klubmamgdynia.pl\/index.php\/wp-json\/wp\/v2\/product_tag?post=1456"}],"curies":[{"name":"wp","href":"https:\/\/api.w.org\/{rel}","templated":true}]}}