{"id":1460,"date":"2024-08-10T11:15:52","date_gmt":"2024-08-10T09:15:52","guid":{"rendered":"http:\/\/klubmamgdynia.pl\/?post_type=product&#038;p=1460"},"modified":"2026-05-17T22:42:41","modified_gmt":"2026-05-17T20:42:41","slug":"noris-tusz-wodny-110s-czarny","status":"publish","type":"product","link":"http:\/\/klubmamgdynia.pl\/index.php\/produkt\/noris-tusz-wodny-110s-czarny\/","title":{"rendered":"Noris Tusz wodny 110S &#8211; czarny"},"content":{"rendered":"<p>Kod Producenta\u00a0110s\u00a0Opis\u00a0Tusz Noris 110S, tusz wodny do znakowania papieru, dokument\u00f3w, do stempli r\u0119cznych i samotuszuj\u0105cych, idealny do stempli z gumow\u0105 lub polimerow\u0105 p\u0142ytk\u0105 stempluj\u0105c\u0105, jednostka sprzeda\u017cy 1 sztuka.\u00a0Zestaw zawiera :\u00a01<\/p>\n<h2>Noris Tusz wodny 110S &#8211; czarny Noris<\/h2>\n<p>ch\u0142opcy z placu broni &#8211; test z odpowiedziami, test z dzieci z bullerbyn, wr\u00f3\u017cby andrzejkowe online dla dzieci, cytaty z ma\u0142ego ksi\u0119cia, co robi\u0107 z dzieckiem w warszawie, zagadki typu co to jest, kolorowanki z bajek, stare wiersze dla dzieci, peppa do druku, zagadki rymowanki dla dzieci, ma\u0142y ksi\u0105\u017ce cytaty o przyja\u017ani, trudne zagadki z odpowiedziami, teksty ko\u0142ysanek<\/p>\n<p>yyyyy<\/p>\n<p>&nbsp;<\/p>\n","protected":false},"excerpt":{"rendered":"<p>Kod Producenta\u00a0110s\u00a0Opis\u00a0Tusz Noris 110S, tusz wodny do znakowania papieru, dokument\u00f3w, do stempli r\u0119cznych i samotuszuj\u0105cych, idealny do stempli z gumow\u0105 lub polimerow\u0105 p\u0142ytk\u0105 stempluj\u0105c\u0105, jednostka sprzeda\u017cy 1 sztuka.\u00a0Zestaw zawiera :\u00a01 Noris Tusz wodny 110S &#8211; czarny Noris ch\u0142opcy z placu broni &#8211; test z odpowiedziami, test z dzieci z bullerbyn, wr\u00f3\u017cby andrzejkowe online dla dzieci, [&hellip;]<\/p>\n","protected":false},"featured_media":1461,"comment_status":"closed","ping_status":"open","template":"","meta":[],"product_cat":[413,412],"product_tag":[871,785,778,679,796],"class_list":["post-1460","product","type-product","status-publish","has-post-thumbnail","hentry","product_cat-artykuly-pismiennicze","product_cat-noris","product_tag-bajka-o-smoku-wawelskim","product_tag-prezent-dla-nastolatkow","product_tag-zabawki-na-roczek-dla-chlopca","product_tag-zabawki-na-roczek-dla-dziewczynki","product_tag-zagatki"],"_links":{"self":[{"href":"http:\/\/klubmamgdynia.pl\/index.php\/wp-json\/wp\/v2\/product\/1460","targetHints":{"allow":["GET"]}}],"collection":[{"href":"http:\/\/klubmamgdynia.pl\/index.php\/wp-json\/wp\/v2\/product"}],"about":[{"href":"http:\/\/klubmamgdynia.pl\/index.php\/wp-json\/wp\/v2\/types\/product"}],"replies":[{"embeddable":true,"href":"http:\/\/klubmamgdynia.pl\/index.php\/wp-json\/wp\/v2\/comments?post=1460"}],"wp:featuredmedia":[{"embeddable":true,"href":"http:\/\/klubmamgdynia.pl\/index.php\/wp-json\/wp\/v2\/media\/1461"}],"wp:attachment":[{"href":"http:\/\/klubmamgdynia.pl\/index.php\/wp-json\/wp\/v2\/media?parent=1460"}],"wp:term":[{"taxonomy":"product_cat","embeddable":true,"href":"http:\/\/klubmamgdynia.pl\/index.php\/wp-json\/wp\/v2\/product_cat?post=1460"},{"taxonomy":"product_tag","embeddable":true,"href":"http:\/\/klubmamgdynia.pl\/index.php\/wp-json\/wp\/v2\/product_tag?post=1460"}],"curies":[{"name":"wp","href":"https:\/\/api.w.org\/{rel}","templated":true}]}}