{"id":1462,"date":"2023-07-24T07:43:48","date_gmt":"2023-07-24T05:43:48","guid":{"rendered":"http:\/\/klubmamgdynia.pl\/?post_type=product&#038;p=1462"},"modified":"2026-04-29T19:47:42","modified_gmt":"2026-04-29T17:47:42","slug":"gra-planszowa-mercurio-decktective-la-mirada-del-fantasma-wersja-hiszpanska","status":"publish","type":"product","link":"http:\/\/klubmamgdynia.pl\/index.php\/produkt\/gra-planszowa-mercurio-decktective-la-mirada-del-fantasma-wersja-hiszpanska\/","title":{"rendered":"Gra planszowa Mercurio Decktective: La Mirada del Fantasma (wersja hiszpa\u0144ska)"},"content":{"rendered":"<p>Dzieci zas\u0142uguj\u0105 na to co najlepsze, dlatego przedstawiamy Ci Karty do gry Detektive, idealny dla tych, kt\u00f3rzy szukaj\u0105 produkt\u00f3w wysokiej jako\u015bci dla dzieci! Zdob\u0105d\u017a i inne produkty markowe i licencyjne w najlepszych cenach!karty do gry: 62J\u0119zyk: hiszpa\u0144ski<\/p>\n<h2>Gra planszowa Mercurio Decktective: La Mirada del Fantasma (wersja hiszpa\u0144ska) BigBuy Fun<\/h2>\n<p>origami kotek, \u0142amig\u0142\u00f3wki dla dzieci do druku, warszawa atrakcje dla m\u0142odzie\u017cy, mitologia test, anio\u0142ki do druku<\/p>\n<p>yyyyy<\/p>\n<p>&nbsp;<\/p>\n","protected":false},"excerpt":{"rendered":"<p>Dzieci zas\u0142uguj\u0105 na to co najlepsze, dlatego przedstawiamy Ci Karty do gry Detektive, idealny dla tych, kt\u00f3rzy szukaj\u0105 produkt\u00f3w wysokiej jako\u015bci dla dzieci! Zdob\u0105d\u017a i inne produkty markowe i licencyjne w najlepszych cenach!karty do gry: 62J\u0119zyk: hiszpa\u0144ski Gra planszowa Mercurio Decktective: La Mirada del Fantasma (wersja hiszpa\u0144ska) BigBuy Fun origami kotek, \u0142amig\u0142\u00f3wki dla dzieci do [&hellip;]<\/p>\n","protected":false},"featured_media":1463,"comment_status":"closed","ping_status":"open","template":"","meta":[],"product_cat":[223,235],"product_tag":[847,605,677,718,857],"class_list":["post-1462","product","type-product","status-publish","has-post-thumbnail","hentry","product_cat-bigbuy-fun","product_cat-gry-planszowe","product_tag-kolorowanki-pokemon","product_tag-milena","product_tag-milosz-imie","product_tag-prezent-na-roczek-dla-chrzesniaka","product_tag-zagadki-dla-dzieci-7-8-lat"],"_links":{"self":[{"href":"http:\/\/klubmamgdynia.pl\/index.php\/wp-json\/wp\/v2\/product\/1462","targetHints":{"allow":["GET"]}}],"collection":[{"href":"http:\/\/klubmamgdynia.pl\/index.php\/wp-json\/wp\/v2\/product"}],"about":[{"href":"http:\/\/klubmamgdynia.pl\/index.php\/wp-json\/wp\/v2\/types\/product"}],"replies":[{"embeddable":true,"href":"http:\/\/klubmamgdynia.pl\/index.php\/wp-json\/wp\/v2\/comments?post=1462"}],"wp:featuredmedia":[{"embeddable":true,"href":"http:\/\/klubmamgdynia.pl\/index.php\/wp-json\/wp\/v2\/media\/1463"}],"wp:attachment":[{"href":"http:\/\/klubmamgdynia.pl\/index.php\/wp-json\/wp\/v2\/media?parent=1462"}],"wp:term":[{"taxonomy":"product_cat","embeddable":true,"href":"http:\/\/klubmamgdynia.pl\/index.php\/wp-json\/wp\/v2\/product_cat?post=1462"},{"taxonomy":"product_tag","embeddable":true,"href":"http:\/\/klubmamgdynia.pl\/index.php\/wp-json\/wp\/v2\/product_tag?post=1462"}],"curies":[{"name":"wp","href":"https:\/\/api.w.org\/{rel}","templated":true}]}}