{"id":1464,"date":"2019-09-30T06:33:39","date_gmt":"2019-09-30T04:33:39","guid":{"rendered":"http:\/\/klubmamgdynia.pl\/index.php\/produkt\/endless-legend-gra-pc\/"},"modified":"2026-04-26T12:22:08","modified_gmt":"2026-04-26T10:22:08","slug":"endless-legend-gra-pc","status":"publish","type":"product","link":"http:\/\/klubmamgdynia.pl\/index.php\/produkt\/endless-legend-gra-pc\/","title":{"rendered":"Endless Legend (Gra PC)"},"content":{"rendered":"<p>\u015aWIAT NA SKRAJU ZAG\u0141ADY Auriga to niego\u015bcinny \u015bwiat o surowym klimacie. W powietrzu czu\u0107 nadci\u0105gaj\u0105cy tajemniczy kataklizm. Ostatnia zima nale\u017ca\u0142a do najd\u0142u\u017cszych i najgorszych w historii. Przetrwasz? Posiadasz miasto, lojalnych podanych i kilka oddzia\u0142\u00f3w piechoty z mocarnym bohaterem na czele. Twoja si\u0142a i magia utrzymaj\u0105 ich przy \u017cyciu, ale poza tym nic nie jest pewne &#8230; Jaka przysz\u0142o\u015b\u0107 czeka Twoj\u0105 cywilizacj\u0119? Czy zdo\u0142a ona przetrwa\u0107 kolejn\u0105 srog\u0105 zim\u0119?Cechy gry:- Eksploruj generowany losowo \u015bwiat fantasy kieruj\u0105c jedn\u0105 z o\u015bmiu cywilizacji, stawiaj\u0105c przy tym czo\u0142a niezwykle dotkliwym i bezwzgl\u0119dnym porom roku.- Poszerzaj swoje imperium przemierzaj\u0105c niezbadane krainy podbijaj\u0105c, buduj\u0105c i rozwijaj\u0105c nowe wioski oraz miasta. Asymiluj wrogie nacje zyskuj\u0105c nowe jednostki i umiej\u0119tno\u015bci.- Wykorzystaj otaczaj\u0105cy Ci\u0119 \u015bwiat, handel oraz dyplomacj\u0119. Ro\u015bnij w si\u0142\u0119 rozwijaj\u0105c nowe technologie, zbieraj\u0105c drogocenne kruszce oraz DUST pozostaj\u0105c o krok przed reszt\u0105 \u015bwiata.- Niszcz cywilizacje, kt\u00f3re o\u015bmiel\u0105 si\u0119 Ci przeciwstawi\u0107 wykorzystuj\u0105c ukszta\u0142towaniu terenu, machiny wojenne oraz unikalne dla ka\u017cdej rasy umiej\u0119tno\u015bci, jak i intuicyjny system walki.DRM (Tylko gry PC &#8211; pozosta\u0142e wywali\u0107!): SteamGatunek gry: strategicznaLiczba no\u015bnik\u00f3w (filmy, gry): 1No\u015bnik (filmy, gry): DVDPlatforma (gry): PCTryb multiplayer: internetTryb multiplayer: brakVideo:Wersja j\u0119zykowa: z polskimi napisamiWymagania sprz\u0119towe:- OS: Windows Vista \/ 7 \/ 8 \/ 8.1 I- CPU: Intel Core 2 2.50Ghz- 4 GB RAM- KARTA GRAFICZNA: nVidia Geforce 460 1GB LUB ATI Radeon HD 6850 1GB- DirectX: Version 9.0c- HDD: 4 GB- KARTA MUZYCZNA: kompatybilna z DirectX 9- Wymaga po\u0142\u0105czenia z Internetem &#8211; STEAMWymagania wiekowe (od lat): 12<\/p>\n<h2>Endless Legend (Gra PC) Techland<\/h2>\n<p>malowanki do druku, jak zrobi\u0107 du\u017ce jajo wielkanocne, magiczne drzewo czerwone krzes\u0142o test, prezent dla nastoletniego ch\u0142opca, list do sw mikolaja, cytat o dziecku, zagadki o zwierz\u0119tach, sentencja rodzina<\/p>\n<p>yyyyy<\/p>\n<p>&nbsp;<\/p>\n","protected":false},"excerpt":{"rendered":"<p>\u015aWIAT NA SKRAJU ZAG\u0141ADY Auriga to niego\u015bcinny \u015bwiat o surowym klimacie. W powietrzu czu\u0107 nadci\u0105gaj\u0105cy tajemniczy kataklizm. Ostatnia zima nale\u017ca\u0142a do najd\u0142u\u017cszych i najgorszych w historii. Przetrwasz? Posiadasz miasto, lojalnych podanych i kilka oddzia\u0142\u00f3w piechoty z mocarnym bohaterem na czele. Twoja si\u0142a i magia utrzymaj\u0105 ich przy \u017cyciu, ale poza tym nic nie jest pewne [&hellip;]<\/p>\n","protected":false},"featured_media":1465,"comment_status":"closed","ping_status":"open","template":"","meta":[],"product_cat":[222,360],"product_tag":[578,775,783,576,746],"class_list":["post-1464","product","type-product","status-publish","has-post-thumbnail","hentry","product_cat-gry-pc","product_cat-techland","product_tag-fajne-zarty-na-prima-aprilis","product_tag-kolorowanki-do-druku-pokemon","product_tag-prezenty-na-roczek-dla-chlopca","product_tag-trudne-zagadki","product_tag-zagadki-typu-co-to-jest"],"_links":{"self":[{"href":"http:\/\/klubmamgdynia.pl\/index.php\/wp-json\/wp\/v2\/product\/1464","targetHints":{"allow":["GET"]}}],"collection":[{"href":"http:\/\/klubmamgdynia.pl\/index.php\/wp-json\/wp\/v2\/product"}],"about":[{"href":"http:\/\/klubmamgdynia.pl\/index.php\/wp-json\/wp\/v2\/types\/product"}],"replies":[{"embeddable":true,"href":"http:\/\/klubmamgdynia.pl\/index.php\/wp-json\/wp\/v2\/comments?post=1464"}],"wp:featuredmedia":[{"embeddable":true,"href":"http:\/\/klubmamgdynia.pl\/index.php\/wp-json\/wp\/v2\/media\/1465"}],"wp:attachment":[{"href":"http:\/\/klubmamgdynia.pl\/index.php\/wp-json\/wp\/v2\/media?parent=1464"}],"wp:term":[{"taxonomy":"product_cat","embeddable":true,"href":"http:\/\/klubmamgdynia.pl\/index.php\/wp-json\/wp\/v2\/product_cat?post=1464"},{"taxonomy":"product_tag","embeddable":true,"href":"http:\/\/klubmamgdynia.pl\/index.php\/wp-json\/wp\/v2\/product_tag?post=1464"}],"curies":[{"name":"wp","href":"https:\/\/api.w.org\/{rel}","templated":true}]}}