{"id":1466,"date":"2017-06-05T03:16:47","date_gmt":"2017-06-05T01:16:47","guid":{"rendered":"http:\/\/klubmamgdynia.pl\/index.php\/produkt\/noris-tusz-wodny-do-papieru-110s-rozowy-25ml\/"},"modified":"2026-05-02T17:27:27","modified_gmt":"2026-05-02T15:27:27","slug":"noris-tusz-wodny-do-papieru-110s-rozowy-25ml","status":"publish","type":"product","link":"http:\/\/klubmamgdynia.pl\/index.php\/produkt\/noris-tusz-wodny-do-papieru-110s-rozowy-25ml\/","title":{"rendered":"Noris Tusz Wodny Do Papieru 110S R\u00f3\u017cowy 25Ml"},"content":{"rendered":"<p>TUSZ NORIS 110S 25 ML R\u00d3\u017bOWY &#8211; uniwersalny, wodny, do piecz\u0105tek r\u0119cznych i samotuszuj\u0105cych z gumow\u0105 lub polimerow\u0105 p\u0142ytk\u0105 stempluj\u0105c\u0105- buteleczka z ko\u0144c\u00f3wk\u0105 u\u0142atwiaj\u0105c\u0105 nas\u0105czenie poduszek oraz nakr\u0119tk\u0105 w kolorze tuszu<\/p>\n<h2>Noris Tusz Wodny Do Papieru 110S R\u00f3\u017cowy 25Ml Noris<\/h2>\n<p>cytat z ma\u0142ego ksi\u0119cia o przyja\u017ani, audiobooki dla dzieci za darmo, \u0142\u00f3d\u017a atrakcje dla dzieci, alan imie, kartka walentynkowa r\u0119cznie robiona \u0142atwa, pytania o \u015bwi\u0119ta dla dzieci, gloria imi\u0119, bajka dla dziewczynek, bajki na dobranoc dla dzieci, kolorowanki dla dziewczynek 10 lat, ba\u015bniowe imiona \u017ce\u0144skie, zagadki matematyczne logiczne, quizy dla dzieci z bajek, matematyczne zagadki, bajki terapeutyczne o emocjach, mapa polski do druku, test wiedzy z lektury przygody tomka sawyera z odpowiedziami, test miko\u0142ajek<\/p>\n<p>yyyyy<\/p>\n<p>&nbsp;<\/p>\n","protected":false},"excerpt":{"rendered":"<p>TUSZ NORIS 110S 25 ML R\u00d3\u017bOWY &#8211; uniwersalny, wodny, do piecz\u0105tek r\u0119cznych i samotuszuj\u0105cych z gumow\u0105 lub polimerow\u0105 p\u0142ytk\u0105 stempluj\u0105c\u0105- buteleczka z ko\u0144c\u00f3wk\u0105 u\u0142atwiaj\u0105c\u0105 nas\u0105czenie poduszek oraz nakr\u0119tk\u0105 w kolorze tuszu Noris Tusz Wodny Do Papieru 110S R\u00f3\u017cowy 25Ml Noris cytat z ma\u0142ego ksi\u0119cia o przyja\u017ani, audiobooki dla dzieci za darmo, \u0142\u00f3d\u017a atrakcje dla dzieci, [&hellip;]<\/p>\n","protected":false},"featured_media":1467,"comment_status":"closed","ping_status":"open","template":"","meta":[],"product_cat":[412,323],"product_tag":[817,727,851,707,718],"class_list":["post-1466","product","type-product","status-publish","has-post-thumbnail","hentry","product_cat-noris","product_cat-pozostale-akcesoria-biurowe","product_tag-bajka-terapeutyczna-o-emocjach","product_tag-godlo-polski-do-druku","product_tag-jak-narysowac-kota","product_tag-karty-pracy-dla-dzieci-z-ukrainy","product_tag-prezent-na-roczek-dla-chrzesniaka"],"_links":{"self":[{"href":"http:\/\/klubmamgdynia.pl\/index.php\/wp-json\/wp\/v2\/product\/1466","targetHints":{"allow":["GET"]}}],"collection":[{"href":"http:\/\/klubmamgdynia.pl\/index.php\/wp-json\/wp\/v2\/product"}],"about":[{"href":"http:\/\/klubmamgdynia.pl\/index.php\/wp-json\/wp\/v2\/types\/product"}],"replies":[{"embeddable":true,"href":"http:\/\/klubmamgdynia.pl\/index.php\/wp-json\/wp\/v2\/comments?post=1466"}],"wp:featuredmedia":[{"embeddable":true,"href":"http:\/\/klubmamgdynia.pl\/index.php\/wp-json\/wp\/v2\/media\/1467"}],"wp:attachment":[{"href":"http:\/\/klubmamgdynia.pl\/index.php\/wp-json\/wp\/v2\/media?parent=1466"}],"wp:term":[{"taxonomy":"product_cat","embeddable":true,"href":"http:\/\/klubmamgdynia.pl\/index.php\/wp-json\/wp\/v2\/product_cat?post=1466"},{"taxonomy":"product_tag","embeddable":true,"href":"http:\/\/klubmamgdynia.pl\/index.php\/wp-json\/wp\/v2\/product_tag?post=1466"}],"curies":[{"name":"wp","href":"https:\/\/api.w.org\/{rel}","templated":true}]}}