{"id":1468,"date":"2022-10-08T04:50:14","date_gmt":"2022-10-08T02:50:14","guid":{"rendered":"http:\/\/klubmamgdynia.pl\/index.php\/produkt\/cartamundi-shuffle-minionki-wejscie-gru\/"},"modified":"2026-04-04T05:42:58","modified_gmt":"2026-04-04T03:42:58","slug":"cartamundi-shuffle-minionki-wejscie-gru","status":"publish","type":"product","link":"http:\/\/klubmamgdynia.pl\/index.php\/produkt\/cartamundi-shuffle-minionki-wejscie-gru\/","title":{"rendered":"Cartamundi Shuffle Minionki Wej\u015bcie Gru"},"content":{"rendered":"<p>&#8211; najszybsza wysy\u0142ka!<\/p>\n<h2>Cartamundi Shuffle Minionki Wej\u015bcie Gru Cartamundi<\/h2>\n<p>marcel imie, szymon znaczenie imiona, co kupic na roczek, prezent dla nastolatka, bajki dla niemowl\u0105t<\/p>\n<p>yyyyy<\/p>\n<p>&nbsp;<\/p>\n","protected":false},"excerpt":{"rendered":"<p>&#8211; najszybsza wysy\u0142ka! Cartamundi Shuffle Minionki Wej\u015bcie Gru Cartamundi marcel imie, szymon znaczenie imiona, co kupic na roczek, prezent dla nastolatka, bajki dla niemowl\u0105t yyyyy &nbsp;<\/p>\n","protected":false},"featured_media":1469,"comment_status":"closed","ping_status":"open","template":"","meta":[],"product_cat":[224,130],"product_tag":[580,614,785,678,665,860],"class_list":["post-1468","product","type-product","status-publish","has-post-thumbnail","hentry","product_cat-cartamundi","product_cat-gry-dzieciece","product_tag-janusz","product_tag-pia","product_tag-prezent-dla-nastolatkow","product_tag-prezent-na-roczek-dla-dziewczynki","product_tag-proste-zagadki","product_tag-zagadki-logiczne-dla-doroslych"],"_links":{"self":[{"href":"http:\/\/klubmamgdynia.pl\/index.php\/wp-json\/wp\/v2\/product\/1468","targetHints":{"allow":["GET"]}}],"collection":[{"href":"http:\/\/klubmamgdynia.pl\/index.php\/wp-json\/wp\/v2\/product"}],"about":[{"href":"http:\/\/klubmamgdynia.pl\/index.php\/wp-json\/wp\/v2\/types\/product"}],"replies":[{"embeddable":true,"href":"http:\/\/klubmamgdynia.pl\/index.php\/wp-json\/wp\/v2\/comments?post=1468"}],"wp:featuredmedia":[{"embeddable":true,"href":"http:\/\/klubmamgdynia.pl\/index.php\/wp-json\/wp\/v2\/media\/1469"}],"wp:attachment":[{"href":"http:\/\/klubmamgdynia.pl\/index.php\/wp-json\/wp\/v2\/media?parent=1468"}],"wp:term":[{"taxonomy":"product_cat","embeddable":true,"href":"http:\/\/klubmamgdynia.pl\/index.php\/wp-json\/wp\/v2\/product_cat?post=1468"},{"taxonomy":"product_tag","embeddable":true,"href":"http:\/\/klubmamgdynia.pl\/index.php\/wp-json\/wp\/v2\/product_tag?post=1468"}],"curies":[{"name":"wp","href":"https:\/\/api.w.org\/{rel}","templated":true}]}}