{"id":147,"date":"2013-12-09T10:09:08","date_gmt":"2013-12-09T09:09:08","guid":{"rendered":"http:\/\/klubmamgdynia.pl\/index.php\/produkt\/brio-moj-pierwszy-zestaw-33727\/"},"modified":"2026-04-16T23:57:13","modified_gmt":"2026-04-16T21:57:13","slug":"brio-moj-pierwszy-zestaw-33727","status":"publish","type":"product","link":"http:\/\/klubmamgdynia.pl\/index.php\/produkt\/brio-moj-pierwszy-zestaw-33727\/","title":{"rendered":"Brio M\u00f3j Pierwszy Zestaw 33727"},"content":{"rendered":"<p>Zestaw Pierwszy Poci\u0105g marki Brio jest przeznaczony dla dzieci ju\u017c od 19 miesi\u0105ca \u017cycia. Zabawka wykonana jest z drewna i wysokiej jako\u015bci tworzywa sztucznego co znacznie wp\u0142ywa na jej jako\u015b\u0107 i bezpiecze\u0144stwo. Zestaw zawiera elementy niezb\u0119dne do zbudowania tor\u00f3w oraz most, a tak\u017ce lokomotyw\u0119 i wagonik z kr\u0119c\u0105cymi si\u0119 kulkami.<\/p>\n<h2>Brio M\u00f3j Pierwszy Zestaw 33727 Brio<\/h2>\n<p>cytaty o wychowaniu i nauczaniu, prezent dla 1 latka, zagadki na inteligencj\u0119 z odpowiedziami, zabawy ruchowe dla dzieci, \u015bwinka peppa kolorowanka, wiosna zagadki s\u0142owne, dekorowanie kanapek dla dzieci, rodzina cytaty, laurka dla mamy rysunek, zabawka na roczek dla dziewczynki, zabawy ruchowe dla dzieci w przedszkolu, prezenty na roczek dla dziewczynki, zagadki dla dzieci 7 lat, imi\u0119 alan, prezenty dla nastolatki, nadia imi\u0119, ma\u0142y ksi\u0105\u017c\u0119 cytaty o przyja\u017ani<\/p>\n<p>yyyyy<\/p>\n<p>&nbsp;<\/p>\n","protected":false},"excerpt":{"rendered":"<p>Zestaw Pierwszy Poci\u0105g marki Brio jest przeznaczony dla dzieci ju\u017c od 19 miesi\u0105ca \u017cycia. Zabawka wykonana jest z drewna i wysokiej jako\u015bci tworzywa sztucznego co znacznie wp\u0142ywa na jej jako\u015b\u0107 i bezpiecze\u0144stwo. Zestaw zawiera elementy niezb\u0119dne do zbudowania tor\u00f3w oraz most, a tak\u017ce lokomotyw\u0119 i wagonik z kr\u0119c\u0105cymi si\u0119 kulkami. Brio M\u00f3j Pierwszy Zestaw 33727 [&hellip;]<\/p>\n","protected":false},"featured_media":148,"comment_status":"closed","ping_status":"open","template":"","meta":[],"product_cat":[78,56],"product_tag":[610,718,783],"class_list":["post-147","product","type-product","status-publish","has-post-thumbnail","hentry","product_cat-brio","product_cat-kolejki","product_tag-co-na-prezent-dla-nastolatkow","product_tag-prezent-na-roczek-dla-chrzesniaka","product_tag-prezenty-na-roczek-dla-chlopca"],"_links":{"self":[{"href":"http:\/\/klubmamgdynia.pl\/index.php\/wp-json\/wp\/v2\/product\/147","targetHints":{"allow":["GET"]}}],"collection":[{"href":"http:\/\/klubmamgdynia.pl\/index.php\/wp-json\/wp\/v2\/product"}],"about":[{"href":"http:\/\/klubmamgdynia.pl\/index.php\/wp-json\/wp\/v2\/types\/product"}],"replies":[{"embeddable":true,"href":"http:\/\/klubmamgdynia.pl\/index.php\/wp-json\/wp\/v2\/comments?post=147"}],"wp:featuredmedia":[{"embeddable":true,"href":"http:\/\/klubmamgdynia.pl\/index.php\/wp-json\/wp\/v2\/media\/148"}],"wp:attachment":[{"href":"http:\/\/klubmamgdynia.pl\/index.php\/wp-json\/wp\/v2\/media?parent=147"}],"wp:term":[{"taxonomy":"product_cat","embeddable":true,"href":"http:\/\/klubmamgdynia.pl\/index.php\/wp-json\/wp\/v2\/product_cat?post=147"},{"taxonomy":"product_tag","embeddable":true,"href":"http:\/\/klubmamgdynia.pl\/index.php\/wp-json\/wp\/v2\/product_tag?post=147"}],"curies":[{"name":"wp","href":"https:\/\/api.w.org\/{rel}","templated":true}]}}