{"id":1470,"date":"2021-04-18T12:32:25","date_gmt":"2021-04-18T10:32:25","guid":{"rendered":"http:\/\/klubmamgdynia.pl\/index.php\/produkt\/gra-planszowa-this-war-of-mine-board-game-gra-w-wersji-angielskiej\/"},"modified":"2026-05-01T15:15:50","modified_gmt":"2026-05-01T13:15:50","slug":"gra-planszowa-this-war-of-mine-board-game-gra-w-wersji-angielskiej","status":"publish","type":"product","link":"http:\/\/klubmamgdynia.pl\/index.php\/produkt\/gra-planszowa-this-war-of-mine-board-game-gra-w-wersji-angielskiej\/","title":{"rendered":"Gra planszowa This War Of Mine Board Game (Gra w Wersji Angielskiej)"},"content":{"rendered":"<p>Gra z nietypow\u0105 mechanik\u0105 o przetrwaniu w postapokaliptycznym \u015bwiecie.<\/p>\n<h2>Gra planszowa This War Of Mine Board Game (Gra w Wersji Angielskiej) Galakta<\/h2>\n<p>konie quiz, mira imie, gotowe zaproszenia na urodziny do wydrukowania, malgorzata znaczenie imienia, quiz o wio\u015bnie<\/p>\n<p>yyyyy<\/p>\n<p>&nbsp;<\/p>\n","protected":false},"excerpt":{"rendered":"<p>Gra z nietypow\u0105 mechanik\u0105 o przetrwaniu w postapokaliptycznym \u015bwiecie. Gra planszowa This War Of Mine Board Game (Gra w Wersji Angielskiej) Galakta konie quiz, mira imie, gotowe zaproszenia na urodziny do wydrukowania, malgorzata znaczenie imienia, quiz o wio\u015bnie yyyyy &nbsp;<\/p>\n","protected":false},"featured_media":1471,"comment_status":"closed","ping_status":"open","template":"","meta":[],"product_cat":[414,235],"product_tag":[848,859,626,639,770],"class_list":["post-1470","product","type-product","status-publish","has-post-thumbnail","hentry","product_cat-galakta","product_cat-gry-planszowe","product_tag-cytat-o-rodzinie","product_tag-dobranoc-pchly-na-noc","product_tag-jacek","product_tag-nela-imie","product_tag-samolot-z-papieru"],"_links":{"self":[{"href":"http:\/\/klubmamgdynia.pl\/index.php\/wp-json\/wp\/v2\/product\/1470","targetHints":{"allow":["GET"]}}],"collection":[{"href":"http:\/\/klubmamgdynia.pl\/index.php\/wp-json\/wp\/v2\/product"}],"about":[{"href":"http:\/\/klubmamgdynia.pl\/index.php\/wp-json\/wp\/v2\/types\/product"}],"replies":[{"embeddable":true,"href":"http:\/\/klubmamgdynia.pl\/index.php\/wp-json\/wp\/v2\/comments?post=1470"}],"wp:featuredmedia":[{"embeddable":true,"href":"http:\/\/klubmamgdynia.pl\/index.php\/wp-json\/wp\/v2\/media\/1471"}],"wp:attachment":[{"href":"http:\/\/klubmamgdynia.pl\/index.php\/wp-json\/wp\/v2\/media?parent=1470"}],"wp:term":[{"taxonomy":"product_cat","embeddable":true,"href":"http:\/\/klubmamgdynia.pl\/index.php\/wp-json\/wp\/v2\/product_cat?post=1470"},{"taxonomy":"product_tag","embeddable":true,"href":"http:\/\/klubmamgdynia.pl\/index.php\/wp-json\/wp\/v2\/product_tag?post=1470"}],"curies":[{"name":"wp","href":"https:\/\/api.w.org\/{rel}","templated":true}]}}