{"id":1472,"date":"2015-05-09T06:38:11","date_gmt":"2015-05-09T04:38:11","guid":{"rendered":"http:\/\/klubmamgdynia.pl\/index.php\/produkt\/noris-tusz-do-stempli-metalowych-25ml-fioletowy-bp817725\/"},"modified":"2026-04-05T21:55:48","modified_gmt":"2026-04-05T19:55:48","slug":"noris-tusz-do-stempli-metalowych-25ml-fioletowy-bp817725","status":"publish","type":"product","link":"http:\/\/klubmamgdynia.pl\/index.php\/produkt\/noris-tusz-do-stempli-metalowych-25ml-fioletowy-bp817725\/","title":{"rendered":"Noris Tusz Do Stempli Metalowych 25Ml Fioletowy (bp817725)"},"content":{"rendered":"<p>Tusz do stempli metalowych Noris na bazie oleju, trwa\u0142y, przeznaczony do piecz\u0119towania papieru. Tusz olejowy idealnie nadaje si\u0119 do piecz\u0105tek z metalow\u0105 p\u0142ytk\u0105 stempluj\u0105c\u0105. Nieszkodliwy, wysycha w ci\u0105gu 15 sekund. Tusz \u0142atwy w u\u017cyciu dzi\u0119ki buteleczce z ko\u0144c\u00f3wk\u0105 do nas\u0105czania poduszek oraz nakr\u0119tk\u0105 w kolorze tuszu. W ofercie tusz dost\u0119pny w kolorze: czarnym, czerwonym, niebieskim, zielonym, fioletowym.<\/p>\n<h2>Noris Tusz Do Stempli Metalowych 25Ml Fioletowy (bp817725) Noris<\/h2>\n<p>co oznacza imi\u0119 alan, felix net i nika oraz gang niewidzialnych ludzi test z odpowiedziami, marcelina imi\u0119, quiz znaki drogowe, bajka dla niemowlaka, zygzak mcqueen kolorowanka, bajka o piesku do czytania, walentynka kolorowanka, cytaty o nauczycielach, opis do zdj\u0119cia dziecka, list do gwiazdora, co na roczek dla dziewczynki<\/p>\n<p>yyyyy<\/p>\n<p>&nbsp;<\/p>\n","protected":false},"excerpt":{"rendered":"<p>Tusz do stempli metalowych Noris na bazie oleju, trwa\u0142y, przeznaczony do piecz\u0119towania papieru. Tusz olejowy idealnie nadaje si\u0119 do piecz\u0105tek z metalow\u0105 p\u0142ytk\u0105 stempluj\u0105c\u0105. Nieszkodliwy, wysycha w ci\u0105gu 15 sekund. Tusz \u0142atwy w u\u017cyciu dzi\u0119ki buteleczce z ko\u0144c\u00f3wk\u0105 do nas\u0105czania poduszek oraz nakr\u0119tk\u0105 w kolorze tuszu. W ofercie tusz dost\u0119pny w kolorze: czarnym, czerwonym, niebieskim, [&hellip;]<\/p>\n","protected":false},"featured_media":1473,"comment_status":"closed","ping_status":"open","template":"","meta":[],"product_cat":[412,323],"product_tag":[668,827,697,768,594,609],"class_list":["post-1472","product","type-product","status-publish","has-post-thumbnail","hentry","product_cat-noris","product_cat-pozostale-akcesoria-biurowe","product_tag-atrakcje-dla-dzieci-wroclaw","product_tag-bajki-dla-niemowlat","product_tag-krotkie-bajki-do-czytania","product_tag-krotkie-zagadki-logiczne","product_tag-podchwytliwe-zagadki-dla-dzieci","product_tag-quiz-flagi-europy"],"_links":{"self":[{"href":"http:\/\/klubmamgdynia.pl\/index.php\/wp-json\/wp\/v2\/product\/1472","targetHints":{"allow":["GET"]}}],"collection":[{"href":"http:\/\/klubmamgdynia.pl\/index.php\/wp-json\/wp\/v2\/product"}],"about":[{"href":"http:\/\/klubmamgdynia.pl\/index.php\/wp-json\/wp\/v2\/types\/product"}],"replies":[{"embeddable":true,"href":"http:\/\/klubmamgdynia.pl\/index.php\/wp-json\/wp\/v2\/comments?post=1472"}],"wp:featuredmedia":[{"embeddable":true,"href":"http:\/\/klubmamgdynia.pl\/index.php\/wp-json\/wp\/v2\/media\/1473"}],"wp:attachment":[{"href":"http:\/\/klubmamgdynia.pl\/index.php\/wp-json\/wp\/v2\/media?parent=1472"}],"wp:term":[{"taxonomy":"product_cat","embeddable":true,"href":"http:\/\/klubmamgdynia.pl\/index.php\/wp-json\/wp\/v2\/product_cat?post=1472"},{"taxonomy":"product_tag","embeddable":true,"href":"http:\/\/klubmamgdynia.pl\/index.php\/wp-json\/wp\/v2\/product_tag?post=1472"}],"curies":[{"name":"wp","href":"https:\/\/api.w.org\/{rel}","templated":true}]}}