{"id":1476,"date":"2022-09-23T18:09:07","date_gmt":"2022-09-23T16:09:07","guid":{"rendered":"http:\/\/klubmamgdynia.pl\/index.php\/produkt\/crysis-3-gra-xbox-360\/"},"modified":"2026-04-28T20:40:31","modified_gmt":"2026-04-28T18:40:31","slug":"crysis-3-gra-xbox-360","status":"publish","type":"product","link":"http:\/\/klubmamgdynia.pl\/index.php\/produkt\/crysis-3-gra-xbox-360\/","title":{"rendered":"Crysis 3 (Gra Xbox 360)"},"content":{"rendered":"<p>Wielokrotnie nagradzane studio Crytek powraca z gr\u0105 Crysis 3!<\/p>\n<p>Wciel si\u0119 w rol\u0119 Proroka, kierowanego rz\u0105dz\u0105 zemsty \u017co\u0142nierza w nanoskafandrze, pr\u00f3buj\u0105cego odnale\u017a\u0107 w sobie resztki cz\u0142owiecze\u0144stwa. Dopasuj sw\u00f3j styl dzia\u0142ania do ka\u017cdej z siedmiu scenerii zamkni\u0119tego pod szczeln\u0105 kopu\u0142\u0105 Nowego Jorku. Dzi\u0119ki mocy supernowoczesnego nanoskafandra oraz niszczycielskich broni rozprawisz si\u0119 z ka\u017cdym przeciwnikiem. Odkryj prawd\u0119 o unicestwieniu Twojego oddzia\u0142u i doprowad\u017a do triumfu ludzkiej woli w historii pe\u0142nej niesamowitych zwrot\u00f3w i niespodzianek. Crysis 3 osadzony jest w otwartym \u015bwiecie i okraszony osza\u0142amiaj\u0105c\u0105 opraw\u0105 graficzn\u0105, jak\u0105 umo\u017cliwia wy\u0142\u0105cznie zastosowanie najnowszej wersji technologii CryENGINE!                            <\/p>\n<p>            Siedem \u015bwiat\u00f3w miejskiej d\u017cungli.<\/p>\n<p>Nowy Jork zosta\u0142 umieszczony pod gigantyczn\u0105 szklan\u0105 kopu\u0142\u0105 zwan\u0105 nowojorsk\u0105 kopu\u0142\u0105 wolno\u015bci i przekszta\u0142cony w d\u017cungl\u0119, sk\u0142adaj\u0105c\u0105 si\u0119 z siedmiu r\u00f3\u017cnych \u015brodowisk. Dzi\u0119ki otwartemu systemowi rozgrywki mo\u017cesz zmieni\u0107 t\u0119 d\u017cungl\u0119 w swoje prywatne tereny \u0142owieckie! Oceniaj sytuacj\u0119, dostosowuj si\u0119 i atakuj. Otwarty \u015bwiat gry Crysis powraca z jeszcze wi\u0119ksz\u0105 liczb\u0105 niczym nieograniczonych poziom\u00f3w. Pod\u0105\u017caj do celu w\u0142asn\u0105 drog\u0105 i w\u0142asnym sposobem, wykorzystuj\u0105c ustawienia nanoskafandra do ukrycia si\u0119 przed oczami wroga lub unicestwienia go w otwartej walce. Nanoskafander to zawsze wi\u0119cej ni\u017c jedna mo\u017cliwo\u015b\u0107 dzia\u0142ania!                            <\/p>\n<p>            Rozszerzony tryb wieloosobowy.<\/p>\n<p>Eksperymentuj z dostosowaniem nowych opcji gry i ustawie\u0144 nanoskafandra do swoich preferencji. Najwi\u0119kszy i najbardziej wybuchowy arsena\u0142 w historii Crysis. Tradycyjny arsena\u0142 to za ma\u0142o? W Crysis 3 do dyspozycji masz supernowoczesny \u0142uk oraz bro\u0144, kt\u00f3r\u0105 mo\u017cesz zdobywa\u0107 od pokonanych przeciwnik\u00f3w! Ewolucja CryENGINE. Zanurz si\u0119 w niesamowitej grafice i rozgrywce stworzonej przez zesp\u00f3\u0142 Crytek dzi\u0119ki mo\u017cliwo\u015bciom silnika CryENGINE!<\/p>\n<h2>Crysis 3 (Gra Xbox 360) Xbox<\/h2>\n<p>rysunki do druku, bajki do czytania dla dzieci, piosenki dla dzieci o jesieni, wyci\u0119cia szablon korony do druku, ciekawe zagadki<\/p>\n<p>yyyyy<\/p>\n<p>&nbsp;<\/p>\n","protected":false},"excerpt":{"rendered":"<p>Wielokrotnie nagradzane studio Crytek powraca z gr\u0105 Crysis 3! Wciel si\u0119 w rol\u0119 Proroka, kierowanego rz\u0105dz\u0105 zemsty \u017co\u0142nierza w nanoskafandrze, pr\u00f3buj\u0105cego odnale\u017a\u0107 w sobie resztki cz\u0142owiecze\u0144stwa. Dopasuj sw\u00f3j styl dzia\u0142ania do ka\u017cdej z siedmiu scenerii zamkni\u0119tego pod szczeln\u0105 kopu\u0142\u0105 Nowego Jorku. Dzi\u0119ki mocy supernowoczesnego nanoskafandra oraz niszczycielskich broni rozprawisz si\u0119 z ka\u017cdym przeciwnikiem. Odkryj prawd\u0119 [&hellip;]<\/p>\n","protected":false},"featured_media":1477,"comment_status":"closed","ping_status":"open","template":"","meta":[],"product_cat":[403,405],"product_tag":[676,777,784,585,738],"class_list":["post-1476","product","type-product","status-publish","has-post-thumbnail","hentry","product_cat-gry-xbox-360","product_cat-xbox","product_tag-bursztynek","product_tag-co-na-roczek","product_tag-hymn-gorniczy","product_tag-kolorowanki-dla-chlopcow","product_tag-wroclaw-dla-dzieci"],"_links":{"self":[{"href":"http:\/\/klubmamgdynia.pl\/index.php\/wp-json\/wp\/v2\/product\/1476","targetHints":{"allow":["GET"]}}],"collection":[{"href":"http:\/\/klubmamgdynia.pl\/index.php\/wp-json\/wp\/v2\/product"}],"about":[{"href":"http:\/\/klubmamgdynia.pl\/index.php\/wp-json\/wp\/v2\/types\/product"}],"replies":[{"embeddable":true,"href":"http:\/\/klubmamgdynia.pl\/index.php\/wp-json\/wp\/v2\/comments?post=1476"}],"wp:featuredmedia":[{"embeddable":true,"href":"http:\/\/klubmamgdynia.pl\/index.php\/wp-json\/wp\/v2\/media\/1477"}],"wp:attachment":[{"href":"http:\/\/klubmamgdynia.pl\/index.php\/wp-json\/wp\/v2\/media?parent=1476"}],"wp:term":[{"taxonomy":"product_cat","embeddable":true,"href":"http:\/\/klubmamgdynia.pl\/index.php\/wp-json\/wp\/v2\/product_cat?post=1476"},{"taxonomy":"product_tag","embeddable":true,"href":"http:\/\/klubmamgdynia.pl\/index.php\/wp-json\/wp\/v2\/product_tag?post=1476"}],"curies":[{"name":"wp","href":"https:\/\/api.w.org\/{rel}","templated":true}]}}