{"id":1482,"date":"2022-08-13T01:17:35","date_gmt":"2022-08-12T23:17:35","guid":{"rendered":"http:\/\/klubmamgdynia.pl\/index.php\/produkt\/sony-dsc-t3\/"},"modified":"2026-04-30T02:58:24","modified_gmt":"2026-04-30T00:58:24","slug":"sony-dsc-t3","status":"publish","type":"product","link":"http:\/\/klubmamgdynia.pl\/index.php\/produkt\/sony-dsc-t3\/","title":{"rendered":"Sony DSC-T3"},"content":{"rendered":"<h2>Sony DSC-T3 Sony<\/h2>\n<p>pomys\u0142 na roczek, prezenty na roczek dla dziewczynki, \u015bmieszne zagadki, z\u0142ote my\u015bli pedagogiczne, koty kolorowanki, zagadki matematyczne z odpowiedziami, my little pony kolorowanka, bajka dla niemowlaka, jak dobra\u0107 narty dla dziecka, dalia imi\u0119, zemsta quizy, kr\u00f3tkie zagadki dla doros\u0142ych, hymn g\u00f3rniczy, lego ninjago kolorowanki, zaproszenia urodzinowe do wydruku chomikuj, kr\u00f3tkie zagadki matematyczne z odpowiedziami, prezenty na roczek dla ch\u0142opca, quizy online<\/p>\n<p>yyyyy<\/p>\n<p>&nbsp;<\/p>\n","protected":false},"excerpt":{"rendered":"<p>Sony DSC-T3 Sony pomys\u0142 na roczek, prezenty na roczek dla dziewczynki, \u015bmieszne zagadki, z\u0142ote my\u015bli pedagogiczne, koty kolorowanki, zagadki matematyczne z odpowiedziami, my little pony kolorowanka, bajka dla niemowlaka, jak dobra\u0107 narty dla dziecka, dalia imi\u0119, zemsta quizy, kr\u00f3tkie zagadki dla doros\u0142ych, hymn g\u00f3rniczy, lego ninjago kolorowanki, zaproszenia urodzinowe do wydruku chomikuj, kr\u00f3tkie zagadki matematyczne [&hellip;]<\/p>\n","protected":false},"featured_media":1483,"comment_status":"closed","ping_status":"open","template":"","meta":[],"product_cat":[415,366],"product_tag":[728,852,584,858,812],"class_list":["post-1482","product","type-product","status-publish","has-post-thumbnail","hentry","product_cat-aparaty-cyfrowe","product_cat-sony","product_tag-bezwarunkowa-milosc-do-dziecka-cytaty","product_tag-jak-zrobic-samolot-z-papieru","product_tag-liwia","product_tag-podchwytliwe-zagadki","product_tag-zagadki-logiczne-na-inteligencje"],"_links":{"self":[{"href":"http:\/\/klubmamgdynia.pl\/index.php\/wp-json\/wp\/v2\/product\/1482","targetHints":{"allow":["GET"]}}],"collection":[{"href":"http:\/\/klubmamgdynia.pl\/index.php\/wp-json\/wp\/v2\/product"}],"about":[{"href":"http:\/\/klubmamgdynia.pl\/index.php\/wp-json\/wp\/v2\/types\/product"}],"replies":[{"embeddable":true,"href":"http:\/\/klubmamgdynia.pl\/index.php\/wp-json\/wp\/v2\/comments?post=1482"}],"wp:featuredmedia":[{"embeddable":true,"href":"http:\/\/klubmamgdynia.pl\/index.php\/wp-json\/wp\/v2\/media\/1483"}],"wp:attachment":[{"href":"http:\/\/klubmamgdynia.pl\/index.php\/wp-json\/wp\/v2\/media?parent=1482"}],"wp:term":[{"taxonomy":"product_cat","embeddable":true,"href":"http:\/\/klubmamgdynia.pl\/index.php\/wp-json\/wp\/v2\/product_cat?post=1482"},{"taxonomy":"product_tag","embeddable":true,"href":"http:\/\/klubmamgdynia.pl\/index.php\/wp-json\/wp\/v2\/product_tag?post=1482"}],"curies":[{"name":"wp","href":"https:\/\/api.w.org\/{rel}","templated":true}]}}