{"id":1484,"date":"2020-02-11T19:07:39","date_gmt":"2020-02-11T18:07:39","guid":{"rendered":"http:\/\/klubmamgdynia.pl\/index.php\/produkt\/star-wars-x-wing-fury-of-the-first-order-squadron-pack\/"},"modified":"2026-05-17T22:20:55","modified_gmt":"2026-05-17T20:20:55","slug":"star-wars-x-wing-fury-of-the-first-order-squadron-pack","status":"publish","type":"product","link":"http:\/\/klubmamgdynia.pl\/index.php\/produkt\/star-wars-x-wing-fury-of-the-first-order-squadron-pack\/","title":{"rendered":"Star Wars: X-Wing &#8211; Fury of the First Order Squadron Pack"},"content":{"rendered":"<p>In\u017cynierowie my\u015bliwc\u00f3w Najwy\u017cszego Porz\u0105dku nadal opracowuj\u0105 nowe technologie do u\u017cytku przez ich as\u00f3w. Bombowiec TIE\/se jest naje\u017cony ci\u0119\u017ckim \u0142adunkiem amunicji, podczas gdy TIE\/wi Whisper Modified Interceptor to zab\u00f3jczy statek godny samego Najwy\u017cszego Przyw\u00f3dcy. Uzbrojony w mo\u017cliwo\u015bci ukrywania si\u0119, wysok\u0105 manewrowo\u015b\u0107 i wie\u017c\u0119 z ci\u0119\u017ck\u0105 broni\u0105, Kylo Ren dowodzi swoim fanatycznym 709 legionem, kt\u00f3ry bezlito\u015bnie poluje na ogniska oporu w ca\u0142ej galaktyce.Pakiet Star Wars: X-Wing &#8211; Fury of the First Order Squadron dodaje jeden zmodyfikowany my\u015bliwiec TIE\/wi Whisper Interceptor i dwa bombowce TIE\/se do floty Najwy\u017cszego Porz\u0105dku, daj\u0105c im jeszcze wi\u0119cej mo\u017cliwo\u015bci budowania eskadr. Tym miniaturom towarzysz\u0105 32 karty ulepsze\u0144, kt\u00f3re daj\u0105 graczom swobod\u0119 dostosowywania swoich statk\u00f3w do ich dok\u0142adnych specyfikacji. Alternatywnie, gracze mog\u0105 u\u017cy\u0107 gotowych kombinacji statk\u00f3w i ulepsze\u0144 na czterech kartach Szybkiego Budowania, aby od razu w\u0142\u0105czy\u0107 swoje statki do walkiZawarto\u015b\u0107 pude\u0142ka:3 figurki z podstawkami32 karty ulepsze\u01446 kart statku4 kart szybkiego tworzenia3 tarcze manewr\u00f3w60 \u017ceton\u00f3w i znacznik\u00f3w<\/p>\n<h2>Star Wars: X-Wing &#8211; Fury of the First Order Squadron Pack Rebel<\/h2>\n<p>\u0142atwe laurki, darmowe quizy, rozalia imie, ba\u015bniowe imiona \u017ce\u0144skie, imi\u0119 kostek, bo\u017ce narodzenie quiz, teksty ko\u0142ysanek, zagadki dla dzieci 6 lat, minionki do druku, prezent dla rocznego ch\u0142opca, nauka literek do druku, zosia samosia wiersz, dla nastolatk\u00f3w prezenty, podchwytliwe zagadki dla doros\u0142ych, m\u0105dre prezenty dla 7 latki, piosenka kiedy babcia by\u0142a ma\u0142a tekst, jasmin imi\u0119, roczek prezenty<\/p>\n<p>yyyyy<\/p>\n<p>&nbsp;<\/p>\n","protected":false},"excerpt":{"rendered":"<p>In\u017cynierowie my\u015bliwc\u00f3w Najwy\u017cszego Porz\u0105dku nadal opracowuj\u0105 nowe technologie do u\u017cytku przez ich as\u00f3w. Bombowiec TIE\/se jest naje\u017cony ci\u0119\u017ckim \u0142adunkiem amunicji, podczas gdy TIE\/wi Whisper Modified Interceptor to zab\u00f3jczy statek godny samego Najwy\u017cszego Przyw\u00f3dcy. Uzbrojony w mo\u017cliwo\u015bci ukrywania si\u0119, wysok\u0105 manewrowo\u015b\u0107 i wie\u017c\u0119 z ci\u0119\u017ck\u0105 broni\u0105, Kylo Ren dowodzi swoim fanatycznym 709 legionem, kt\u00f3ry bezlito\u015bnie poluje [&hellip;]<\/p>\n","protected":false},"featured_media":1485,"comment_status":"closed","ping_status":"open","template":"","meta":[],"product_cat":[416,219],"product_tag":[706,593,644,675,653],"class_list":["post-1484","product","type-product","status-publish","has-post-thumbnail","hentry","product_cat-gry-figurkowe-i-bitewne","product_cat-rebel","product_tag-imie-kuba","product_tag-jak-narysowac-konia","product_tag-mia","product_tag-test-z-lektury-kajko-i-kokosz-szkola-latania","product_tag-warszawa-dla-dzieci"],"_links":{"self":[{"href":"http:\/\/klubmamgdynia.pl\/index.php\/wp-json\/wp\/v2\/product\/1484","targetHints":{"allow":["GET"]}}],"collection":[{"href":"http:\/\/klubmamgdynia.pl\/index.php\/wp-json\/wp\/v2\/product"}],"about":[{"href":"http:\/\/klubmamgdynia.pl\/index.php\/wp-json\/wp\/v2\/types\/product"}],"replies":[{"embeddable":true,"href":"http:\/\/klubmamgdynia.pl\/index.php\/wp-json\/wp\/v2\/comments?post=1484"}],"wp:featuredmedia":[{"embeddable":true,"href":"http:\/\/klubmamgdynia.pl\/index.php\/wp-json\/wp\/v2\/media\/1485"}],"wp:attachment":[{"href":"http:\/\/klubmamgdynia.pl\/index.php\/wp-json\/wp\/v2\/media?parent=1484"}],"wp:term":[{"taxonomy":"product_cat","embeddable":true,"href":"http:\/\/klubmamgdynia.pl\/index.php\/wp-json\/wp\/v2\/product_cat?post=1484"},{"taxonomy":"product_tag","embeddable":true,"href":"http:\/\/klubmamgdynia.pl\/index.php\/wp-json\/wp\/v2\/product_tag?post=1484"}],"curies":[{"name":"wp","href":"https:\/\/api.w.org\/{rel}","templated":true}]}}