{"id":1488,"date":"2024-08-22T19:28:33","date_gmt":"2024-08-22T17:28:33","guid":{"rendered":"http:\/\/klubmamgdynia.pl\/?post_type=product&#038;p=1488"},"modified":"2026-04-07T12:20:54","modified_gmt":"2026-04-07T10:20:54","slug":"rochard-dobra-gra-gra-pc","status":"publish","type":"product","link":"http:\/\/klubmamgdynia.pl\/index.php\/produkt\/rochard-dobra-gra-gra-pc\/","title":{"rendered":"Rochard Dobra Gra (Gra PC)"},"content":{"rendered":"<p>Uratuj odkryt\u0105 cywilizacj\u0119 i staw czo\u0142a naje\u017ad\u017acom z kosmosu.Steruj grawitacj\u0105, buduj, obracaj, podrzucaj potrzebne przedmioty, aby eliminowa\u0107 napotkane zagro\u017cenia.Cechy:Doskona\u0142a grafika.Wielu wymagaj\u0105cych przeciwnik\u00f3w.Zabawa grawitacj\u0105.Zagadki logiczne.Zawiera:cyfrowy soundtrack, cyfrowy plakat, cyfrowe arty.Wymagania sprz\u0119towe:Windows XP\/Vista\/7, MAC OS 10.5.8CPU: 3,0 HHz Dual CoreRAM: 1 GB dla XP i 2 GB dla Vista\/7Karta graficzna: GeForce 8-serie ATI Radeon HD2xxx z 256 MB oraz DirectX9.0c; MAC Open GL 2.0 kompatybilna z ATI lub NVIDIA z 256 MBKarta d\u017awi\u0119kowa kompatybilna z DirectX 9,0Nap\u0119d: DVD-ROMMiejsce na dysku twardym: 3 GBGra dla dzieci powy\u017cej lat 12.<\/p>\n<h2>Rochard Dobra Gra (Gra PC) Techland<\/h2>\n<p>kolorowanki do druku lol, konkurencje sportowe dla dzieci, sybilla, asiunia test, po\u0142\u0105cz kropki do druku, kolorowanki kotka, kajko i kokosz szko\u0142a latania test z odpowiedziami, henryk, podchwytliwe zagadki, zagadki co to jest, prezenty dla nastolatki, wzruszaj\u0105ce s\u0142owa dla przyjaciela, kolorowanki wed\u0142ug kodu do druku, zagadki na logik\u0119, skye kolorowanka, ksi\u0105\u017cka dla dzieci online, atrakcje dla dzieci we wroc\u0142awiu, \u017carty prima aprilis<\/p>\n<p>yyyyy<\/p>\n<p>&nbsp;<\/p>\n","protected":false},"excerpt":{"rendered":"<p>Uratuj odkryt\u0105 cywilizacj\u0119 i staw czo\u0142a naje\u017ad\u017acom z kosmosu.Steruj grawitacj\u0105, buduj, obracaj, podrzucaj potrzebne przedmioty, aby eliminowa\u0107 napotkane zagro\u017cenia.Cechy:Doskona\u0142a grafika.Wielu wymagaj\u0105cych przeciwnik\u00f3w.Zabawa grawitacj\u0105.Zagadki logiczne.Zawiera:cyfrowy soundtrack, cyfrowy plakat, cyfrowe arty.Wymagania sprz\u0119towe:Windows XP\/Vista\/7, MAC OS 10.5.8CPU: 3,0 HHz Dual CoreRAM: 1 GB dla XP i 2 GB dla Vista\/7Karta graficzna: GeForce 8-serie ATI Radeon HD2xxx z 256 [&hellip;]<\/p>\n","protected":false},"featured_media":1489,"comment_status":"closed","ping_status":"open","template":"","meta":[],"product_cat":[222,360],"product_tag":[827,614,678,627],"class_list":["post-1488","product","type-product","status-publish","has-post-thumbnail","hentry","product_cat-gry-pc","product_cat-techland","product_tag-bajki-dla-niemowlat","product_tag-pia","product_tag-prezent-na-roczek-dla-dziewczynki","product_tag-quiz-dzieci-z-bullerbyn"],"_links":{"self":[{"href":"http:\/\/klubmamgdynia.pl\/index.php\/wp-json\/wp\/v2\/product\/1488","targetHints":{"allow":["GET"]}}],"collection":[{"href":"http:\/\/klubmamgdynia.pl\/index.php\/wp-json\/wp\/v2\/product"}],"about":[{"href":"http:\/\/klubmamgdynia.pl\/index.php\/wp-json\/wp\/v2\/types\/product"}],"replies":[{"embeddable":true,"href":"http:\/\/klubmamgdynia.pl\/index.php\/wp-json\/wp\/v2\/comments?post=1488"}],"wp:featuredmedia":[{"embeddable":true,"href":"http:\/\/klubmamgdynia.pl\/index.php\/wp-json\/wp\/v2\/media\/1489"}],"wp:attachment":[{"href":"http:\/\/klubmamgdynia.pl\/index.php\/wp-json\/wp\/v2\/media?parent=1488"}],"wp:term":[{"taxonomy":"product_cat","embeddable":true,"href":"http:\/\/klubmamgdynia.pl\/index.php\/wp-json\/wp\/v2\/product_cat?post=1488"},{"taxonomy":"product_tag","embeddable":true,"href":"http:\/\/klubmamgdynia.pl\/index.php\/wp-json\/wp\/v2\/product_tag?post=1488"}],"curies":[{"name":"wp","href":"https:\/\/api.w.org\/{rel}","templated":true}]}}