{"id":149,"date":"2012-08-27T19:35:36","date_gmt":"2012-08-27T17:35:36","guid":{"rendered":"http:\/\/klubmamgdynia.pl\/?post_type=product&#038;p=149"},"modified":"2026-05-17T23:00:11","modified_gmt":"2026-05-17T21:00:11","slug":"dromader-masa-plastyczna-4x50g-43013","status":"publish","type":"product","link":"http:\/\/klubmamgdynia.pl\/index.php\/produkt\/dromader-masa-plastyczna-4x50g-43013\/","title":{"rendered":"Dromader Masa plastyczna 4x50g 43013"},"content":{"rendered":"<p>Masa plastyczna to wspania\u0142y pomys\u0142 na zabaw\u0119 z dzieckiem. Wp\u0142ywa na rozw\u00f3j zdolno\u015bci manualnych, kreatywno\u015b\u0107, wyobra\u017ani\u0119 i tw\u00f3rcze my\u015blenie dzieci.\u00a0Mi\u0119kka masa plastyczna, z kt\u00f3rej Twoje dziecko b\u0119dzie mog\u0142o formowa\u0107 co tylko przyjdzie mu do g\u0142owy. Dzieci uwielbiaj\u0105 przecie\u017c zgniata\u0107, rozci\u0105ga\u0107, nak\u0142ada\u0107, przek\u0142ada\u0107, wycina\u0107, przycina\u0107 itp. Z t\u0105 mas\u0105 plastyczn\u0105 b\u0119d\u0105 mog\u0142y zrobi\u0107 praktycznie wszystko.Masa plastyczna nie tylko bawi, ale r\u00f3wnie\u017c wp\u0142ywa na rozw\u00f3j wyobra\u017ani Twojego dziecka oraz jego koncentracj\u0119. Zwi\u0119ksza aktywno\u015b\u0107 poprzez zabaw\u0119 i ruch.Zabawa t\u0105 mas\u0105 rozwija sprawno\u015b\u0107 manualn\u0105 i kreatywno\u015b\u0107.W zestawie:- 4 pojemniczki x 50 g<br \/>\nWiek: \u00a03 lata +<\/p>\n<h2>Dromader Masa plastyczna 4x50g 43013 Dromader<\/h2>\n<p>maska iron man, pola imie, kira, ogr\u00f3d bajek, milan imi\u0119, wroc\u0142aw dla dzieci, oryginalny prezent dla nastolatk\u00f3w, nauka pisania literek do wydruku pdf, dziecko cytaty, \u017c\u0105rty na prima aprilis, dalia imi\u0119, aniela znaczenie imienia, \u015bmieszne zagadki z odpowiedziami, miko\u0142ajek &#8211; test z odpowiedziami, rymowanki o pisankach, mi\u0142o\u015b\u0107 do dziecka cytaty, bajki dla dzieci online, atrakcje dla dzieci wroc\u0142aw, ko\u0142ysanki dla dzieci + tekst<\/p>\n<p>yyyyy<\/p>\n<p>&nbsp;<\/p>\n","protected":false},"excerpt":{"rendered":"<p>Masa plastyczna to wspania\u0142y pomys\u0142 na zabaw\u0119 z dzieckiem. Wp\u0142ywa na rozw\u00f3j zdolno\u015bci manualnych, kreatywno\u015b\u0107, wyobra\u017ani\u0119 i tw\u00f3rcze my\u015blenie dzieci.\u00a0Mi\u0119kka masa plastyczna, z kt\u00f3rej Twoje dziecko b\u0119dzie mog\u0142o formowa\u0107 co tylko przyjdzie mu do g\u0142owy. Dzieci uwielbiaj\u0105 przecie\u017c zgniata\u0107, rozci\u0105ga\u0107, nak\u0142ada\u0107, przek\u0142ada\u0107, wycina\u0107, przycina\u0107 itp. Z t\u0105 mas\u0105 plastyczn\u0105 b\u0119d\u0105 mog\u0142y zrobi\u0107 praktycznie wszystko.Masa plastyczna [&hellip;]<\/p>\n","protected":false},"featured_media":151,"comment_status":"closed","ping_status":"open","template":"","meta":[],"product_cat":[60,21],"product_tag":[844,598,755,747,767],"class_list":["post-149","product","type-product","status-publish","has-post-thumbnail","hentry","product_cat-dromader","product_cat-zabawki-plastyczne","product_tag-co-kupic-na-roczek","product_tag-co-na-roczek-dla-dziewczynki","product_tag-henryk","product_tag-malowanki-do-druku","product_tag-zaproszenia-urodzinowe-do-druku"],"_links":{"self":[{"href":"http:\/\/klubmamgdynia.pl\/index.php\/wp-json\/wp\/v2\/product\/149","targetHints":{"allow":["GET"]}}],"collection":[{"href":"http:\/\/klubmamgdynia.pl\/index.php\/wp-json\/wp\/v2\/product"}],"about":[{"href":"http:\/\/klubmamgdynia.pl\/index.php\/wp-json\/wp\/v2\/types\/product"}],"replies":[{"embeddable":true,"href":"http:\/\/klubmamgdynia.pl\/index.php\/wp-json\/wp\/v2\/comments?post=149"}],"wp:featuredmedia":[{"embeddable":true,"href":"http:\/\/klubmamgdynia.pl\/index.php\/wp-json\/wp\/v2\/media\/151"}],"wp:attachment":[{"href":"http:\/\/klubmamgdynia.pl\/index.php\/wp-json\/wp\/v2\/media?parent=149"}],"wp:term":[{"taxonomy":"product_cat","embeddable":true,"href":"http:\/\/klubmamgdynia.pl\/index.php\/wp-json\/wp\/v2\/product_cat?post=149"},{"taxonomy":"product_tag","embeddable":true,"href":"http:\/\/klubmamgdynia.pl\/index.php\/wp-json\/wp\/v2\/product_tag?post=149"}],"curies":[{"name":"wp","href":"https:\/\/api.w.org\/{rel}","templated":true}]}}