{"id":1490,"date":"2012-11-19T20:12:48","date_gmt":"2012-11-19T19:12:48","guid":{"rendered":"http:\/\/klubmamgdynia.pl\/index.php\/produkt\/leotec-tablica-interaktywna-sketchboard-kolor-zielony-85-ekran-lcd\/"},"modified":"2026-04-28T19:19:00","modified_gmt":"2026-04-28T17:19:00","slug":"leotec-tablica-interaktywna-sketchboard-kolor-zielony-85-ekran-lcd","status":"publish","type":"product","link":"http:\/\/klubmamgdynia.pl\/index.php\/produkt\/leotec-tablica-interaktywna-sketchboard-kolor-zielony-85-ekran-lcd\/","title":{"rendered":"Leotec Tablica Interaktywna Sketchboard Kolor Zielony 8,5&#8243; Ekran Lcd"},"content":{"rendered":"<p>Wr\u00f3\u0107 do biura nie zapominaj\u0105c niczego! Kupuj Tablica Interaktywna LEOTEC SKETCHBOARD Kolor Zielony 8,5&#8243; Ekran LCD i nich koledzy Ci zazdroszcz\u0105!W\u0142a\u015bciwo\u015bci: Ekran LCDEkran: 8,5&#8243;Kolor: Kolor ZielonyCzarny\/ZielonyWaga: 1,98 KgZawiera: Podr\u0119cznik u\u017cytkownikaNie zawiera: Myszka&#8230;<\/p>\n<h2>Leotec Tablica Interaktywna Sketchboard Kolor Zielony 8,5&#8243; Ekran Lcd <\/h2>\n<p>nadia imi\u0119, kwiecien plecien, trudne zagadki, cytat o rodzinie, znajd\u017a r\u00f3\u017cnice, zabawy z pi\u0142k\u0105 dla dzieci, tekst kolysanek<\/p>\n<p>yyyyy<\/p>\n<p>&nbsp;<\/p>\n","protected":false},"excerpt":{"rendered":"<p>Wr\u00f3\u0107 do biura nie zapominaj\u0105c niczego! Kupuj Tablica Interaktywna LEOTEC SKETCHBOARD Kolor Zielony 8,5&#8243; Ekran LCD i nich koledzy Ci zazdroszcz\u0105!W\u0142a\u015bciwo\u015bci: Ekran LCDEkran: 8,5&#8243;Kolor: Kolor ZielonyCzarny\/ZielonyWaga: 1,98 KgZawiera: Podr\u0119cznik u\u017cytkownikaNie zawiera: Myszka&#8230; Leotec Tablica Interaktywna Sketchboard Kolor Zielony 8,5&#8243; Ekran Lcd nadia imi\u0119, kwiecien plecien, trudne zagadki, cytat o rodzinie, znajd\u017a r\u00f3\u017cnice, zabawy z pi\u0142k\u0105 [&hellip;]<\/p>\n","protected":false},"featured_media":1491,"comment_status":"closed","ping_status":"open","template":"","meta":[],"product_cat":[39],"product_tag":[730,842,643,835,679,708],"class_list":["post-1490","product","type-product","status-publish","has-post-thumbnail","hentry","product_cat-zabawki-interaktywne","product_tag-karyna","product_tag-plac-zabaw-poznan","product_tag-prezent-dla-17-latki","product_tag-radosc-dziecka-cytaty","product_tag-zabawki-na-roczek-dla-dziewczynki","product_tag-zabawy-ruchowe-dla-dzieci"],"_links":{"self":[{"href":"http:\/\/klubmamgdynia.pl\/index.php\/wp-json\/wp\/v2\/product\/1490","targetHints":{"allow":["GET"]}}],"collection":[{"href":"http:\/\/klubmamgdynia.pl\/index.php\/wp-json\/wp\/v2\/product"}],"about":[{"href":"http:\/\/klubmamgdynia.pl\/index.php\/wp-json\/wp\/v2\/types\/product"}],"replies":[{"embeddable":true,"href":"http:\/\/klubmamgdynia.pl\/index.php\/wp-json\/wp\/v2\/comments?post=1490"}],"wp:featuredmedia":[{"embeddable":true,"href":"http:\/\/klubmamgdynia.pl\/index.php\/wp-json\/wp\/v2\/media\/1491"}],"wp:attachment":[{"href":"http:\/\/klubmamgdynia.pl\/index.php\/wp-json\/wp\/v2\/media?parent=1490"}],"wp:term":[{"taxonomy":"product_cat","embeddable":true,"href":"http:\/\/klubmamgdynia.pl\/index.php\/wp-json\/wp\/v2\/product_cat?post=1490"},{"taxonomy":"product_tag","embeddable":true,"href":"http:\/\/klubmamgdynia.pl\/index.php\/wp-json\/wp\/v2\/product_tag?post=1490"}],"curies":[{"name":"wp","href":"https:\/\/api.w.org\/{rel}","templated":true}]}}