{"id":1494,"date":"2011-07-31T17:22:58","date_gmt":"2011-07-31T15:22:58","guid":{"rendered":"http:\/\/klubmamgdynia.pl\/index.php\/produkt\/szaron-jezus-kamien-wegielny\/"},"modified":"2026-04-06T03:08:06","modified_gmt":"2026-04-06T01:08:06","slug":"szaron-jezus-kamien-wegielny","status":"publish","type":"product","link":"http:\/\/klubmamgdynia.pl\/index.php\/produkt\/szaron-jezus-kamien-wegielny\/","title":{"rendered":"Szaron Jezus Kamie\u0144 W\u0119gielny"},"content":{"rendered":"<p>Jezus zgromadzi\u0142 wok\u00f3\u0142 siebie 12 przyjaci\u00f3\u0142.Sp\u0119dzali razem bardzo du\u017co czasu. Uczniowie przygl\u0105dali si\u0119 Jezusowi. Pomagali Mistrzowi w ziemskiej s\u0142u\u017cbie i przygotowywali si\u0119 do tego, by p\u00f3j\u015b\u0107 w Jego \u015blady.Zapro\u015b swoj\u0105 rodzin\u0119 i przyjaci\u00f3\u0142 do wci\u0105gaj\u0105cej gry. Do\u0142\u0105czcie do grona przyjaci\u00f3\u0142 Jezusa i poznajcie ka\u017cdego z 12 aposto\u0142\u00f3w. Razem uczcie si\u0119, by\u0107 jak Jezus. Dobra zabawa gwarantowana!Wspania\u0142a zabawaGra &#8222;Jezus kamie\u0144 w\u0119gielny&#8221; opiera si\u0119 na bardzo prostych zasadach, kt\u00f3rych z \u0142atwo\u015bci\u0105 nauczy si\u0119 ju\u017c 4 latek. Jednocze\u015bnie jest na tyle ciekawa, \u017ce z przyjemno\u015bci\u0105 zagra w ni\u0105 r\u00f3wnie\u017c osoba doros\u0142a.Biblijne warto\u015bci edukacyjneProdukt zawiera karty, dzi\u0119ki kt\u00f3rym dziecko zapami\u0119ta imiona 12 aposto\u0142\u00f3w. W pude\u0142ku znajduj\u0105 si\u0119 r\u00f3wnie\u017c karty z bardzo kr\u00f3tkim opisem wszystkich z nich. B\u0119d\u0105 mog\u0142y by\u0107 one zach\u0119t\u0105 do poznawania biblijnych historii przez dzieci.Ponadczasowe przes\u0142anieG\u0142\u00f3wne przes\u0142anie gry stanowi to, \u017ce Jezus jest fundamentem, na kt\u00f3rym warto budowa\u0107 swoje \u017cycie. Wierzymy, \u017ce gra poza sposobno\u015bci\u0105 do dobrej zabawy mo\u017ce by\u0107 te\u017c dla rodzic\u00f3w pretekstem do rozm\u00f3w o prawdach zwi\u0105zanych z ewangeli\u0105. NAZWA JEZUS KAMIE\u0143 W\u0118GIELNY &#8211; GRA KARCIANA PRODUCENT SZARON EAN 5902574168474 Znajd\u017a podobne wed\u0142ug klucza: SZARON GRA GRA_KARCIANA (478181)<\/p>\n<h2>Szaron Jezus Kamie\u0144 W\u0119gielny Szaron<\/h2>\n<p>stare wierszyki dla dzieci, maski do wydruku, kolorowanka antystresowa, otto, bajka na dobranoc do czytania, \u015bmieszne kanapki kanapki dla dzieci, janusz korczak cytaty, kolorowanka flamingi, misie z bajek, kolorowanka wr\u00f3\u017cka, atrakcje dla dzieci wroc\u0142aw i okolice, mia imi\u0119<\/p>\n<p>yyyyy<\/p>\n<p>&nbsp;<\/p>\n","protected":false},"excerpt":{"rendered":"<p>Jezus zgromadzi\u0142 wok\u00f3\u0142 siebie 12 przyjaci\u00f3\u0142.Sp\u0119dzali razem bardzo du\u017co czasu. Uczniowie przygl\u0105dali si\u0119 Jezusowi. Pomagali Mistrzowi w ziemskiej s\u0142u\u017cbie i przygotowywali si\u0119 do tego, by p\u00f3j\u015b\u0107 w Jego \u015blady.Zapro\u015b swoj\u0105 rodzin\u0119 i przyjaci\u00f3\u0142 do wci\u0105gaj\u0105cej gry. Do\u0142\u0105czcie do grona przyjaci\u00f3\u0142 Jezusa i poznajcie ka\u017cdego z 12 aposto\u0142\u00f3w. Razem uczcie si\u0119, by\u0107 jak Jezus. Dobra zabawa [&hellip;]<\/p>\n","protected":false},"featured_media":1495,"comment_status":"closed","ping_status":"open","template":"","meta":[],"product_cat":[130,417],"product_tag":[686,822,778],"class_list":["post-1494","product","type-product","status-publish","has-post-thumbnail","hentry","product_cat-gry-dzieciece","product_cat-szaron","product_tag-co-na-roczek-dla-chlopca","product_tag-wierszyki-o-wakacjach-krotkie","product_tag-zabawki-na-roczek-dla-chlopca"],"_links":{"self":[{"href":"http:\/\/klubmamgdynia.pl\/index.php\/wp-json\/wp\/v2\/product\/1494","targetHints":{"allow":["GET"]}}],"collection":[{"href":"http:\/\/klubmamgdynia.pl\/index.php\/wp-json\/wp\/v2\/product"}],"about":[{"href":"http:\/\/klubmamgdynia.pl\/index.php\/wp-json\/wp\/v2\/types\/product"}],"replies":[{"embeddable":true,"href":"http:\/\/klubmamgdynia.pl\/index.php\/wp-json\/wp\/v2\/comments?post=1494"}],"wp:featuredmedia":[{"embeddable":true,"href":"http:\/\/klubmamgdynia.pl\/index.php\/wp-json\/wp\/v2\/media\/1495"}],"wp:attachment":[{"href":"http:\/\/klubmamgdynia.pl\/index.php\/wp-json\/wp\/v2\/media?parent=1494"}],"wp:term":[{"taxonomy":"product_cat","embeddable":true,"href":"http:\/\/klubmamgdynia.pl\/index.php\/wp-json\/wp\/v2\/product_cat?post=1494"},{"taxonomy":"product_tag","embeddable":true,"href":"http:\/\/klubmamgdynia.pl\/index.php\/wp-json\/wp\/v2\/product_tag?post=1494"}],"curies":[{"name":"wp","href":"https:\/\/api.w.org\/{rel}","templated":true}]}}